{"id":1849,"date":"2024-12-29T06:35:26","date_gmt":"2024-12-29T06:35:26","guid":{"rendered":"https:\/\/parashopnarimel.com\/?post_type=product&#038;p=1849"},"modified":"2025-01-19T11:16:04","modified_gmt":"2025-01-19T11:16:04","slug":"cosrx-le-serum-acide-hyaluronique-3-20ml","status":"publish","type":"product","link":"https:\/\/parashopnarimel.com\/ar\/product\/cosrx-le-serum-acide-hyaluronique-3-20ml\/","title":{"rendered":"COSRX Le S\u00e9rum Acide Hyaluronique 3 20ml"},"content":{"rendered":"<p>S\u00e9rum hautement concentr\u00e9 \u00e0 3 % d\u2019acide hyaluronique qui hydrate, repulpe, apaise et soutient la barri\u00e8re d\u2019hydratation de la peau.<br \/>\nR\u00e9sultats cliniques<br \/>\n\u2013 augmente imm\u00e9diatement la teneur en humidit\u00e9 de la peau externe (humidit\u00e9 externe) 223,95 %<br \/>\n\u2013 augmente imm\u00e9diatement la teneur en humidit\u00e9 interne de la peau (humidit\u00e9 interne) 16,35 %<br \/>\nBienfaits<br \/>\n\u2013 Infuse l\u2019hydratation<br \/>\n\u2013 Renforce la barri\u00e8re cutan\u00e9e<br \/>\n\u2013 Retient l\u2019hydratation<br \/>\n\u2013 Repulpe la peau<br \/>\n\u2013 Fournit un \u00e9clat hydratant au teint<br \/>\nCibles<br \/>\n\u2013 Peau s\u00e8che et d\u00e9shydrat\u00e9e<br \/>\n\u2013 Peau squameuse<br \/>\n\u2013 Le maquillage s\u2019agglutine et adh\u00e8re aux zones s\u00e8ches<br \/>\n\u2013 Vous recherchez un s\u00e9rum \u00e0 haute efficacit\u00e9 pour emprisonner l\u2019hydratation<\/p>","protected":false},"excerpt":{"rendered":"<p>S\u00e9rum hautement concentr\u00e9 \u00e0 3 % d\u2019acide hyaluronique qui hydrate, repulpe, apaise et soutient la barri\u00e8re d\u2019hydratation de la peau.<\/p>","protected":false},"featured_media":1928,"comment_status":"open","ping_status":"closed","template":"","meta":[],"product_brand":[],"product_cat":[96,2906],"product_tag":[],"class_list":{"0":"post-1849","1":"product","2":"type-product","3":"status-publish","4":"has-post-thumbnail","6":"product_cat-non-classe","7":"product_cat-serums","9":"first","10":"instock","11":"shipping-taxable","12":"purchasable","13":"product-type-simple"},"_links":{"self":[{"href":"https:\/\/parashopnarimel.com\/ar\/wp-json\/wp\/v2\/product\/1849","targetHints":{"allow":["GET"]}}],"collection":[{"href":"https:\/\/parashopnarimel.com\/ar\/wp-json\/wp\/v2\/product"}],"about":[{"href":"https:\/\/parashopnarimel.com\/ar\/wp-json\/wp\/v2\/types\/product"}],"replies":[{"embeddable":true,"href":"https:\/\/parashopnarimel.com\/ar\/wp-json\/wp\/v2\/comments?post=1849"}],"version-history":[{"count":1,"href":"https:\/\/parashopnarimel.com\/ar\/wp-json\/wp\/v2\/product\/1849\/revisions"}],"predecessor-version":[{"id":1929,"href":"https:\/\/parashopnarimel.com\/ar\/wp-json\/wp\/v2\/product\/1849\/revisions\/1929"}],"wp:featuredmedia":[{"embeddable":true,"href":"https:\/\/parashopnarimel.com\/ar\/wp-json\/wp\/v2\/media\/1928"}],"wp:attachment":[{"href":"https:\/\/parashopnarimel.com\/ar\/wp-json\/wp\/v2\/media?parent=1849"}],"wp:term":[{"taxonomy":"product_brand","embeddable":true,"href":"https:\/\/parashopnarimel.com\/ar\/wp-json\/wp\/v2\/product_brand?post=1849"},{"taxonomy":"product_cat","embeddable":true,"href":"https:\/\/parashopnarimel.com\/ar\/wp-json\/wp\/v2\/product_cat?post=1849"},{"taxonomy":"product_tag","embeddable":true,"href":"https:\/\/parashopnarimel.com\/ar\/wp-json\/wp\/v2\/product_tag?post=1849"}],"curies":[{"name":"wp","href":"https:\/\/api.w.org\/{rel}","templated":true}]}}