{"id":1889,"date":"2024-12-29T06:36:14","date_gmt":"2024-12-29T06:36:14","guid":{"rendered":"https:\/\/parashopnarimel.com\/?post_type=product&#038;p=1889"},"modified":"2025-05-22T11:46:24","modified_gmt":"2025-05-22T11:46:24","slug":"avene-cicalfate-gel-cicatrice-30ml","status":"publish","type":"product","link":"https:\/\/parashopnarimel.com\/ar\/product\/avene-cicalfate-gel-cicatrice-30ml\/","title":{"rendered":"Av\u00e8ne \u2013 Cicalfate+ Gel Cicatrice 30ml"},"content":{"rendered":"<p>est sp\u00e9cialement formul\u00e9 pour agir sur les cicatrices et en am\u00e9liorer l\u2019aspect. Il va par ailleurs assainir la peau et l\u2019apaiser.<br \/>\nCe gel s\u2019applique sur la peau dont l\u2019\u00e9piderme est reconstitu\u00e9.<br \/>\nCe qui explique l\u2019efficacit\u00e9 de ce gel, c\u2019est sa formulation associant des silicones, de l\u2019acide hyaluronique et l\u2019actif brevet\u00e9 [C+-Restore].<br \/>\nLes silicones am\u00e9liorent le processus de cicatrisation et r\u00e9gulent l\u2019inflammation. L\u2019acide hyaluronique est pr\u00e9sent \u00e0 l\u2019\u00e9tat naturel dans l\u2019organisme et il joue un r\u00f4le pr\u00e9pond\u00e9rant dans la cicatrisation.<\/p>","protected":false},"excerpt":{"rendered":"<p>est sp\u00e9cialement formul\u00e9 pour agir sur les cicatrices et en am\u00e9liorer l\u2019aspect. Il va par ailleurs assainir la peau et l\u2019apaiser.<br \/>\nCe gel s\u2019applique sur la peau dont l\u2019\u00e9piderme est reconstitu\u00e9.<br \/>\nCe qui explique l\u2019efficacit\u00e9 de ce gel, c\u2019est sa formulation associant des silicones, de l\u2019acide hyaluronique et l\u2019actif brevet\u00e9 [C+-Restore].<br \/>\nLes silicones am\u00e9liorent le processus de cicatrisation et r\u00e9gulent l\u2019inflammation. L\u2019acide hyaluronique est pr\u00e9sent \u00e0 l\u2019\u00e9tat naturel dans l\u2019organisme et il joue un r\u00f4le pr\u00e9pond\u00e9rant dans la cicatrisation.<\/p>\n<p>Indications :<\/p>","protected":false},"featured_media":1963,"comment_status":"open","ping_status":"closed","template":"","meta":[],"product_brand":[],"product_cat":[96],"product_tag":[],"class_list":{"0":"post-1889","1":"product","2":"type-product","3":"status-publish","4":"has-post-thumbnail","6":"product_cat-non-classe","8":"first","9":"outofstock","10":"shipping-taxable","11":"purchasable","12":"product-type-simple"},"_links":{"self":[{"href":"https:\/\/parashopnarimel.com\/ar\/wp-json\/wp\/v2\/product\/1889","targetHints":{"allow":["GET"]}}],"collection":[{"href":"https:\/\/parashopnarimel.com\/ar\/wp-json\/wp\/v2\/product"}],"about":[{"href":"https:\/\/parashopnarimel.com\/ar\/wp-json\/wp\/v2\/types\/product"}],"replies":[{"embeddable":true,"href":"https:\/\/parashopnarimel.com\/ar\/wp-json\/wp\/v2\/comments?post=1889"}],"version-history":[{"count":2,"href":"https:\/\/parashopnarimel.com\/ar\/wp-json\/wp\/v2\/product\/1889\/revisions"}],"predecessor-version":[{"id":8216,"href":"https:\/\/parashopnarimel.com\/ar\/wp-json\/wp\/v2\/product\/1889\/revisions\/8216"}],"wp:featuredmedia":[{"embeddable":true,"href":"https:\/\/parashopnarimel.com\/ar\/wp-json\/wp\/v2\/media\/1963"}],"wp:attachment":[{"href":"https:\/\/parashopnarimel.com\/ar\/wp-json\/wp\/v2\/media?parent=1889"}],"wp:term":[{"taxonomy":"product_brand","embeddable":true,"href":"https:\/\/parashopnarimel.com\/ar\/wp-json\/wp\/v2\/product_brand?post=1889"},{"taxonomy":"product_cat","embeddable":true,"href":"https:\/\/parashopnarimel.com\/ar\/wp-json\/wp\/v2\/product_cat?post=1889"},{"taxonomy":"product_tag","embeddable":true,"href":"https:\/\/parashopnarimel.com\/ar\/wp-json\/wp\/v2\/product_tag?post=1889"}],"curies":[{"name":"wp","href":"https:\/\/api.w.org\/{rel}","templated":true}]}}