{"id":1959,"date":"2024-12-29T06:37:17","date_gmt":"2024-12-29T06:37:17","guid":{"rendered":"https:\/\/parashopnarimel.com\/?post_type=product&#038;p=1959"},"modified":"2025-01-19T11:17:38","modified_gmt":"2025-01-19T11:17:38","slug":"mielle-shampooing-fortifiant-romarin-et-menthe-355-ml","status":"publish","type":"product","link":"https:\/\/parashopnarimel.com\/ar\/product\/mielle-shampooing-fortifiant-romarin-et-menthe-355-ml\/","title":{"rendered":"Mielle, Shampooing fortifiant, Romarin et menthe, 355 ml"},"content":{"rendered":"<p>Infus\u00e9 \u00e0 la biotine &amp; Favorise la croissance<\/p>\n<p>Profitez-en\u00a0!<br \/>\nNourrissez et nettoyez instantan\u00e9ment les cheveux secs, fragiles et cassants avec ce shampooing fortifiant pour les picotements du cuir chevelu. Le shampooing fortifiant au romarin et \u00e0 la menthe MIELLE\u00ae a \u00e9t\u00e9 d\u00e9velopp\u00e9 pour nettoyer en douceur tout en fournissant des nutriments cl\u00e9s et une hydratation intense aux cheveux avec un glissement in\u00e9gal\u00e9.<br \/>\nNotre histoire<br \/>\nMIELLE\u00ae a \u00e9t\u00e9 cr\u00e9\u00e9e par Monique Rodriguez, une infirmi\u00e8re dipl\u00f4m\u00e9e, \u00e9pouse et m\u00e8re de deux filles, qui souhaitait partager son parcours capillaire en bonne sant\u00e9 en utilisant des produits contenant des ingr\u00e9dients biologiques pour obtenir des r\u00e9sultats \u00e9tonnants. Elle connaissait l\u2019importance de savoir ce que contiennent vos produits et souhaitait cr\u00e9er des options plus saines pour toute la famille. Le r\u00e9sultat est une marque qui vous propose des produits naturels et efficaces.<\/p>","protected":false},"excerpt":{"rendered":"<p>Infus\u00e9 \u00e0 la biotine &amp; Favorise la croissance<\/p>\n<p>Profitez-en\u00a0!<br \/>\nNourrissez et nettoyez instantan\u00e9ment les cheveux secs, fragiles et cassants avec ce shampooing fortifiant pour les picotements du cuir chevelu. Le shampooing fortifiant au romarin et \u00e0 la menthe MIELLE\u00ae a \u00e9t\u00e9 d\u00e9velopp\u00e9 pour nettoyer en douceur tout en fournissant des nutriments cl\u00e9s et une hydratation intense aux cheveux avec un glissement in\u00e9gal\u00e9.<br \/>\nNotre histoire<br \/>\nMIELLE\u00ae a \u00e9t\u00e9 cr\u00e9\u00e9e par Monique Rodriguez, une infirmi\u00e8re dipl\u00f4m\u00e9e, \u00e9pouse et m\u00e8re de deux filles, qui souhaitait partager son parcours capillaire en bonne sant\u00e9 en utilisant des produits contenant des ingr\u00e9dients biologiques pour obtenir des r\u00e9sultats \u00e9tonnants. Elle connaissait l\u2019importance de savoir ce que contiennent vos produits et souhaitait cr\u00e9er des options plus saines pour toute la famille. Le r\u00e9sultat est une marque qui vous propose des produits naturels et efficaces.<\/p>","protected":false},"featured_media":2045,"comment_status":"open","ping_status":"closed","template":"","meta":[],"product_brand":[],"product_cat":[1361],"product_tag":[],"class_list":{"0":"post-1959","1":"product","2":"type-product","3":"status-publish","4":"has-post-thumbnail","6":"product_cat-shampoings-pellicules-anti-chute","8":"first","9":"instock","10":"shipping-taxable","11":"purchasable","12":"product-type-simple"},"_links":{"self":[{"href":"https:\/\/parashopnarimel.com\/ar\/wp-json\/wp\/v2\/product\/1959","targetHints":{"allow":["GET"]}}],"collection":[{"href":"https:\/\/parashopnarimel.com\/ar\/wp-json\/wp\/v2\/product"}],"about":[{"href":"https:\/\/parashopnarimel.com\/ar\/wp-json\/wp\/v2\/types\/product"}],"replies":[{"embeddable":true,"href":"https:\/\/parashopnarimel.com\/ar\/wp-json\/wp\/v2\/comments?post=1959"}],"version-history":[{"count":2,"href":"https:\/\/parashopnarimel.com\/ar\/wp-json\/wp\/v2\/product\/1959\/revisions"}],"predecessor-version":[{"id":11980,"href":"https:\/\/parashopnarimel.com\/ar\/wp-json\/wp\/v2\/product\/1959\/revisions\/11980"}],"wp:featuredmedia":[{"embeddable":true,"href":"https:\/\/parashopnarimel.com\/ar\/wp-json\/wp\/v2\/media\/2045"}],"wp:attachment":[{"href":"https:\/\/parashopnarimel.com\/ar\/wp-json\/wp\/v2\/media?parent=1959"}],"wp:term":[{"taxonomy":"product_brand","embeddable":true,"href":"https:\/\/parashopnarimel.com\/ar\/wp-json\/wp\/v2\/product_brand?post=1959"},{"taxonomy":"product_cat","embeddable":true,"href":"https:\/\/parashopnarimel.com\/ar\/wp-json\/wp\/v2\/product_cat?post=1959"},{"taxonomy":"product_tag","embeddable":true,"href":"https:\/\/parashopnarimel.com\/ar\/wp-json\/wp\/v2\/product_tag?post=1959"}],"curies":[{"name":"wp","href":"https:\/\/api.w.org\/{rel}","templated":true}]}}