{"id":1960,"date":"2024-12-29T06:37:17","date_gmt":"2024-12-29T06:37:17","guid":{"rendered":"https:\/\/parashopnarimel.com\/?post_type=product&#038;p=1960"},"modified":"2025-06-17T16:15:38","modified_gmt":"2025-06-17T16:15:38","slug":"klorane-bebe-70-lingettes-nettoyantes-douces-bebe-klorane","status":"publish","type":"product","link":"https:\/\/parashopnarimel.com\/ar\/product\/klorane-bebe-70-lingettes-nettoyantes-douces-bebe-klorane\/","title":{"rendered":"Klorane B\u00e9b\u00e9 70 Lingettes nettoyantes douces b\u00e9b\u00e9 Klorane"},"content":{"rendered":"<p>Les lingettes nettoyantes douces Klorane b\u00e9b\u00e9 sont sp\u00e9cialement con\u00e7ues pour les soins du visage et des mains de b\u00e9b\u00e9. Elles sont formul\u00e9es \u00e0 base de calendula et nettoient en douceur, hydratent et adoucissent la peau fragile de b\u00e9b\u00e9 tout en la prot\u00e9geant du dess\u00e8chement.<\/p>","protected":false},"excerpt":{"rendered":"<p>Les lingettes nettoyantes douces Klorane b\u00e9b\u00e9 sont sp\u00e9cialement con\u00e7ues pour les soins du visage et des mains de b\u00e9b\u00e9. Elles sont formul\u00e9es \u00e0 base de calendula et nettoient en douceur, hydratent et adoucissent la peau fragile de b\u00e9b\u00e9 tout en la prot\u00e9geant du dess\u00e8chement.<\/p>","protected":false},"featured_media":2047,"comment_status":"open","ping_status":"closed","template":"","meta":[],"product_brand":[],"product_cat":[76],"product_tag":[],"class_list":{"0":"post-1960","1":"product","2":"type-product","3":"status-publish","4":"has-post-thumbnail","6":"product_cat-bebe-et-maman","8":"first","9":"instock","10":"shipping-taxable","11":"purchasable","12":"product-type-simple"},"_links":{"self":[{"href":"https:\/\/parashopnarimel.com\/ar\/wp-json\/wp\/v2\/product\/1960","targetHints":{"allow":["GET"]}}],"collection":[{"href":"https:\/\/parashopnarimel.com\/ar\/wp-json\/wp\/v2\/product"}],"about":[{"href":"https:\/\/parashopnarimel.com\/ar\/wp-json\/wp\/v2\/types\/product"}],"replies":[{"embeddable":true,"href":"https:\/\/parashopnarimel.com\/ar\/wp-json\/wp\/v2\/comments?post=1960"}],"version-history":[{"count":1,"href":"https:\/\/parashopnarimel.com\/ar\/wp-json\/wp\/v2\/product\/1960\/revisions"}],"predecessor-version":[{"id":2048,"href":"https:\/\/parashopnarimel.com\/ar\/wp-json\/wp\/v2\/product\/1960\/revisions\/2048"}],"wp:featuredmedia":[{"embeddable":true,"href":"https:\/\/parashopnarimel.com\/ar\/wp-json\/wp\/v2\/media\/2047"}],"wp:attachment":[{"href":"https:\/\/parashopnarimel.com\/ar\/wp-json\/wp\/v2\/media?parent=1960"}],"wp:term":[{"taxonomy":"product_brand","embeddable":true,"href":"https:\/\/parashopnarimel.com\/ar\/wp-json\/wp\/v2\/product_brand?post=1960"},{"taxonomy":"product_cat","embeddable":true,"href":"https:\/\/parashopnarimel.com\/ar\/wp-json\/wp\/v2\/product_cat?post=1960"},{"taxonomy":"product_tag","embeddable":true,"href":"https:\/\/parashopnarimel.com\/ar\/wp-json\/wp\/v2\/product_tag?post=1960"}],"curies":[{"name":"wp","href":"https:\/\/api.w.org\/{rel}","templated":true}]}}