{"id":1975,"date":"2024-12-29T06:37:38","date_gmt":"2024-12-29T06:37:38","guid":{"rendered":"https:\/\/parashopnarimel.com\/?post_type=product&#038;p=1975"},"modified":"2025-01-19T11:18:30","modified_gmt":"2025-01-19T11:18:30","slug":"cerave-sa-creme-anti-rugosites-340g","status":"publish","type":"product","link":"https:\/\/parashopnarimel.com\/ar\/product\/cerave-sa-creme-anti-rugosites-340g\/","title":{"rendered":"CeraVe SA Cr\u00e8me Anti-Rugosit\u00e9s 340g"},"content":{"rendered":"<p>Vous avez la\u00a0peau s\u00e8che,\u00a0rugueuse, squameuse\u00a0? Lorsque la peau est\u00a0tr\u00e8s s\u00e8che, elle peut pr\u00e9senter un aspect craquel\u00e9 et \u00eatre source de rougeurs, irritations et\u00a0d\u00e9mangeaisons. Pour la soulager et restaurer sa souplesse et sa douceur, utilisez la\u00a0SA\u00a0Cr\u00e8me Anti-Rugosit\u00e9s CeraVe.<br \/>\nLa\u00a0SA\u00a0Cr\u00e8me Anti-Rugosit\u00e9s\u00a0de\u00a0CeraVe\u00a0r\u00e9alise une triple action sur la peau s\u00e8che, sujette aux rugosit\u00e9s et aux desquamations\u00a0:<\/p>\n<p>elle hydrate<br \/>\nelle lisse<br \/>\nelle restaure la barri\u00e8re cutan\u00e9e<\/p>\n<p>Sans parfum, non-com\u00e9dog\u00e8ne et hypoallerg\u00e9nique, cette cr\u00e8me pour le corps est adapt\u00e9e \u00e0 la\u00a0peau sensible. D\u00e9barrassez-vous de votre peau rugueuse et retrouver un \u00e9piderme hydrat\u00e9, \u00e9clatant et velout\u00e9\u00a0!<br \/>\nUne formule enrichie en ur\u00e9e et en c\u00e9ramides<br \/>\nPour restaurer la qualit\u00e9 de la peau tr\u00e8s s\u00e8che, renforcer sa protection naturelle et lui rendre un aspect homog\u00e8ne, la\u00a0SA\u00a0Cr\u00e8me Anti-Rugosit\u00e9s\u00a0de\u00a0CeraVe\u00a0pr\u00e9sente une formule sp\u00e9cifiquement adapt\u00e9e aux peaux rugueuses\u00a0:<\/p>\n<p>C\u00e9ramides 1, 3, 6-II\u00a0: ces 3 c\u00e9ramides essentiels, des lipides constituants de la barri\u00e8re cutan\u00e9e, permettent de renforcer sa r\u00e9sistance et sa souplesse. Ils aident \u00e0 lier les tissus cutan\u00e9s et \u00e0 limiter la desquamation.<br \/>\n10% d\u2019ur\u00e9e\u00a0: \u00e0 la fois hydratante et k\u00e9ratolytique, l\u2019ur\u00e9e permet de r\u00e9hydrater la peau dess\u00e9ch\u00e9e et d\u2019\u00f4ter les desquamations en exc\u00e8s.<br \/>\nAcide salicylique\u00a0: anti-irritations et anti-inflammatoire, l\u2019acide salicylique r\u00e9alise une action exfoliante douce et gomme la peau en profondeur pour la d\u00e9barrasser des peaux mortes et stimuler son renouvellement.<\/p>","protected":false},"excerpt":{"rendered":"<p>Vous avez la\u00a0peau s\u00e8che,\u00a0rugueuse, squameuse\u00a0? Lorsque la peau est\u00a0tr\u00e8s s\u00e8che, elle peut pr\u00e9senter un aspect craquel\u00e9 et \u00eatre source de rougeurs, irritations et\u00a0d\u00e9mangeaisons. Pour la soulager et restaurer sa souplesse et sa douceur, utilisez la\u00a0SA\u00a0Cr\u00e8me Anti-Rugosit\u00e9s CeraVe.<\/p>","protected":false},"featured_media":2049,"comment_status":"open","ping_status":"closed","template":"","meta":[],"product_brand":[],"product_cat":[29,2911],"product_tag":[],"class_list":{"0":"post-1975","1":"product","2":"type-product","3":"status-publish","4":"has-post-thumbnail","6":"product_cat-creme","7":"product_cat-creme-corps","9":"first","10":"instock","11":"sale","12":"shipping-taxable","13":"purchasable","14":"product-type-simple"},"_links":{"self":[{"href":"https:\/\/parashopnarimel.com\/ar\/wp-json\/wp\/v2\/product\/1975","targetHints":{"allow":["GET"]}}],"collection":[{"href":"https:\/\/parashopnarimel.com\/ar\/wp-json\/wp\/v2\/product"}],"about":[{"href":"https:\/\/parashopnarimel.com\/ar\/wp-json\/wp\/v2\/types\/product"}],"replies":[{"embeddable":true,"href":"https:\/\/parashopnarimel.com\/ar\/wp-json\/wp\/v2\/comments?post=1975"}],"version-history":[{"count":1,"href":"https:\/\/parashopnarimel.com\/ar\/wp-json\/wp\/v2\/product\/1975\/revisions"}],"predecessor-version":[{"id":2050,"href":"https:\/\/parashopnarimel.com\/ar\/wp-json\/wp\/v2\/product\/1975\/revisions\/2050"}],"wp:featuredmedia":[{"embeddable":true,"href":"https:\/\/parashopnarimel.com\/ar\/wp-json\/wp\/v2\/media\/2049"}],"wp:attachment":[{"href":"https:\/\/parashopnarimel.com\/ar\/wp-json\/wp\/v2\/media?parent=1975"}],"wp:term":[{"taxonomy":"product_brand","embeddable":true,"href":"https:\/\/parashopnarimel.com\/ar\/wp-json\/wp\/v2\/product_brand?post=1975"},{"taxonomy":"product_cat","embeddable":true,"href":"https:\/\/parashopnarimel.com\/ar\/wp-json\/wp\/v2\/product_cat?post=1975"},{"taxonomy":"product_tag","embeddable":true,"href":"https:\/\/parashopnarimel.com\/ar\/wp-json\/wp\/v2\/product_tag?post=1975"}],"curies":[{"name":"wp","href":"https:\/\/api.w.org\/{rel}","templated":true}]}}