{"id":1976,"date":"2024-12-29T06:37:38","date_gmt":"2024-12-29T06:37:38","guid":{"rendered":"https:\/\/parashopnarimel.com\/?post_type=product&#038;p=1976"},"modified":"2025-01-19T11:18:54","modified_gmt":"2025-01-19T11:18:54","slug":"cosrx-double-essence-avancee-declat-descargot-80ml","status":"publish","type":"product","link":"https:\/\/parashopnarimel.com\/ar\/product\/cosrx-double-essence-avancee-declat-descargot-80ml\/","title":{"rendered":"COSRX Double essence avanc\u00e9e d\u2019\u00e9clat d\u2019escargot 80ml"},"content":{"rendered":"<p>L\u2019essence d\u2019escargot haute efficacit\u00e9 se m\u00e9lange \u00e0 l\u2019essence \u00e9clat lors du pompage pour cr\u00e9er une combinaison de soins repulpants et \u00e9claircissants.<br \/>\nAVANTAGES<br \/>\n\u2022 Repulpe<br \/>\n\u2022 \u00c9claircit<br \/>\n\u2022 Hydrate<br \/>\n\u2022 Fini non collant et rafra\u00eechissant<br \/>\nCIBLES<br \/>\n\u2022 Peau s\u00e8che et rugueuse<br \/>\n\u2022 Peau terne et fatigu\u00e9e<br \/>\n\u2022 Probl\u00e8mes de peau multiples<br \/>\n\u2022 Peau sensible ayant besoin de soins efficaces<\/p>","protected":false},"excerpt":{"rendered":"<p>L\u2019essence d\u2019escargot haute efficacit\u00e9 se m\u00e9lange \u00e0 l\u2019essence \u00e9clat lors du pompage pour cr\u00e9er une combinaison de soins repulpants et \u00e9claircissants.<br \/>\nAVANTAGES<br \/>\n\u2022 Repulpe<br \/>\n\u2022 \u00c9claircit<br \/>\n\u2022 Hydrate<br \/>\n\u2022 Fini non collant et rafra\u00eechissant<br \/>\nCIBLES<br \/>\n\u2022 Peau s\u00e8che et rugueuse<br \/>\n\u2022 Peau terne et fatigu\u00e9e<br \/>\n\u2022 Probl\u00e8mes de peau multiples<br \/>\n\u2022 Peau sensible ayant besoin de soins efficaces<\/p>","protected":false},"featured_media":2051,"comment_status":"open","ping_status":"closed","template":"","meta":[],"product_brand":[],"product_cat":[96,2906],"product_tag":[],"class_list":{"0":"post-1976","1":"product","2":"type-product","3":"status-publish","4":"has-post-thumbnail","6":"product_cat-non-classe","7":"product_cat-serums","9":"first","10":"outofstock","11":"shipping-taxable","12":"purchasable","13":"product-type-simple"},"_links":{"self":[{"href":"https:\/\/parashopnarimel.com\/ar\/wp-json\/wp\/v2\/product\/1976","targetHints":{"allow":["GET"]}}],"collection":[{"href":"https:\/\/parashopnarimel.com\/ar\/wp-json\/wp\/v2\/product"}],"about":[{"href":"https:\/\/parashopnarimel.com\/ar\/wp-json\/wp\/v2\/types\/product"}],"replies":[{"embeddable":true,"href":"https:\/\/parashopnarimel.com\/ar\/wp-json\/wp\/v2\/comments?post=1976"}],"version-history":[{"count":1,"href":"https:\/\/parashopnarimel.com\/ar\/wp-json\/wp\/v2\/product\/1976\/revisions"}],"predecessor-version":[{"id":2052,"href":"https:\/\/parashopnarimel.com\/ar\/wp-json\/wp\/v2\/product\/1976\/revisions\/2052"}],"wp:featuredmedia":[{"embeddable":true,"href":"https:\/\/parashopnarimel.com\/ar\/wp-json\/wp\/v2\/media\/2051"}],"wp:attachment":[{"href":"https:\/\/parashopnarimel.com\/ar\/wp-json\/wp\/v2\/media?parent=1976"}],"wp:term":[{"taxonomy":"product_brand","embeddable":true,"href":"https:\/\/parashopnarimel.com\/ar\/wp-json\/wp\/v2\/product_brand?post=1976"},{"taxonomy":"product_cat","embeddable":true,"href":"https:\/\/parashopnarimel.com\/ar\/wp-json\/wp\/v2\/product_cat?post=1976"},{"taxonomy":"product_tag","embeddable":true,"href":"https:\/\/parashopnarimel.com\/ar\/wp-json\/wp\/v2\/product_tag?post=1976"}],"curies":[{"name":"wp","href":"https:\/\/api.w.org\/{rel}","templated":true}]}}