{"id":1978,"date":"2024-12-29T06:37:38","date_gmt":"2024-12-29T06:37:38","guid":{"rendered":"https:\/\/parashopnarimel.com\/?post_type=product&#038;p=1978"},"modified":"2025-05-25T09:55:48","modified_gmt":"2025-05-25T09:55:48","slug":"huile-capillaire-rosemary-mint-oil-mielle-serum","status":"publish","type":"product","link":"https:\/\/parashopnarimel.com\/ar\/product\/huile-capillaire-rosemary-mint-oil-mielle-serum\/","title":{"rendered":"HUILE CAPILLAIRE ROSEMARY MINT OIL \u2013 MIELLE SERUM"},"content":{"rendered":"<p>\u2714\u00a0Enrichie en Biotine (vitamine B8)\u00a0\u2714\u00a0Revitalise le cuir chevelu\u00a0\u2714\u00a0Croissance &amp; soin des pointes<br \/>\nRosemary Mint Scalp &amp; Hair Strengthening Oil, c\u2019est un cocktail de plus de 30 huiles essentielles et actifs v\u00e9g\u00e9taux pour des cheveux plus sains, plus forts, plus longs.<br \/>\nL\u2019Huile fortifiante Romarin &amp; Menthe Poivr\u00e9e\u00a0Rosemary Mint Scalp &amp; Hair Strengthening\u00a0de Mielle Organics est formul\u00e9e pour apporter une r\u00e9ponse cibl\u00e9e aux probl\u00e8mes sp\u00e9cifiques :<\/p>\n<p>Lisser les pointes fourchues,<br \/>\nFavoriser la croissance des cheveux<br \/>\nNourrir les follicules<br \/>\nPr\u00e9venir la s\u00e9cheresse du cuir chevelu<br \/>\nCompatible cheveux color\u00e9s<\/p>\n<p>Totalement naturelle\u00a0Rosemary Mint Oil\u00a0de Mielle apporte tout ce dont vos cheveux ont besoin pour exprimer tout leur potentiel de force et de Beaut\u00e9.<br \/>\nUtilisez-la sous vos coiffures protectrices, tresses et tissages, ou en bain d\u2019huile.<br \/>\nL\u2019huile Rosemary Mint Scalp &amp; Hair Strengthening Oil sera encore plus efficace si vous la posez sous un\u00a0bonnet de soin chauffant\u00a0pour les cheveux.<\/p>","protected":false},"excerpt":{"rendered":"<p>\u2714\u00a0Enrichie en Biotine (vitamine B8)\u00a0\u2714\u00a0Revitalise le cuir chevelu\u00a0\u2714\u00a0Croissance &amp; soin des pointes<br \/>\nRosemary Mint Scalp &amp; Hair Strengthening Oil, c\u2019est un cocktail de plus de 30 huiles essentielles et actifs v\u00e9g\u00e9taux pour des cheveux plus sains, plus forts, plus longs.<br \/>\nL\u2019Huile fortifiante Romarin &amp; Menthe Poivr\u00e9e\u00a0Rosemary Mint Scalp &amp; Hair Strengthening\u00a0de Mielle Organics est formul\u00e9e pour apporter une r\u00e9ponse cibl\u00e9e aux probl\u00e8mes sp\u00e9cifiques :<\/p>\n<p>Lisser les pointes fourchues,<br \/>\nFavoriser la croissance des cheveux<br \/>\nNourrir les follicules<br \/>\nPr\u00e9venir la s\u00e9cheresse du cuir chevelu<br \/>\nCompatible cheveux color\u00e9s<\/p>\n<p>Totalement naturelle\u00a0Rosemary Mint Oil\u00a0de Mielle apporte tout ce dont vos cheveux ont besoin pour exprimer tout leur potentiel de force et de Beaut\u00e9.<br \/>\nUtilisez-la sous vos coiffures protectrices, tresses et tissages, ou en bain d\u2019huile.<br \/>\nL\u2019huile Rosemary Mint Scalp &amp; Hair Strengthening Oil sera encore plus efficace si vous la posez sous un\u00a0bonnet de soin chauffant\u00a0pour les cheveux.<\/p>","protected":false},"featured_media":2055,"comment_status":"open","ping_status":"closed","template":"","meta":[],"product_brand":[],"product_cat":[2920],"product_tag":[],"class_list":{"0":"post-1978","1":"product","2":"type-product","3":"status-publish","4":"has-post-thumbnail","6":"product_cat-huiles-et-spray","8":"first","9":"instock","10":"sale","11":"shipping-taxable","12":"purchasable","13":"product-type-simple"},"_links":{"self":[{"href":"https:\/\/parashopnarimel.com\/ar\/wp-json\/wp\/v2\/product\/1978","targetHints":{"allow":["GET"]}}],"collection":[{"href":"https:\/\/parashopnarimel.com\/ar\/wp-json\/wp\/v2\/product"}],"about":[{"href":"https:\/\/parashopnarimel.com\/ar\/wp-json\/wp\/v2\/types\/product"}],"replies":[{"embeddable":true,"href":"https:\/\/parashopnarimel.com\/ar\/wp-json\/wp\/v2\/comments?post=1978"}],"version-history":[{"count":2,"href":"https:\/\/parashopnarimel.com\/ar\/wp-json\/wp\/v2\/product\/1978\/revisions"}],"predecessor-version":[{"id":11975,"href":"https:\/\/parashopnarimel.com\/ar\/wp-json\/wp\/v2\/product\/1978\/revisions\/11975"}],"wp:featuredmedia":[{"embeddable":true,"href":"https:\/\/parashopnarimel.com\/ar\/wp-json\/wp\/v2\/media\/2055"}],"wp:attachment":[{"href":"https:\/\/parashopnarimel.com\/ar\/wp-json\/wp\/v2\/media?parent=1978"}],"wp:term":[{"taxonomy":"product_brand","embeddable":true,"href":"https:\/\/parashopnarimel.com\/ar\/wp-json\/wp\/v2\/product_brand?post=1978"},{"taxonomy":"product_cat","embeddable":true,"href":"https:\/\/parashopnarimel.com\/ar\/wp-json\/wp\/v2\/product_cat?post=1978"},{"taxonomy":"product_tag","embeddable":true,"href":"https:\/\/parashopnarimel.com\/ar\/wp-json\/wp\/v2\/product_tag?post=1978"}],"curies":[{"name":"wp","href":"https:\/\/api.w.org\/{rel}","templated":true}]}}