{"id":2017,"date":"2024-12-29T06:38:21","date_gmt":"2024-12-29T06:38:21","guid":{"rendered":"https:\/\/parashopnarimel.com\/?post_type=product&#038;p=2017"},"modified":"2025-02-03T23:08:21","modified_gmt":"2025-02-03T23:08:21","slug":"lait-creme-concentre","status":"publish","type":"product","link":"https:\/\/parashopnarimel.com\/ar\/product\/lait-creme-concentre\/","title":{"rendered":"Lait Cr\u00e8me Concentr\u00e9"},"content":{"rendered":"<p>Soin hydratant nutritif multi-fonctions qui laisse un voile de douceur et de souplesse sur toutes les peaux, m\u00eame les plus fragiles. Utilis\u00e9 et conseill\u00e9 par les maquilleurs professionnels, les actrices et les top mod\u00e8les ne jurent que par le Lait-Cr\u00e8me Concentr\u00e9 pour prendre soin de leur peau fragilis\u00e9e. Ses secrets ? \u2013 Sa composition qui va \u00e0 l\u2019essentiel : beurre de karit\u00e9 pour nourrir et adoucir l\u2019\u00e9piderme, aloe vera pour hydrater, prot\u00e9ines de soja et cire d\u2019abeille pour conserver cette hydratation. \u2013 Sa grande souplesse d\u2019utilisation : en d\u00e9maquillant pour faire peau nette en douceur, en masque express pour r\u00e9parer la peau\u2026 et en cr\u00e8me hydratante de jour comme de nuit. Bien hydrat\u00e9e, nourrie la peau retrouve son confort et son \u00e9quilibre, c\u2019est ce qui en fait une base de maquillage id\u00e9ale. Avec sa formule simple, il est LE soin hydratant multi-fonctions que les femmes du monde entier nous envient. V\u00e9ritable produit culte, il se vend un Lait-Cr\u00e8me Concentr\u00e9 toutes les 5 secondes!*<\/p>","protected":false},"excerpt":{"rendered":"<p>Soin hydratant nutritif multi-fonctions qui laisse un voile de douceur et de souplesse sur toutes les peaux, m\u00eame les plus<\/p>","protected":false},"featured_media":2092,"comment_status":"open","ping_status":"closed","template":"","meta":[],"product_brand":[],"product_cat":[96,29,2896],"product_tag":[],"class_list":{"0":"post-2017","1":"product","2":"type-product","3":"status-publish","4":"has-post-thumbnail","6":"product_cat-non-classe","7":"product_cat-creme","8":"product_cat-teint","10":"first","11":"instock","12":"sale","13":"shipping-taxable","14":"purchasable","15":"product-type-simple"},"_links":{"self":[{"href":"https:\/\/parashopnarimel.com\/ar\/wp-json\/wp\/v2\/product\/2017","targetHints":{"allow":["GET"]}}],"collection":[{"href":"https:\/\/parashopnarimel.com\/ar\/wp-json\/wp\/v2\/product"}],"about":[{"href":"https:\/\/parashopnarimel.com\/ar\/wp-json\/wp\/v2\/types\/product"}],"replies":[{"embeddable":true,"href":"https:\/\/parashopnarimel.com\/ar\/wp-json\/wp\/v2\/comments?post=2017"}],"version-history":[{"count":2,"href":"https:\/\/parashopnarimel.com\/ar\/wp-json\/wp\/v2\/product\/2017\/revisions"}],"predecessor-version":[{"id":11960,"href":"https:\/\/parashopnarimel.com\/ar\/wp-json\/wp\/v2\/product\/2017\/revisions\/11960"}],"wp:featuredmedia":[{"embeddable":true,"href":"https:\/\/parashopnarimel.com\/ar\/wp-json\/wp\/v2\/media\/2092"}],"wp:attachment":[{"href":"https:\/\/parashopnarimel.com\/ar\/wp-json\/wp\/v2\/media?parent=2017"}],"wp:term":[{"taxonomy":"product_brand","embeddable":true,"href":"https:\/\/parashopnarimel.com\/ar\/wp-json\/wp\/v2\/product_brand?post=2017"},{"taxonomy":"product_cat","embeddable":true,"href":"https:\/\/parashopnarimel.com\/ar\/wp-json\/wp\/v2\/product_cat?post=2017"},{"taxonomy":"product_tag","embeddable":true,"href":"https:\/\/parashopnarimel.com\/ar\/wp-json\/wp\/v2\/product_tag?post=2017"}],"curies":[{"name":"wp","href":"https:\/\/api.w.org\/{rel}","templated":true}]}}