{"id":2022,"date":"2024-12-29T06:38:21","date_gmt":"2024-12-29T06:38:21","guid":{"rendered":"https:\/\/parashopnarimel.com\/?post_type=product&#038;p=2022"},"modified":"2025-01-19T11:19:51","modified_gmt":"2025-01-19T11:19:51","slug":"caffeine-5-angelica-serum","status":"publish","type":"product","link":"https:\/\/parashopnarimel.com\/ar\/product\/caffeine-5-angelica-serum\/","title":{"rendered":"CAFFEINE 5% + ANGELICA SERUM"},"content":{"rendered":"<p>Cette formulation avanc\u00e9e aide \u00e0 r\u00e9duire les poches et la pigmentation autour des yeux. Cela convient \u00e0 tout type de peau.<br \/>\nLa caf\u00e9ine aide \u00e0 r\u00e9duire les cercles sombres, les ecchymoses et l\u2019enflure autour des yeux et sous les yeux.<br \/>\nAngelica est une plante end\u00e9mique nordique et poss\u00e8de des propri\u00e9t\u00e9s synchrones et antioxydantes, ce qui aide \u00e0 \u00e9galiser le teint.<\/p>","protected":false},"excerpt":{"rendered":"<p>Cette formulation avanc\u00e9e aide \u00e0 r\u00e9duire les poches et la pigmentation autour des yeux. Cela convient \u00e0 tout type de peau.<br \/>\nLa caf\u00e9ine aide \u00e0 r\u00e9duire les cercles sombres, les ecchymoses et l\u2019enflure autour des yeux et sous les yeux.<br \/>\nAngelica est une plante end\u00e9mique nordique et poss\u00e8de des propri\u00e9t\u00e9s synchrones et antioxydantes, ce qui aide \u00e0 \u00e9galiser le teint.<\/p>","protected":false},"featured_media":2102,"comment_status":"open","ping_status":"closed","template":"","meta":[],"product_brand":[],"product_cat":[96,30],"product_tag":[],"class_list":{"0":"post-2022","1":"product","2":"type-product","3":"status-publish","4":"has-post-thumbnail","6":"product_cat-non-classe","7":"product_cat-soins-des-yeux","9":"first","10":"instock","11":"shipping-taxable","12":"purchasable","13":"product-type-simple"},"_links":{"self":[{"href":"https:\/\/parashopnarimel.com\/ar\/wp-json\/wp\/v2\/product\/2022","targetHints":{"allow":["GET"]}}],"collection":[{"href":"https:\/\/parashopnarimel.com\/ar\/wp-json\/wp\/v2\/product"}],"about":[{"href":"https:\/\/parashopnarimel.com\/ar\/wp-json\/wp\/v2\/types\/product"}],"replies":[{"embeddable":true,"href":"https:\/\/parashopnarimel.com\/ar\/wp-json\/wp\/v2\/comments?post=2022"}],"version-history":[{"count":2,"href":"https:\/\/parashopnarimel.com\/ar\/wp-json\/wp\/v2\/product\/2022\/revisions"}],"predecessor-version":[{"id":11968,"href":"https:\/\/parashopnarimel.com\/ar\/wp-json\/wp\/v2\/product\/2022\/revisions\/11968"}],"wp:featuredmedia":[{"embeddable":true,"href":"https:\/\/parashopnarimel.com\/ar\/wp-json\/wp\/v2\/media\/2102"}],"wp:attachment":[{"href":"https:\/\/parashopnarimel.com\/ar\/wp-json\/wp\/v2\/media?parent=2022"}],"wp:term":[{"taxonomy":"product_brand","embeddable":true,"href":"https:\/\/parashopnarimel.com\/ar\/wp-json\/wp\/v2\/product_brand?post=2022"},{"taxonomy":"product_cat","embeddable":true,"href":"https:\/\/parashopnarimel.com\/ar\/wp-json\/wp\/v2\/product_cat?post=2022"},{"taxonomy":"product_tag","embeddable":true,"href":"https:\/\/parashopnarimel.com\/ar\/wp-json\/wp\/v2\/product_tag?post=2022"}],"curies":[{"name":"wp","href":"https:\/\/api.w.org\/{rel}","templated":true}]}}