{"id":2023,"date":"2024-12-29T06:38:21","date_gmt":"2024-12-29T06:38:21","guid":{"rendered":"https:\/\/parashopnarimel.com\/?post_type=product&#038;p=2023"},"modified":"2025-01-19T11:19:39","modified_gmt":"2025-01-19T11:19:39","slug":"acide-hyaluronique-2-algue-arctique-serum-b5","status":"publish","type":"product","link":"https:\/\/parashopnarimel.com\/ar\/product\/acide-hyaluronique-2-algue-arctique-serum-b5\/","title":{"rendered":"ACIDE HYALURONIQUE 2% + ALGUE ARCTIQUE + SERUM B5"},"content":{"rendered":"<p>Cette formulation avanc\u00e9e, en combinant 3 acides hyaluroniques de poids mol\u00e9culaire diff\u00e9rents, des algues arctiques et de la vitamine B5, aide \u00e0 augmenter l\u2019hydratation en atteignant la couche profonde de la peau. Il aide la peau \u00e0 para\u00eetre repulp\u00e9e. Cela convient \u00e0 tout type de peau.<br \/>\nL\u2019acide hyaluronique aide \u00e0 hydrater la peau et \u00e0 maintenir le niveau d\u2019humidit\u00e9 existant. La peau soutient une apparence plus serr\u00e9e et plus saine. Il est antioxydant, il combat donc des substances nocives. Il joue un r\u00f4le majeur dans la gu\u00e9rison des blessures gr\u00e2ce \u00e0 sa caract\u00e9ristique antibact\u00e9rienne.<br \/>\nLes algues arctiques sont une plante end\u00e9mique nordique et aide \u00e0 prot\u00e9ger la peau contre le port de facteurs externes. Il est utile de r\u00e9duire les ridules et l\u2019apparence des rides. Gr\u00e2ce aux algues dans le compos\u00e9, il \u00e9quilibre le teint in\u00e9gal et fournit un aspect brillant \u00e0 la peau.<\/p>","protected":false},"excerpt":{"rendered":"<p>Cette formulation avanc\u00e9e, en combinant 3 acides hyaluroniques de poids mol\u00e9culaire diff\u00e9rents, des algues arctiques et de la vitamine B5, aide \u00e0 augmenter l\u2019hydratation en atteignant la couche profonde de la peau. Il aide la peau \u00e0 para\u00eetre repulp\u00e9e. Cela convient \u00e0 tout type de peau.<br \/>\nL\u2019acide hyaluronique aide \u00e0 hydrater la peau et \u00e0 maintenir le niveau d\u2019humidit\u00e9 existant. La peau soutient une apparence plus serr\u00e9e et plus saine. Il est antioxydant, il combat donc des substances nocives. Il joue un r\u00f4le majeur dans la gu\u00e9rison des blessures gr\u00e2ce \u00e0 sa caract\u00e9ristique antibact\u00e9rienne.<br \/>\nLes algues arctiques sont une plante end\u00e9mique nordique et aide \u00e0 prot\u00e9ger la peau contre le port de facteurs externes. Il est utile de r\u00e9duire les ridules et l\u2019apparence des rides. Gr\u00e2ce aux algues dans le compos\u00e9, il \u00e9quilibre le teint in\u00e9gal et fournit un aspect brillant \u00e0 la peau.<\/p>","protected":false},"featured_media":2104,"comment_status":"open","ping_status":"closed","template":"","meta":[],"product_brand":[],"product_cat":[96,2906],"product_tag":[],"class_list":{"0":"post-2023","1":"product","2":"type-product","3":"status-publish","4":"has-post-thumbnail","6":"product_cat-non-classe","7":"product_cat-serums","9":"first","10":"instock","11":"shipping-taxable","12":"purchasable","13":"product-type-simple"},"_links":{"self":[{"href":"https:\/\/parashopnarimel.com\/ar\/wp-json\/wp\/v2\/product\/2023","targetHints":{"allow":["GET"]}}],"collection":[{"href":"https:\/\/parashopnarimel.com\/ar\/wp-json\/wp\/v2\/product"}],"about":[{"href":"https:\/\/parashopnarimel.com\/ar\/wp-json\/wp\/v2\/types\/product"}],"replies":[{"embeddable":true,"href":"https:\/\/parashopnarimel.com\/ar\/wp-json\/wp\/v2\/comments?post=2023"}],"version-history":[{"count":2,"href":"https:\/\/parashopnarimel.com\/ar\/wp-json\/wp\/v2\/product\/2023\/revisions"}],"predecessor-version":[{"id":11973,"href":"https:\/\/parashopnarimel.com\/ar\/wp-json\/wp\/v2\/product\/2023\/revisions\/11973"}],"wp:featuredmedia":[{"embeddable":true,"href":"https:\/\/parashopnarimel.com\/ar\/wp-json\/wp\/v2\/media\/2104"}],"wp:attachment":[{"href":"https:\/\/parashopnarimel.com\/ar\/wp-json\/wp\/v2\/media?parent=2023"}],"wp:term":[{"taxonomy":"product_brand","embeddable":true,"href":"https:\/\/parashopnarimel.com\/ar\/wp-json\/wp\/v2\/product_brand?post=2023"},{"taxonomy":"product_cat","embeddable":true,"href":"https:\/\/parashopnarimel.com\/ar\/wp-json\/wp\/v2\/product_cat?post=2023"},{"taxonomy":"product_tag","embeddable":true,"href":"https:\/\/parashopnarimel.com\/ar\/wp-json\/wp\/v2\/product_tag?post=2023"}],"curies":[{"name":"wp","href":"https:\/\/api.w.org\/{rel}","templated":true}]}}