{"id":2038,"date":"2024-12-29T06:38:42","date_gmt":"2024-12-29T06:38:42","guid":{"rendered":"https:\/\/parashopnarimel.com\/?post_type=product&#038;p=2038"},"modified":"2025-08-26T20:04:16","modified_gmt":"2025-08-26T20:04:16","slug":"vitamin-c-15-acid-ferulique-05-burdock-serum","status":"publish","type":"product","link":"https:\/\/parashopnarimel.com\/ar\/product\/vitamin-c-15-acid-ferulique-05-burdock-serum\/","title":{"rendered":"VITAMIN C 15% + ACID FERULIQUE 0,5% + BURDOCK SERUM"},"content":{"rendered":"<p>Il aide \u00e0 att\u00e9nuer les effets du vieillissement et \u00e0 corriger le teint irr\u00e9gulier. Cela convient \u00e0 tout type de peau.<br \/>\nLa vitamine C est un antioxydant fort. Il prot\u00e8ge la peau contre les dommages oxydatifs, soutient la production de collag\u00e8ne et r\u00e9duit la production d\u2019enzyme de la m\u00e9talloprot\u00e9inase, ce qui provoque la destruction du collag\u00e8ne. Il aide \u00e0 r\u00e9duire les rides, \u00e0 prot\u00e9ger le collag\u00e8ne et \u00e0 augmenter la production et \u00e0 gu\u00e9rir les blessures. Aide \u00e0 prot\u00e9ger la peau contre les dommages caus\u00e9s par le soleil. Il est utile pour \u00e9galiser le teint et \u00e9clairer la peau tout en aidant \u00e0 r\u00e9duire l\u2019hyperpigmentation. Il agit comme armure contre les influences environnementales, la pollution et d\u2019autres radicaux libres.<br \/>\nLa bardane est une plante end\u00e9mique nordique. Il est anti-inflammatoire et antibact\u00e9rien. C\u2019est un puissant antioxydant: il contient un grand nombre d\u2019antioxydants forts tels que la kers\u00e9tine, la lut\u00e9oline et les acides ph\u00e9noliques. Il \u00e9limine les toxines dans le sang. Il est utilis\u00e9 pour traiter les troubles cutan\u00e9s tels que l\u2019acn\u00e9 et l\u2019ecz\u00e9ma.<\/p>","protected":false},"excerpt":{"rendered":"<p>Il aide \u00e0 att\u00e9nuer les effets du vieillissement et \u00e0 corriger le teint irr\u00e9gulier. Cela convient \u00e0 tout type de peau.<br \/>\nLa vitamine C est un antioxydant fort. Il prot\u00e8ge la peau contre les dommages oxydatifs, soutient la production de collag\u00e8ne et r\u00e9duit la production d\u2019enzyme de la m\u00e9talloprot\u00e9inase, ce qui provoque la destruction du collag\u00e8ne. Il aide \u00e0 r\u00e9duire les rides, \u00e0 prot\u00e9ger le collag\u00e8ne et \u00e0 augmenter la production et \u00e0 gu\u00e9rir les blessures. Aide \u00e0 prot\u00e9ger la peau contre les dommages caus\u00e9s par le soleil. Il est utile pour \u00e9galiser le teint et \u00e9clairer la peau tout en aidant \u00e0 r\u00e9duire l\u2019hyperpigmentation. Il agit comme armure contre les influences environnementales, la pollution et d\u2019autres radicaux libres.<br \/>\nLa bardane est une plante end\u00e9mique nordique. Il est anti-inflammatoire et antibact\u00e9rien. C\u2019est un puissant antioxydant: il contient un grand nombre d\u2019antioxydants forts tels que la kers\u00e9tine, la lut\u00e9oline et les acides ph\u00e9noliques. Il \u00e9limine les toxines dans le sang. Il est utilis\u00e9 pour traiter les troubles cutan\u00e9s tels que l\u2019acn\u00e9 et l\u2019ecz\u00e9ma.<\/p>","protected":false},"featured_media":2114,"comment_status":"open","ping_status":"closed","template":"","meta":[],"product_brand":[],"product_cat":[96,1110,2906],"product_tag":[],"class_list":{"0":"post-2038","1":"product","2":"type-product","3":"status-publish","4":"has-post-thumbnail","6":"product_cat-non-classe","7":"product_cat-anti-taches","8":"product_cat-serums","10":"first","11":"instock","12":"shipping-taxable","13":"purchasable","14":"product-type-simple"},"_links":{"self":[{"href":"https:\/\/parashopnarimel.com\/ar\/wp-json\/wp\/v2\/product\/2038","targetHints":{"allow":["GET"]}}],"collection":[{"href":"https:\/\/parashopnarimel.com\/ar\/wp-json\/wp\/v2\/product"}],"about":[{"href":"https:\/\/parashopnarimel.com\/ar\/wp-json\/wp\/v2\/types\/product"}],"replies":[{"embeddable":true,"href":"https:\/\/parashopnarimel.com\/ar\/wp-json\/wp\/v2\/comments?post=2038"}],"version-history":[{"count":2,"href":"https:\/\/parashopnarimel.com\/ar\/wp-json\/wp\/v2\/product\/2038\/revisions"}],"predecessor-version":[{"id":11972,"href":"https:\/\/parashopnarimel.com\/ar\/wp-json\/wp\/v2\/product\/2038\/revisions\/11972"}],"wp:featuredmedia":[{"embeddable":true,"href":"https:\/\/parashopnarimel.com\/ar\/wp-json\/wp\/v2\/media\/2114"}],"wp:attachment":[{"href":"https:\/\/parashopnarimel.com\/ar\/wp-json\/wp\/v2\/media?parent=2038"}],"wp:term":[{"taxonomy":"product_brand","embeddable":true,"href":"https:\/\/parashopnarimel.com\/ar\/wp-json\/wp\/v2\/product_brand?post=2038"},{"taxonomy":"product_cat","embeddable":true,"href":"https:\/\/parashopnarimel.com\/ar\/wp-json\/wp\/v2\/product_cat?post=2038"},{"taxonomy":"product_tag","embeddable":true,"href":"https:\/\/parashopnarimel.com\/ar\/wp-json\/wp\/v2\/product_tag?post=2038"}],"curies":[{"name":"wp","href":"https:\/\/api.w.org\/{rel}","templated":true}]}}