{"id":2039,"date":"2024-12-29T06:38:42","date_gmt":"2024-12-29T06:38:42","guid":{"rendered":"https:\/\/parashopnarimel.com\/?post_type=product&#038;p=2039"},"modified":"2025-01-19T11:21:04","modified_gmt":"2025-01-19T11:21:04","slug":"acide-glycolique-8-aloe-vera-birch-tonique","status":"publish","type":"product","link":"https:\/\/parashopnarimel.com\/ar\/product\/acide-glycolique-8-aloe-vera-birch-tonique\/","title":{"rendered":"ACIDE GLYCOLIQUE 8% + ALOE VERA + BIRCH TONIQUE"},"content":{"rendered":"<p>Cette formulation avanc\u00e9e aide \u00e0 purifier la peau des cellules mortes et d\u00e9shydrat\u00e9es, tout en aidant \u00e0 renouveler et \u00e0 lisser la peau en l\u2019exfoliant de mani\u00e8re \u00e9quilibr\u00e9e. Particuli\u00e8rement adapt\u00e9 aux peaux normales, mixtes et grasses.<br \/>\nL\u2019acide glycolique aide \u00e0 purifier la peau des cellules qui ont perdu leur mort et leur humidit\u00e9, \u00e0 lisser la peau en d\u00e9collant de mani\u00e8re \u00e9quilibr\u00e9e et \u00e0 r\u00e9sister \u00e0 des probl\u00e8mes tels que la ligne mince, l\u2019in\u00e9galit\u00e9 du teint, le sans-vie et la morosit\u00e9.<br \/>\nL\u2019aloe vera aide \u00e0 resserrer les pores de la peau et \u00e0 att\u00e9nuer l\u2019inconfort de la peau.<br \/>\nLe bouleau est une plante end\u00e9mique nordique, un anti-inflammatoire qui donne de l\u2019\u00e9nergie \u00e0 la peau.<\/p>","protected":false},"excerpt":{"rendered":"<p>Cette formulation avanc\u00e9e aide \u00e0 purifier la peau des cellules mortes et d\u00e9shydrat\u00e9es, tout en aidant \u00e0 renouveler et \u00e0 lisser la peau en l\u2019exfoliant de mani\u00e8re \u00e9quilibr\u00e9e. Particuli\u00e8rement adapt\u00e9 aux peaux normales, mixtes et grasses.<br \/>\nL\u2019acide glycolique aide \u00e0 purifier la peau des cellules qui ont perdu leur mort et leur humidit\u00e9, \u00e0 lisser la peau en d\u00e9collant de mani\u00e8re \u00e9quilibr\u00e9e et \u00e0 r\u00e9sister \u00e0 des probl\u00e8mes tels que la ligne mince, l\u2019in\u00e9galit\u00e9 du teint, le sans-vie et la morosit\u00e9.<br \/>\nL\u2019aloe vera aide \u00e0 resserrer les pores de la peau et \u00e0 att\u00e9nuer l\u2019inconfort de la peau.<br \/>\nLe bouleau est une plante end\u00e9mique nordique, un anti-inflammatoire qui donne de l\u2019\u00e9nergie \u00e0 la peau.<\/p>","protected":false},"featured_media":2116,"comment_status":"open","ping_status":"closed","template":"","meta":[],"product_brand":[],"product_cat":[96,1110,2905],"product_tag":[],"class_list":{"0":"post-2039","1":"product","2":"type-product","3":"status-publish","4":"has-post-thumbnail","6":"product_cat-non-classe","7":"product_cat-anti-taches","8":"product_cat-lotion","10":"first","11":"instock","12":"shipping-taxable","13":"purchasable","14":"product-type-simple"},"_links":{"self":[{"href":"https:\/\/parashopnarimel.com\/ar\/wp-json\/wp\/v2\/product\/2039","targetHints":{"allow":["GET"]}}],"collection":[{"href":"https:\/\/parashopnarimel.com\/ar\/wp-json\/wp\/v2\/product"}],"about":[{"href":"https:\/\/parashopnarimel.com\/ar\/wp-json\/wp\/v2\/types\/product"}],"replies":[{"embeddable":true,"href":"https:\/\/parashopnarimel.com\/ar\/wp-json\/wp\/v2\/comments?post=2039"}],"version-history":[{"count":2,"href":"https:\/\/parashopnarimel.com\/ar\/wp-json\/wp\/v2\/product\/2039\/revisions"}],"predecessor-version":[{"id":11971,"href":"https:\/\/parashopnarimel.com\/ar\/wp-json\/wp\/v2\/product\/2039\/revisions\/11971"}],"wp:featuredmedia":[{"embeddable":true,"href":"https:\/\/parashopnarimel.com\/ar\/wp-json\/wp\/v2\/media\/2116"}],"wp:attachment":[{"href":"https:\/\/parashopnarimel.com\/ar\/wp-json\/wp\/v2\/media?parent=2039"}],"wp:term":[{"taxonomy":"product_brand","embeddable":true,"href":"https:\/\/parashopnarimel.com\/ar\/wp-json\/wp\/v2\/product_brand?post=2039"},{"taxonomy":"product_cat","embeddable":true,"href":"https:\/\/parashopnarimel.com\/ar\/wp-json\/wp\/v2\/product_cat?post=2039"},{"taxonomy":"product_tag","embeddable":true,"href":"https:\/\/parashopnarimel.com\/ar\/wp-json\/wp\/v2\/product_tag?post=2039"}],"curies":[{"name":"wp","href":"https:\/\/api.w.org\/{rel}","templated":true}]}}