{"id":2085,"date":"2024-12-29T06:39:27","date_gmt":"2024-12-29T06:39:27","guid":{"rendered":"https:\/\/parashopnarimel.com\/?post_type=product&#038;p=2085"},"modified":"2025-01-30T19:33:04","modified_gmt":"2025-01-30T19:33:04","slug":"acm-azeane-creme-acide-azelaique-15-30g","status":"publish","type":"product","link":"https:\/\/parashopnarimel.com\/ar\/product\/acm-azeane-creme-acide-azelaique-15-30g\/","title":{"rendered":"ACM Az\u00e9ane Cr\u00e8me Acide Az\u00e9la\u00efque 15 % 30g"},"content":{"rendered":"<p>Hautement concentr\u00e9e en acide az\u00e9laique (15%), actif dermatologique reconnu aux propri\u00e9t\u00e9s multipl\u00eas, la cr\u00e8me Az\u00e9ane am\u00e9liore l\u2019aspect g\u00e9n\u00e9ral de la peau.<br \/>\nElle favorise la disparition des taches brunes, r\u00e9duit les imperfections cutan\u00e9es, les rougeurs et les marques r\u00e9siduelles tout en apaisant et en ravivant l\u2019\u00e9clat de la peau.<br \/>\nRapidement absorb\u00e9e, sa texture cr\u00e8me laisse un fini doux, non collant et sans brillance. La peau est nette, hydrat\u00e9e, apais\u00e9e et plus uniforme.<\/p>","protected":false},"excerpt":{"rendered":"<p>Hautement concentr\u00e9e en acide az\u00e9laique (15%), actif dermatologique reconnu aux propri\u00e9t\u00e9s multipl\u00eas, la cr\u00e8me Az\u00e9ane am\u00e9liore l\u2019aspect g\u00e9n\u00e9ral de la peau.<br \/>\nElle favorise la disparition des taches brunes, r\u00e9duit les imperfections cutan\u00e9es, les rougeurs et les marques r\u00e9siduelles tout en apaisant et en ravivant l\u2019\u00e9clat de la peau.<br \/>\nRapidement absorb\u00e9e, sa texture cr\u00e8me laisse un fini doux, non collant et sans brillance. La peau est nette, hydrat\u00e9e, apais\u00e9e et plus uniforme.<\/p>","protected":false},"featured_media":2164,"comment_status":"open","ping_status":"closed","template":"","meta":[],"product_brand":[],"product_cat":[96,29],"product_tag":[],"class_list":{"0":"post-2085","1":"product","2":"type-product","3":"status-publish","4":"has-post-thumbnail","6":"product_cat-non-classe","7":"product_cat-creme","9":"first","10":"instock","11":"shipping-taxable","12":"purchasable","13":"product-type-simple"},"_links":{"self":[{"href":"https:\/\/parashopnarimel.com\/ar\/wp-json\/wp\/v2\/product\/2085","targetHints":{"allow":["GET"]}}],"collection":[{"href":"https:\/\/parashopnarimel.com\/ar\/wp-json\/wp\/v2\/product"}],"about":[{"href":"https:\/\/parashopnarimel.com\/ar\/wp-json\/wp\/v2\/types\/product"}],"replies":[{"embeddable":true,"href":"https:\/\/parashopnarimel.com\/ar\/wp-json\/wp\/v2\/comments?post=2085"}],"version-history":[{"count":2,"href":"https:\/\/parashopnarimel.com\/ar\/wp-json\/wp\/v2\/product\/2085\/revisions"}],"predecessor-version":[{"id":8229,"href":"https:\/\/parashopnarimel.com\/ar\/wp-json\/wp\/v2\/product\/2085\/revisions\/8229"}],"wp:featuredmedia":[{"embeddable":true,"href":"https:\/\/parashopnarimel.com\/ar\/wp-json\/wp\/v2\/media\/2164"}],"wp:attachment":[{"href":"https:\/\/parashopnarimel.com\/ar\/wp-json\/wp\/v2\/media?parent=2085"}],"wp:term":[{"taxonomy":"product_brand","embeddable":true,"href":"https:\/\/parashopnarimel.com\/ar\/wp-json\/wp\/v2\/product_brand?post=2085"},{"taxonomy":"product_cat","embeddable":true,"href":"https:\/\/parashopnarimel.com\/ar\/wp-json\/wp\/v2\/product_cat?post=2085"},{"taxonomy":"product_tag","embeddable":true,"href":"https:\/\/parashopnarimel.com\/ar\/wp-json\/wp\/v2\/product_tag?post=2085"}],"curies":[{"name":"wp","href":"https:\/\/api.w.org\/{rel}","templated":true}]}}