{"id":2132,"date":"2024-12-29T06:40:16","date_gmt":"2024-12-29T06:40:16","guid":{"rendered":"https:\/\/parashopnarimel.com\/?post_type=product&#038;p=2132"},"modified":"2025-01-19T11:22:30","modified_gmt":"2025-01-19T11:22:30","slug":"svr-sun-secure-extreme-gel-ultra-mat-spf50-50ml","status":"publish","type":"product","link":"https:\/\/parashopnarimel.com\/ar\/product\/svr-sun-secure-extreme-gel-ultra-mat-spf50-50ml\/","title":{"rendered":"SVR Sun Secure Extreme Gel Ultra Mat SPF50+ 50ML"},"content":{"rendered":"<p>Pour toutes les peaux sensibles. Enfant \u00e0 partir de 3 ans, adulte. Visage et zones sensibles au soleil.<br \/>\nUVB + UVA + VISIBLE + INFRAROUGES<\/p>\n<p>SUN SECURE Extreme SPF50+ offre une tr\u00e8s haute protection solaire dans un gel ultra mat multi-r\u00e9sistant au toucher non gras. In\u00e9dite, sa texture baume-en-gel transparente et ultra-fondante p\u00e9n\u00e8tre rapidement pour une application express. Son d\u00e9licat parfum d\u2019\u00e9t\u00e9 donne envie d\u2019en r\u00e9appliquer encore et encore. R\u00e9siste \u00e0 l\u2019eau, \u00e0 la transpiration et aux frottements. Id\u00e9al pour les sportifs car il ne coule pas, pour les hommes et les ados car il est totalement invisible et non collant, et pour tous les r\u00e9fractaires \u00e0 la protection solaire\u00a0!<br \/>\nSon plus ?\u00a0SUN SECURE Extreme SPF50+ respecte l\u2019environnement marin. Il a pass\u00e9 les tests d\u2019\u00e9co-toxicit\u00e9 sur des algues (ISO 10253) et sur des invert\u00e9br\u00e9s aquatiques (ISO 14669). Deux esp\u00e8ces appartenant \u00e0 la famille des zooplanctons et phytoplanctons, indispensables au bon d\u00e9veloppement des coraux.<\/p>","protected":false},"excerpt":{"rendered":"<p>Pour toutes les peaux sensibles. Enfant \u00e0 partir de 3 ans, adulte. Visage et zones sensibles au soleil.<br \/>\nUVB + UVA + VISIBLE + INFRAROUGES<\/p>\n<p>SUN SECURE Extreme SPF50+ offre une tr\u00e8s haute protection solaire dans un gel ultra mat multi-r\u00e9sistant au toucher non gras. In\u00e9dite, sa texture baume-en-gel transparente et ultra-fondante p\u00e9n\u00e8tre rapidement pour une application express. Son d\u00e9licat parfum d\u2019\u00e9t\u00e9 donne envie d\u2019en r\u00e9appliquer encore et encore. R\u00e9siste \u00e0 l\u2019eau, \u00e0 la transpiration et aux frottements. Id\u00e9al pour les sportifs car il ne coule pas, pour les hommes et les ados car il est totalement invisible et non collant, et pour tous les r\u00e9fractaires \u00e0 la protection solaire\u00a0!<br \/>\nSon plus ?\u00a0SUN SECURE Extreme SPF50+ respecte l\u2019environnement marin. Il a pass\u00e9 les tests d\u2019\u00e9co-toxicit\u00e9 sur des algues (ISO 10253) et sur des invert\u00e9br\u00e9s aquatiques (ISO 14669). Deux esp\u00e8ces appartenant \u00e0 la famille des zooplanctons et phytoplanctons, indispensables au bon d\u00e9veloppement des coraux.<\/p>","protected":false},"featured_media":2208,"comment_status":"open","ping_status":"closed","template":"","meta":[],"product_brand":[],"product_cat":[96,147],"product_tag":[],"class_list":{"0":"post-2132","1":"product","2":"type-product","3":"status-publish","4":"has-post-thumbnail","6":"product_cat-non-classe","7":"product_cat-protection-solaire-visage","9":"first","10":"instock","11":"shipping-taxable","12":"purchasable","13":"product-type-simple"},"_links":{"self":[{"href":"https:\/\/parashopnarimel.com\/ar\/wp-json\/wp\/v2\/product\/2132","targetHints":{"allow":["GET"]}}],"collection":[{"href":"https:\/\/parashopnarimel.com\/ar\/wp-json\/wp\/v2\/product"}],"about":[{"href":"https:\/\/parashopnarimel.com\/ar\/wp-json\/wp\/v2\/types\/product"}],"replies":[{"embeddable":true,"href":"https:\/\/parashopnarimel.com\/ar\/wp-json\/wp\/v2\/comments?post=2132"}],"version-history":[{"count":1,"href":"https:\/\/parashopnarimel.com\/ar\/wp-json\/wp\/v2\/product\/2132\/revisions"}],"predecessor-version":[{"id":2209,"href":"https:\/\/parashopnarimel.com\/ar\/wp-json\/wp\/v2\/product\/2132\/revisions\/2209"}],"wp:featuredmedia":[{"embeddable":true,"href":"https:\/\/parashopnarimel.com\/ar\/wp-json\/wp\/v2\/media\/2208"}],"wp:attachment":[{"href":"https:\/\/parashopnarimel.com\/ar\/wp-json\/wp\/v2\/media?parent=2132"}],"wp:term":[{"taxonomy":"product_brand","embeddable":true,"href":"https:\/\/parashopnarimel.com\/ar\/wp-json\/wp\/v2\/product_brand?post=2132"},{"taxonomy":"product_cat","embeddable":true,"href":"https:\/\/parashopnarimel.com\/ar\/wp-json\/wp\/v2\/product_cat?post=2132"},{"taxonomy":"product_tag","embeddable":true,"href":"https:\/\/parashopnarimel.com\/ar\/wp-json\/wp\/v2\/product_tag?post=2132"}],"curies":[{"name":"wp","href":"https:\/\/api.w.org\/{rel}","templated":true}]}}