{"id":2133,"date":"2024-12-29T06:40:16","date_gmt":"2024-12-29T06:40:16","guid":{"rendered":"https:\/\/parashopnarimel.com\/?post_type=product&#038;p=2133"},"modified":"2025-02-12T13:01:34","modified_gmt":"2025-02-12T13:01:34","slug":"svr-sun-secure-fluide-spf50-50ml","status":"publish","type":"product","link":"https:\/\/parashopnarimel.com\/ar\/product\/svr-sun-secure-fluide-spf50-50ml\/","title":{"rendered":"SVR Sun Secure Fluide SPF50+ 50ml"},"content":{"rendered":"<p>Le\u00a0fluide solaire SVR est tol\u00e9r\u00e9 par les peaux les plus sensibles : il ne contient ni parab\u00e8ne, ni alcool, ni octocryl\u00e8ne, ni parfum allerg\u00e8ne. Sa texture, plus l\u00e9g\u00e8re que celle d\u2019une\u00a0cr\u00e8me solaire, p\u00e9n\u00e8tre facilement dans la peau et garantit un fini non gras et invisible.<\/p>","protected":false},"excerpt":{"rendered":"<p>Le\u00a0fluide solaire SVR est tol\u00e9r\u00e9 par les peaux les plus sensibles : il ne contient ni parab\u00e8ne, ni alcool, ni octocryl\u00e8ne, ni parfum allerg\u00e8ne. Sa texture, plus l\u00e9g\u00e8re que celle d\u2019une\u00a0cr\u00e8me solaire, p\u00e9n\u00e8tre facilement dans la peau et garantit un fini non gras et invisible.<\/p>","protected":false},"featured_media":2210,"comment_status":"open","ping_status":"closed","template":"","meta":[],"product_brand":[],"product_cat":[96,147],"product_tag":[],"class_list":{"0":"post-2133","1":"product","2":"type-product","3":"status-publish","4":"has-post-thumbnail","6":"product_cat-non-classe","7":"product_cat-protection-solaire-visage","9":"first","10":"instock","11":"sale","12":"shipping-taxable","13":"purchasable","14":"product-type-simple"},"_links":{"self":[{"href":"https:\/\/parashopnarimel.com\/ar\/wp-json\/wp\/v2\/product\/2133","targetHints":{"allow":["GET"]}}],"collection":[{"href":"https:\/\/parashopnarimel.com\/ar\/wp-json\/wp\/v2\/product"}],"about":[{"href":"https:\/\/parashopnarimel.com\/ar\/wp-json\/wp\/v2\/types\/product"}],"replies":[{"embeddable":true,"href":"https:\/\/parashopnarimel.com\/ar\/wp-json\/wp\/v2\/comments?post=2133"}],"version-history":[{"count":1,"href":"https:\/\/parashopnarimel.com\/ar\/wp-json\/wp\/v2\/product\/2133\/revisions"}],"predecessor-version":[{"id":2211,"href":"https:\/\/parashopnarimel.com\/ar\/wp-json\/wp\/v2\/product\/2133\/revisions\/2211"}],"wp:featuredmedia":[{"embeddable":true,"href":"https:\/\/parashopnarimel.com\/ar\/wp-json\/wp\/v2\/media\/2210"}],"wp:attachment":[{"href":"https:\/\/parashopnarimel.com\/ar\/wp-json\/wp\/v2\/media?parent=2133"}],"wp:term":[{"taxonomy":"product_brand","embeddable":true,"href":"https:\/\/parashopnarimel.com\/ar\/wp-json\/wp\/v2\/product_brand?post=2133"},{"taxonomy":"product_cat","embeddable":true,"href":"https:\/\/parashopnarimel.com\/ar\/wp-json\/wp\/v2\/product_cat?post=2133"},{"taxonomy":"product_tag","embeddable":true,"href":"https:\/\/parashopnarimel.com\/ar\/wp-json\/wp\/v2\/product_tag?post=2133"}],"curies":[{"name":"wp","href":"https:\/\/api.w.org\/{rel}","templated":true}]}}