{"id":2137,"date":"2024-12-29T06:40:16","date_gmt":"2024-12-29T06:40:16","guid":{"rendered":"https:\/\/parashopnarimel.com\/?post_type=product&#038;p=2137"},"modified":"2025-09-22T22:17:21","modified_gmt":"2025-09-22T22:17:21","slug":"reve-de-miel-creme-mains-et-ongles-30-ml-stick-levres-hydratant-4-g","status":"publish","type":"product","link":"https:\/\/parashopnarimel.com\/ar\/product\/reve-de-miel-creme-mains-et-ongles-30-ml-stick-levres-hydratant-4-g\/","title":{"rendered":"R\u00eave de Miel Cr\u00e8me Mains et Ongles 30 ml + Stick L\u00e8vres Hydratant 4 g"},"content":{"rendered":"<p>Nuxe R\u00eave de Miel Cr\u00e8me Mains et Ongles 30 ml + Stick L\u00e8vres Hydratant 4 g est une offre d\u00e9couverte compos\u00e9e de 2 produits de soin de la gamme R\u00eave de Miel, pour les mains et les l\u00e8vres dess\u00e9ch\u00e9es.<br \/>\n\u2013 Nuxe R\u00eave de Miel Cr\u00e8me Mains et Ongles 30 ml est une cr\u00e8me qui r\u00e9pare, nourrit et prot\u00e8ge la peau des mains dess\u00e9ch\u00e9es. Sa texture soyeuse au doux parfum de miel enveloppe les mains de douceur sans effet gras.Sa composition contient :<\/p>\n<p>du miel, nourrissant, qui prend soin de vos mains dess\u00e9ch\u00e9es,<br \/>\ndes huiles v\u00e9g\u00e9tales pr\u00e9cieuses (avocat, amande douce, argan), relipidantes, qui pr\u00e9viennent le dess\u00e8chement cutan\u00e9,<br \/>\nde la vitamine E qui pr\u00e9vient le vieillissement pr\u00e9matur\u00e9 de la peau.<\/p>\n<p>\u2013 Nuxe R\u00eave de Miel Stick L\u00e8vres Hydratant 4 g est un stick l\u00e8vres hydratant qui adoucit et assouplit les l\u00e8vres ab\u00eem\u00e9es ou dess\u00e9ch\u00e9es. Sa formule aux principaux actifs d\u2019origine naturelle : miel, huiles v\u00e9g\u00e9tales pr\u00e9cieuses (son de riz, macadamia, amande douce, argan), extrait d\u2019orge, beurre de karit\u00e9, vitamine E, d\u00e9riv\u00e9 d\u2019huile de tournesol est sp\u00e9cialement con\u00e7ue pour que les l\u00e8vres ne ressentent plus de tiraillements. Il les laissera souples et douces, comme r\u00e9confort\u00e9es.<br \/>\n90% du total des ingr\u00e9dients sont d\u2019origine naturelle.<\/p>","protected":false},"excerpt":{"rendered":"<p><img fetchpriority=\"high\" decoding=\"async\" class=\"alignnone size-medium wp-image-12436\" src=\"https:\/\/parashopnarimel.com\/wp-content\/uploads\/2024\/12\/NUXECrememainsetongles_RevedeMiel50mlAlger.webp-300x300.jpeg\" alt=\"\" width=\"300\" height=\"300\" srcset=\"https:\/\/parashopnarimel.com\/wp-content\/uploads\/2024\/12\/NUXECrememainsetongles_RevedeMiel50mlAlger.webp-300x300.jpeg 300w, https:\/\/parashopnarimel.com\/wp-content\/uploads\/2024\/12\/NUXECrememainsetongles_RevedeMiel50mlAlger.webp-150x150.jpeg 150w, https:\/\/parashopnarimel.com\/wp-content\/uploads\/2024\/12\/NUXECrememainsetongles_RevedeMiel50mlAlger.webp-768x768.jpeg 768w, https:\/\/parashopnarimel.com\/wp-content\/uploads\/2024\/12\/NUXECrememainsetongles_RevedeMiel50mlAlger.webp-600x600.jpeg 600w, https:\/\/parashopnarimel.com\/wp-content\/uploads\/2024\/12\/NUXECrememainsetongles_RevedeMiel50mlAlger.webp.jpeg 900w\" sizes=\"(max-width: 300px) 100vw, 300px\" \/><img decoding=\"async\" class=\"alignnone size-medium wp-image-12433\" src=\"https:\/\/parashopnarimel.com\/wp-content\/uploads\/2024\/12\/1-9-300x300.jpg\" alt=\"\" width=\"300\" height=\"300\" srcset=\"https:\/\/parashopnarimel.com\/wp-content\/uploads\/2024\/12\/1-9-300x300.jpg 300w, https:\/\/parashopnarimel.com\/wp-content\/uploads\/2024\/12\/1-9-150x150.jpg 150w, https:\/\/parashopnarimel.com\/wp-content\/uploads\/2024\/12\/1-9.jpg 500w\" sizes=\"(max-width: 300px) 100vw, 300px\" \/><\/p>\n<p><img decoding=\"async\" class=\"alignnone size-medium wp-image-12434\" src=\"https:\/\/parashopnarimel.com\/wp-content\/uploads\/2024\/12\/3264680004117-VN060102-VIEW4-LIFESTYLE-STICK_LEVRES-TEXTURE-2024-2000x2000-1-300x300.jpg\" alt=\"\" width=\"300\" height=\"300\" srcset=\"https:\/\/parashopnarimel.com\/wp-content\/uploads\/2024\/12\/3264680004117-VN060102-VIEW4-LIFESTYLE-STICK_LEVRES-TEXTURE-2024-2000x2000-1-300x300.jpg 300w, https:\/\/parashopnarimel.com\/wp-content\/uploads\/2024\/12\/3264680004117-VN060102-VIEW4-LIFESTYLE-STICK_LEVRES-TEXTURE-2024-2000x2000-1-1024x1024.jpg 1024w, https:\/\/parashopnarimel.com\/wp-content\/uploads\/2024\/12\/3264680004117-VN060102-VIEW4-LIFESTYLE-STICK_LEVRES-TEXTURE-2024-2000x2000-1-150x150.jpg 150w, https:\/\/parashopnarimel.com\/wp-content\/uploads\/2024\/12\/3264680004117-VN060102-VIEW4-LIFESTYLE-STICK_LEVRES-TEXTURE-2024-2000x2000-1-768x768.jpg 768w, https:\/\/parashopnarimel.com\/wp-content\/uploads\/2024\/12\/3264680004117-VN060102-VIEW4-LIFESTYLE-STICK_LEVRES-TEXTURE-2024-2000x2000-1-1536x1536.jpg 1536w, https:\/\/parashopnarimel.com\/wp-content\/uploads\/2024\/12\/3264680004117-VN060102-VIEW4-LIFESTYLE-STICK_LEVRES-TEXTURE-2024-2000x2000-1-600x600.jpg 600w, https:\/\/parashopnarimel.com\/wp-content\/uploads\/2024\/12\/3264680004117-VN060102-VIEW4-LIFESTYLE-STICK_LEVRES-TEXTURE-2024-2000x2000-1-1200x1200.jpg 1200w, https:\/\/parashopnarimel.com\/wp-content\/uploads\/2024\/12\/3264680004117-VN060102-VIEW4-LIFESTYLE-STICK_LEVRES-TEXTURE-2024-2000x2000-1.jpg 2000w\" sizes=\"(max-width: 300px) 100vw, 300px\" \/><\/p>\n<p>Nuxe R\u00eave de Miel Cr\u00e8me Mains et Ongles 30 ml + Stick L\u00e8vres Hydratant 4 g est une offre d\u00e9couverte compos\u00e9e de 2 produits de soin de la gamme R\u00eave de Miel, pour les mains et les l\u00e8vres dess\u00e9ch\u00e9es.<br \/>\n\u2013 Nuxe R\u00eave de Miel Cr\u00e8me Mains et Ongles 30 ml est une cr\u00e8me qui r\u00e9pare, nourrit et prot\u00e8ge la peau des mains dess\u00e9ch\u00e9es. Sa texture soyeuse au doux parfum de miel enveloppe les mains de douceur sans effet gras.Sa composition contient :<\/p>\n<p>du miel, nourrissant, qui prend soin de vos mains dess\u00e9ch\u00e9es,<br \/>\ndes huiles v\u00e9g\u00e9tales pr\u00e9cieuses (avocat, amande douce, argan), relipidantes, qui pr\u00e9viennent le dess\u00e8chement cutan\u00e9,<br \/>\nde la vitamine E qui pr\u00e9vient le vieillissement pr\u00e9matur\u00e9 de la peau.<\/p>\n<p>\u2013 Nuxe R\u00eave de Miel Stick L\u00e8vres Hydratant 4 g est un stick l\u00e8vres hydratant qui adoucit et assouplit les l\u00e8vres ab\u00eem\u00e9es ou dess\u00e9ch\u00e9es. Sa formule aux principaux actifs d\u2019origine naturelle : miel, huiles v\u00e9g\u00e9tales pr\u00e9cieuses (son de riz, macadamia, amande douce, argan), extrait d\u2019orge, beurre de karit\u00e9, vitamine E, d\u00e9riv\u00e9 d\u2019huile de tournesol est sp\u00e9cialement con\u00e7ue pour que les l\u00e8vres ne ressentent plus de tiraillements. Il les laissera souples et douces, comme r\u00e9confort\u00e9es.<br \/>\n90% du total des ingr\u00e9dients sont d\u2019origine naturelle.<\/p>","protected":false},"featured_media":12437,"comment_status":"open","ping_status":"closed","template":"","meta":[],"product_brand":[],"product_cat":[96,2899,2907,2914],"product_tag":[],"class_list":{"0":"post-2137","1":"product","2":"type-product","3":"status-publish","4":"has-post-thumbnail","6":"product_cat-non-classe","7":"product_cat-coffret","8":"product_cat-soins-des-levres","9":"product_cat-soins-mains-et-pieds","11":"first","12":"outofstock","13":"sale","14":"shipping-taxable","15":"purchasable","16":"product-type-simple"},"_links":{"self":[{"href":"https:\/\/parashopnarimel.com\/ar\/wp-json\/wp\/v2\/product\/2137","targetHints":{"allow":["GET"]}}],"collection":[{"href":"https:\/\/parashopnarimel.com\/ar\/wp-json\/wp\/v2\/product"}],"about":[{"href":"https:\/\/parashopnarimel.com\/ar\/wp-json\/wp\/v2\/types\/product"}],"replies":[{"embeddable":true,"href":"https:\/\/parashopnarimel.com\/ar\/wp-json\/wp\/v2\/comments?post=2137"}],"version-history":[{"count":4,"href":"https:\/\/parashopnarimel.com\/ar\/wp-json\/wp\/v2\/product\/2137\/revisions"}],"predecessor-version":[{"id":12438,"href":"https:\/\/parashopnarimel.com\/ar\/wp-json\/wp\/v2\/product\/2137\/revisions\/12438"}],"wp:featuredmedia":[{"embeddable":true,"href":"https:\/\/parashopnarimel.com\/ar\/wp-json\/wp\/v2\/media\/12437"}],"wp:attachment":[{"href":"https:\/\/parashopnarimel.com\/ar\/wp-json\/wp\/v2\/media?parent=2137"}],"wp:term":[{"taxonomy":"product_brand","embeddable":true,"href":"https:\/\/parashopnarimel.com\/ar\/wp-json\/wp\/v2\/product_brand?post=2137"},{"taxonomy":"product_cat","embeddable":true,"href":"https:\/\/parashopnarimel.com\/ar\/wp-json\/wp\/v2\/product_cat?post=2137"},{"taxonomy":"product_tag","embeddable":true,"href":"https:\/\/parashopnarimel.com\/ar\/wp-json\/wp\/v2\/product_tag?post=2137"}],"curies":[{"name":"wp","href":"https:\/\/api.w.org\/{rel}","templated":true}]}}