{"id":2158,"date":"2024-12-29T06:40:39","date_gmt":"2024-12-29T06:40:39","guid":{"rendered":"https:\/\/parashopnarimel.com\/?post_type=product&#038;p=2158"},"modified":"2025-01-19T11:22:50","modified_gmt":"2025-01-19T11:22:50","slug":"vichy-neovadiol-meno-5-bi-serum-peri-et-post-menopause-30ml","status":"publish","type":"product","link":"https:\/\/parashopnarimel.com\/ar\/product\/vichy-neovadiol-meno-5-bi-serum-peri-et-post-menopause-30ml\/","title":{"rendered":"VICHY NEOVADIOL MENO-5 BI S\u00c9RUM PERI ET POST M\u00c9NOPAUSE  30ML"},"content":{"rendered":"<p>Vichy Neovadiol Meno 5 Bi-S\u00e9rum Rel\u00e2chement &amp; Taches Brunes 30 ml est un s\u00e9rum con\u00e7u pour compenser les impacts visibles de la m\u00e9nopause sur la peau.<br \/>\nIl apporte 5 b\u00e9n\u00e9fices : contours red\u00e9finis, \u00e9clat, nutrition, anti-rides, anti-taches brunes.<br \/>\nSa formule associe l\u2019Eau Volcanique de Vichy, riche de 15 min\u00e9raux, au Proxylane densifiant, \u00e0 l\u2019extrait de Cassia, \u00e0 un trio de vitamines B3-Cg-E, et aux Om\u00e9gas issus d\u2019huiles v\u00e9g\u00e9tales.<br \/>\nLes contours sont resculpt\u00e9s, les rides et taches brunes corrig\u00e9es. Relipid\u00e9e, la peau retrouve son \u00e9clat.<br \/>\nTest\u00e9 dermatologiquement, m\u00eame sur peau sensible.<\/p>","protected":false},"excerpt":{"rendered":"<p>Vichy Neovadiol Meno 5 Bi-S\u00e9rum Rel\u00e2chement &amp; Taches Brunes 30 ml est un s\u00e9rum con\u00e7u pour compenser les impacts visibles de la m\u00e9nopause sur la peau.<br \/>\nIl apporte 5 b\u00e9n\u00e9fices : contours red\u00e9finis, \u00e9clat, nutrition, anti-rides, anti-taches brunes.<br \/>\nSa formule associe l\u2019Eau Volcanique de Vichy, riche de 15 min\u00e9raux, au Proxylane densifiant, \u00e0 l\u2019extrait de Cassia, \u00e0 un trio de vitamines B3-Cg-E, et aux Om\u00e9gas issus d\u2019huiles v\u00e9g\u00e9tales.<br \/>\nLes contours sont resculpt\u00e9s, les rides et taches brunes corrig\u00e9es. Relipid\u00e9e, la peau retrouve son \u00e9clat.<br \/>\nTest\u00e9 dermatologiquement, m\u00eame sur peau sensible.<\/p>","protected":false},"featured_media":2235,"comment_status":"open","ping_status":"closed","template":"","meta":[],"product_brand":[],"product_cat":[96,2906],"product_tag":[],"class_list":{"0":"post-2158","1":"product","2":"type-product","3":"status-publish","4":"has-post-thumbnail","6":"product_cat-non-classe","7":"product_cat-serums","9":"first","10":"outofstock","11":"sale","12":"shipping-taxable","13":"purchasable","14":"product-type-simple"},"_links":{"self":[{"href":"https:\/\/parashopnarimel.com\/ar\/wp-json\/wp\/v2\/product\/2158","targetHints":{"allow":["GET"]}}],"collection":[{"href":"https:\/\/parashopnarimel.com\/ar\/wp-json\/wp\/v2\/product"}],"about":[{"href":"https:\/\/parashopnarimel.com\/ar\/wp-json\/wp\/v2\/types\/product"}],"replies":[{"embeddable":true,"href":"https:\/\/parashopnarimel.com\/ar\/wp-json\/wp\/v2\/comments?post=2158"}],"version-history":[{"count":2,"href":"https:\/\/parashopnarimel.com\/ar\/wp-json\/wp\/v2\/product\/2158\/revisions"}],"predecessor-version":[{"id":8316,"href":"https:\/\/parashopnarimel.com\/ar\/wp-json\/wp\/v2\/product\/2158\/revisions\/8316"}],"wp:featuredmedia":[{"embeddable":true,"href":"https:\/\/parashopnarimel.com\/ar\/wp-json\/wp\/v2\/media\/2235"}],"wp:attachment":[{"href":"https:\/\/parashopnarimel.com\/ar\/wp-json\/wp\/v2\/media?parent=2158"}],"wp:term":[{"taxonomy":"product_brand","embeddable":true,"href":"https:\/\/parashopnarimel.com\/ar\/wp-json\/wp\/v2\/product_brand?post=2158"},{"taxonomy":"product_cat","embeddable":true,"href":"https:\/\/parashopnarimel.com\/ar\/wp-json\/wp\/v2\/product_cat?post=2158"},{"taxonomy":"product_tag","embeddable":true,"href":"https:\/\/parashopnarimel.com\/ar\/wp-json\/wp\/v2\/product_tag?post=2158"}],"curies":[{"name":"wp","href":"https:\/\/api.w.org\/{rel}","templated":true}]}}