{"id":2159,"date":"2024-12-29T06:40:39","date_gmt":"2024-12-29T06:40:39","guid":{"rendered":"https:\/\/parashopnarimel.com\/?post_type=product&#038;p=2159"},"modified":"2025-01-19T11:23:19","modified_gmt":"2025-01-19T11:23:19","slug":"vichy-liftactiv-secialist-b3-serum-30ml","status":"publish","type":"product","link":"https:\/\/parashopnarimel.com\/ar\/product\/vichy-liftactiv-secialist-b3-serum-30ml\/","title":{"rendered":"Vichy Liftactiv Secialist B3 Serum 30mL"},"content":{"rendered":"<p>Prendre soin de la peau au quotidien permet d\u2019allonger sa jeunesse et d\u2019optimiser votre beaut\u00e9. Pour cela, vous avez plusieurs choix de produits.\u00a0Vichy LiftActiv sp\u00e9cialist B3 s\u00e9rum\u00a0taches brunes\u00a0et\u00a0rides\u00a0est la solution id\u00e9ale si vous voulez retarder le plus possible les signes du vieillissement.<\/p>\n<p>Propos\u00e9 dans un flacon applicateur de 30\u00a0ml, ce s\u00e9rum est constitu\u00e9 d\u2019un complexe anti taches \u00e0 base d\u2019acide glycolique, de la niacinamide, de la vitamine Cg, des peptides collagen specialist et bien entendu, de l\u2019eau volcanique de Vichy. Ce produit ne pr\u00e9sente aucun risque d\u2019effets ind\u00e9sirables sur votre sant\u00e9.<\/p>\n<p>CIBLE PARTICULI\u00c8REMENT LES SIGNES DE L\u2019\u00c2GE<\/p>\n<p>Lorsqu\u2019on commence \u00e0 avancer en \u00e2ge, les signes comme les taches, les rides et les ridules commencent \u00e0 se manifester. Ces signes peuvent \u00e9galement appara\u00eetre face aux diff\u00e9rentes formes d\u2019agressions ext\u00e9rieures comme les\u00a0UV\u00a0et les pollutions.<br \/>\nVichy LiftActiv sp\u00e9cialist B3 s\u00e9rum taches brunes et rides\u00a0a \u00e9t\u00e9 con\u00e7u pour les cibler. En effet, gr\u00e2ce aux complexes anti-taches qui composent sa formule, ce produit permet de corriger les taches brunes et r\u00e9duire les rides pour redonner \u00e0 votre peau son \u00e9clat naturel.<\/p>\n<p>RENFORCE LA PROTECTION DE LA PEAU ET LA PRODUCTION DE COLLAG\u00c8NE<\/p>\n<p>Vichy\u00a0LiftActiv sp\u00e9cialist B3 s\u00e9rum taches brunes et rides\u00a0est une v\u00e9ritable solution miracle pour avoir une peau plus jeune et pr\u00e9serv\u00e9e des signes de l\u2019\u00e2ge. En effet, les peptides collagen specialist vont booster la production d\u2019\u00e9lastine et de collag\u00e8ne. Cela permet de redonner \u00e0 votre peau plus de fermet\u00e9. Quant \u00e0 l\u2019eau volcanique de Vichy, elle va fortifier votre peau pour qu\u2019elle puisse r\u00e9sister aux diff\u00e9rentes agressions ext\u00e9rieures. Avec ce s\u00e9rum, vos rides sont att\u00e9nu\u00e9es, votre peau plus \u00e9clatante et plus ferme et votre teint bien unifi\u00e9.<\/p>","protected":false},"excerpt":{"rendered":"<p>Prendre soin de la peau au quotidien permet d\u2019allonger sa jeunesse et d\u2019optimiser votre beaut\u00e9. Pour cela, vous avez plusieurs choix de produits.\u00a0Vichy LiftActiv sp\u00e9cialist B3 s\u00e9rum\u00a0taches brunes\u00a0et\u00a0rides\u00a0est la solution id\u00e9ale si vous voulez retarder le plus possible les signes du vieillissement.<\/p>\n<p>Propos\u00e9 dans un flacon applicateur de 30\u00a0ml, ce s\u00e9rum est constitu\u00e9 d\u2019un complexe anti taches \u00e0 base d\u2019acide glycolique, de la niacinamide, de la vitamine Cg, des peptides collagen specialist et bien entendu, de l\u2019eau volcanique de Vichy. Ce produit ne pr\u00e9sente aucun risque d\u2019effets ind\u00e9sirables sur votre sant\u00e9.<\/p>","protected":false},"featured_media":2237,"comment_status":"open","ping_status":"closed","template":"","meta":[],"product_brand":[],"product_cat":[96,2906],"product_tag":[],"class_list":{"0":"post-2159","1":"product","2":"type-product","3":"status-publish","4":"has-post-thumbnail","6":"product_cat-non-classe","7":"product_cat-serums","9":"first","10":"instock","11":"sale","12":"shipping-taxable","13":"purchasable","14":"product-type-simple"},"_links":{"self":[{"href":"https:\/\/parashopnarimel.com\/ar\/wp-json\/wp\/v2\/product\/2159","targetHints":{"allow":["GET"]}}],"collection":[{"href":"https:\/\/parashopnarimel.com\/ar\/wp-json\/wp\/v2\/product"}],"about":[{"href":"https:\/\/parashopnarimel.com\/ar\/wp-json\/wp\/v2\/types\/product"}],"replies":[{"embeddable":true,"href":"https:\/\/parashopnarimel.com\/ar\/wp-json\/wp\/v2\/comments?post=2159"}],"version-history":[{"count":2,"href":"https:\/\/parashopnarimel.com\/ar\/wp-json\/wp\/v2\/product\/2159\/revisions"}],"predecessor-version":[{"id":8317,"href":"https:\/\/parashopnarimel.com\/ar\/wp-json\/wp\/v2\/product\/2159\/revisions\/8317"}],"wp:featuredmedia":[{"embeddable":true,"href":"https:\/\/parashopnarimel.com\/ar\/wp-json\/wp\/v2\/media\/2237"}],"wp:attachment":[{"href":"https:\/\/parashopnarimel.com\/ar\/wp-json\/wp\/v2\/media?parent=2159"}],"wp:term":[{"taxonomy":"product_brand","embeddable":true,"href":"https:\/\/parashopnarimel.com\/ar\/wp-json\/wp\/v2\/product_brand?post=2159"},{"taxonomy":"product_cat","embeddable":true,"href":"https:\/\/parashopnarimel.com\/ar\/wp-json\/wp\/v2\/product_cat?post=2159"},{"taxonomy":"product_tag","embeddable":true,"href":"https:\/\/parashopnarimel.com\/ar\/wp-json\/wp\/v2\/product_tag?post=2159"}],"curies":[{"name":"wp","href":"https:\/\/api.w.org\/{rel}","templated":true}]}}