{"id":2160,"date":"2024-12-29T06:40:39","date_gmt":"2024-12-29T06:40:39","guid":{"rendered":"https:\/\/parashopnarimel.com\/?post_type=product&#038;p=2160"},"modified":"2025-01-19T11:23:31","modified_gmt":"2025-01-19T11:23:31","slug":"vichy-liftactiv-supreme-h-a-epidermic-filler-30-ml","status":"publish","type":"product","link":"https:\/\/parashopnarimel.com\/ar\/product\/vichy-liftactiv-supreme-h-a-epidermic-filler-30-ml\/","title":{"rendered":"Vichy Liftactiv Supreme H.A Epidermic Filler 30 ml"},"content":{"rendered":"<p>Le 1er s\u00e9rum \u00e0 effet combleur progressif qui recharge \u00e0 100% la perte quotidienne en acide hyaluronique de la peau. S\u00e9rum quotidien visage et yeux avec 1,5% d\u2019Acide hyaluronique pur \u00e0 effet combleur progressif pour corriger les signes de l\u2019\u00e2ge d\u00fbs \u00e0 la perte d\u2019acide hyaluronique causant une d\u00e9gradation de la structure cutan\u00e9e.<br \/>\nEFFICACIT\u00c9 CLINIQUEMENT PROUV\u00c9E: Jour apr\u00e8s jour comble les rides. Lisse les ridules. Restaure les volumes du visage.<br \/>\nFORMULE HAUTE PERFORMANCE : Le s\u00e9rum H.A. Epidermic Filler avec 1,5% d\u2019Acide hyaluronique pur \u00e0 effet combleur progressif pour corriger les signes de l\u2019\u00e2ge d\u00fbs \u00e0 la perte d\u2019acide hyaluronique causant une d\u00e9gradation de la structure cutan\u00e9e.<br \/>\nEFFICACIT\u00c9 CLINIQUEMENT PROUV\u00c9E: Jour apr\u00e8s jour comble les rides. Lisse les ridules. Restaure les volumes du visage.<\/p>","protected":false},"excerpt":{"rendered":"<p>Le 1er s\u00e9rum \u00e0 effet combleur progressif qui recharge \u00e0 100% la perte quotidienne en acide hyaluronique de la peau. S\u00e9rum quotidien visage et yeux avec 1,5% d\u2019Acide hyaluronique pur \u00e0 effet combleur progressif pour corriger les signes de l\u2019\u00e2ge d\u00fbs \u00e0 la perte d\u2019acide hyaluronique causant une d\u00e9gradation de la structure cutan\u00e9e.<br \/>\nEFFICACIT\u00c9 CLINIQUEMENT PROUV\u00c9E: Jour apr\u00e8s jour comble les rides. Lisse les ridules. Restaure les volumes du visage.<br \/>\nFORMULE HAUTE PERFORMANCE : Le s\u00e9rum H.A. Epidermic Filler avec 1,5% d\u2019Acide hyaluronique pur \u00e0 effet combleur progressif pour corriger les signes de l\u2019\u00e2ge d\u00fbs \u00e0 la perte d\u2019acide hyaluronique causant une d\u00e9gradation de la structure cutan\u00e9e.<br \/>\nEFFICACIT\u00c9 CLINIQUEMENT PROUV\u00c9E: Jour apr\u00e8s jour comble les rides. Lisse les ridules. Restaure les volumes du visage.<\/p>","protected":false},"featured_media":2246,"comment_status":"open","ping_status":"closed","template":"","meta":[],"product_brand":[],"product_cat":[96,2906],"product_tag":[],"class_list":{"0":"post-2160","1":"product","2":"type-product","3":"status-publish","4":"has-post-thumbnail","6":"product_cat-non-classe","7":"product_cat-serums","9":"first","10":"instock","11":"sale","12":"shipping-taxable","13":"purchasable","14":"product-type-simple"},"_links":{"self":[{"href":"https:\/\/parashopnarimel.com\/ar\/wp-json\/wp\/v2\/product\/2160","targetHints":{"allow":["GET"]}}],"collection":[{"href":"https:\/\/parashopnarimel.com\/ar\/wp-json\/wp\/v2\/product"}],"about":[{"href":"https:\/\/parashopnarimel.com\/ar\/wp-json\/wp\/v2\/types\/product"}],"replies":[{"embeddable":true,"href":"https:\/\/parashopnarimel.com\/ar\/wp-json\/wp\/v2\/comments?post=2160"}],"version-history":[{"count":1,"href":"https:\/\/parashopnarimel.com\/ar\/wp-json\/wp\/v2\/product\/2160\/revisions"}],"predecessor-version":[{"id":2247,"href":"https:\/\/parashopnarimel.com\/ar\/wp-json\/wp\/v2\/product\/2160\/revisions\/2247"}],"wp:featuredmedia":[{"embeddable":true,"href":"https:\/\/parashopnarimel.com\/ar\/wp-json\/wp\/v2\/media\/2246"}],"wp:attachment":[{"href":"https:\/\/parashopnarimel.com\/ar\/wp-json\/wp\/v2\/media?parent=2160"}],"wp:term":[{"taxonomy":"product_brand","embeddable":true,"href":"https:\/\/parashopnarimel.com\/ar\/wp-json\/wp\/v2\/product_brand?post=2160"},{"taxonomy":"product_cat","embeddable":true,"href":"https:\/\/parashopnarimel.com\/ar\/wp-json\/wp\/v2\/product_cat?post=2160"},{"taxonomy":"product_tag","embeddable":true,"href":"https:\/\/parashopnarimel.com\/ar\/wp-json\/wp\/v2\/product_tag?post=2160"}],"curies":[{"name":"wp","href":"https:\/\/api.w.org\/{rel}","templated":true}]}}