{"id":2178,"date":"2024-12-29T06:41:01","date_gmt":"2024-12-29T06:41:01","guid":{"rendered":"https:\/\/parashopnarimel.com\/?post_type=product&#038;p=2178"},"modified":"2025-01-19T11:23:47","modified_gmt":"2025-01-19T11:23:47","slug":"effaclar-duom-soin-triple-correction-anti-imperfections-boutons-points-noirs-40ml","status":"publish","type":"product","link":"https:\/\/parashopnarimel.com\/ar\/product\/effaclar-duom-soin-triple-correction-anti-imperfections-boutons-points-noirs-40ml\/","title":{"rendered":"EFFACLAR DUO+M \u2013 Soin Triple Correction Anti-Imperfections, Boutons &#038; Points noirs, 40ml"},"content":{"rendered":"<p>Effaclar Duo+M de La Roche-Posay\u00a0est un soin triple correction anti-imperfections, d\u00e9sormais enrichi par la science du microbiome, pour une\u00a0efficacit\u00e9 cibl\u00e9e, m\u00eame sur les imperfections s\u00e9v\u00e8res.<br \/>\nUne\u00a0d\u00e9couverte scientifique\u00a0nous montre que dans le microbiome de la peau, les bact\u00e9ries responsables des imperfections sont compos\u00e9es de plusieurs sous-types appel\u00e9s phylotypes. La recherche a montr\u00e9 qu\u2019un manque de diversit\u00e9 entre les phylotypes et une\u00a0pr\u00e9dominance du phylotype IA1 sont associ\u00e9s \u00e0 la prolif\u00e9ration des imperfections et \u00e0 la s\u00e9v\u00e9rit\u00e9 de l\u2019acn\u00e9.<br \/>\nCette nouvelle formule enrichie par la science du microbiome gr\u00e2ce au\u00a0nouvel actif Phylobioma qui agit sur le phylotype IA1 pour r\u00e9duire les imperfections et la surproduction de s\u00e9bum \u00e0 la source.<br \/>\nSon efficacit\u00e9 a \u00e9t\u00e9 prouv\u00e9e sur les\u00a0peaux grasses \u00e0 tendance acn\u00e9ique. Test\u00e9 sur plus de 6700 sujets, sur tous les phototypes de peau : I, II, III, IV, V, VI.<br \/>\nCe soin offre une action\u00a0anti-boutons, anti-points noirs et anti-marques post-acn\u00e9, Anti-rechute.<br \/>\nSa\u00a0texture gel-cr\u00e8me frais\u00a0permet une matit\u00e9 longue-dur\u00e9e. Son\u00a0absorption est rapide\u00a0pour un fini non collant et non gras. IIl constitue une\u00a0excellente base de maquillage.<\/p>","protected":false},"excerpt":{"rendered":"<p>Effaclar Duo+M de la Roche-Posay, la triple efficacit\u00e9 cibl\u00e9e m\u00eame sur les imperfections s\u00e9v\u00e8res : imperfections, points noirs et marques post-acn\u00e9.h<\/p>","protected":false},"featured_media":2254,"comment_status":"open","ping_status":"closed","template":"","meta":[],"product_brand":[],"product_cat":[96,29],"product_tag":[],"class_list":{"0":"post-2178","1":"product","2":"type-product","3":"status-publish","4":"has-post-thumbnail","6":"product_cat-non-classe","7":"product_cat-creme","9":"first","10":"instock","11":"shipping-taxable","12":"purchasable","13":"product-type-simple"},"_links":{"self":[{"href":"https:\/\/parashopnarimel.com\/ar\/wp-json\/wp\/v2\/product\/2178","targetHints":{"allow":["GET"]}}],"collection":[{"href":"https:\/\/parashopnarimel.com\/ar\/wp-json\/wp\/v2\/product"}],"about":[{"href":"https:\/\/parashopnarimel.com\/ar\/wp-json\/wp\/v2\/types\/product"}],"replies":[{"embeddable":true,"href":"https:\/\/parashopnarimel.com\/ar\/wp-json\/wp\/v2\/comments?post=2178"}],"version-history":[{"count":2,"href":"https:\/\/parashopnarimel.com\/ar\/wp-json\/wp\/v2\/product\/2178\/revisions"}],"predecessor-version":[{"id":11954,"href":"https:\/\/parashopnarimel.com\/ar\/wp-json\/wp\/v2\/product\/2178\/revisions\/11954"}],"wp:featuredmedia":[{"embeddable":true,"href":"https:\/\/parashopnarimel.com\/ar\/wp-json\/wp\/v2\/media\/2254"}],"wp:attachment":[{"href":"https:\/\/parashopnarimel.com\/ar\/wp-json\/wp\/v2\/media?parent=2178"}],"wp:term":[{"taxonomy":"product_brand","embeddable":true,"href":"https:\/\/parashopnarimel.com\/ar\/wp-json\/wp\/v2\/product_brand?post=2178"},{"taxonomy":"product_cat","embeddable":true,"href":"https:\/\/parashopnarimel.com\/ar\/wp-json\/wp\/v2\/product_cat?post=2178"},{"taxonomy":"product_tag","embeddable":true,"href":"https:\/\/parashopnarimel.com\/ar\/wp-json\/wp\/v2\/product_tag?post=2178"}],"curies":[{"name":"wp","href":"https:\/\/api.w.org\/{rel}","templated":true}]}}