{"id":2222,"date":"2024-12-29T06:41:44","date_gmt":"2024-12-29T06:41:44","guid":{"rendered":"https:\/\/parashopnarimel.com\/?post_type=product&#038;p=2222"},"modified":"2026-03-31T22:06:55","modified_gmt":"2026-03-31T22:06:55","slug":"tocobo-stick-solaire-doux-coton-spf50-pa-19g","status":"publish","type":"product","link":"https:\/\/parashopnarimel.com\/ar\/product\/tocobo-stick-solaire-doux-coton-spf50-pa-19g\/","title":{"rendered":"TOCOBO Stick Solaire Doux Coton SPF50+ PA++++ 19g"},"content":{"rendered":"<p>Doux et l\u00e9gerpour votre peau, mais tr\u00e8s efficace pour la prot\u00e9ger du soleil. Tocobo Cotton Soft Sun Stick SPF50+ PA++++ est enrichi d\u2019ingr\u00e9dients d\u2019origine naturelle pour garantir que votre peau reste hydrat\u00e9e et calme tout au long de la journ\u00e9e. Fortifi\u00e9 avec le complexe Herb AC qui est un m\u00e9lange de 4 herbes qui agissent comme anti-inflammatoires et apaisantes sur la peau. Le b\u00e2ton solaire \u00e0 l\u2019\u00e9preuve des voyages a \u00e9t\u00e9 cr\u00e9\u00e9 non seulement pour prot\u00e9ger la peau, mais aussi pour \u00e9quilibrer le s\u00e9bum et cr\u00e9er un fini mat naturel et doux.<\/p>","protected":false},"excerpt":{"rendered":"<p>Doux et l\u00e9gerpour votre peau, mais tr\u00e8s efficace pour la prot\u00e9ger du soleil. Tocobo Cotton Soft Sun Stick SPF50+ PA++++ est enrichi d\u2019ingr\u00e9dients d\u2019origine naturelle pour garantir que votre peau reste hydrat\u00e9e et calme tout au long de la journ\u00e9e. Fortifi\u00e9 avec le complexe Herb AC qui est un m\u00e9lange de 4 herbes qui agissent comme anti-inflammatoires et apaisantes sur la peau. Le b\u00e2ton solaire \u00e0 l\u2019\u00e9preuve des voyages a \u00e9t\u00e9 cr\u00e9\u00e9 non seulement pour prot\u00e9ger la peau, mais aussi pour \u00e9quilibrer le s\u00e9bum et cr\u00e9er un fini mat naturel et doux.<\/p>","protected":false},"featured_media":2299,"comment_status":"open","ping_status":"closed","template":"","meta":[],"product_brand":[],"product_cat":[96,147],"product_tag":[],"class_list":{"0":"post-2222","1":"product","2":"type-product","3":"status-publish","4":"has-post-thumbnail","6":"product_cat-non-classe","7":"product_cat-protection-solaire-visage","9":"first","10":"instock","11":"shipping-taxable","12":"purchasable","13":"product-type-simple"},"_links":{"self":[{"href":"https:\/\/parashopnarimel.com\/ar\/wp-json\/wp\/v2\/product\/2222","targetHints":{"allow":["GET"]}}],"collection":[{"href":"https:\/\/parashopnarimel.com\/ar\/wp-json\/wp\/v2\/product"}],"about":[{"href":"https:\/\/parashopnarimel.com\/ar\/wp-json\/wp\/v2\/types\/product"}],"replies":[{"embeddable":true,"href":"https:\/\/parashopnarimel.com\/ar\/wp-json\/wp\/v2\/comments?post=2222"}],"version-history":[{"count":1,"href":"https:\/\/parashopnarimel.com\/ar\/wp-json\/wp\/v2\/product\/2222\/revisions"}],"predecessor-version":[{"id":2300,"href":"https:\/\/parashopnarimel.com\/ar\/wp-json\/wp\/v2\/product\/2222\/revisions\/2300"}],"wp:featuredmedia":[{"embeddable":true,"href":"https:\/\/parashopnarimel.com\/ar\/wp-json\/wp\/v2\/media\/2299"}],"wp:attachment":[{"href":"https:\/\/parashopnarimel.com\/ar\/wp-json\/wp\/v2\/media?parent=2222"}],"wp:term":[{"taxonomy":"product_brand","embeddable":true,"href":"https:\/\/parashopnarimel.com\/ar\/wp-json\/wp\/v2\/product_brand?post=2222"},{"taxonomy":"product_cat","embeddable":true,"href":"https:\/\/parashopnarimel.com\/ar\/wp-json\/wp\/v2\/product_cat?post=2222"},{"taxonomy":"product_tag","embeddable":true,"href":"https:\/\/parashopnarimel.com\/ar\/wp-json\/wp\/v2\/product_tag?post=2222"}],"curies":[{"name":"wp","href":"https:\/\/api.w.org\/{rel}","templated":true}]}}