{"id":2283,"date":"2024-12-29T06:42:53","date_gmt":"2024-12-29T06:42:53","guid":{"rendered":"https:\/\/parashopnarimel.com\/?post_type=product&#038;p=2283"},"modified":"2025-01-19T11:24:17","modified_gmt":"2025-01-19T11:24:17","slug":"svr-sun-secure-blur-creme-mousse-flouteur-optique-spf50-50ml","status":"publish","type":"product","link":"https:\/\/parashopnarimel.com\/ar\/product\/svr-sun-secure-blur-creme-mousse-flouteur-optique-spf50-50ml\/","title":{"rendered":"SVR Sun Secure Blur Cr\u00e8me Mousse Flouteur Optique Spf50 50ml"},"content":{"rendered":"<p>SUN SECURE Blur offre une haute protection solaire dans une texture mousse magique\u00a0!<br \/>\nLa cr\u00e8me mousse abricot\u00e9e fond instantan\u00e9ment sur la peau et devient invisible pour un effet peau nue. Les imperfections sont flout\u00e9es, le teint liss\u00e9 et unifi\u00e9, la peau incroyablement velout\u00e9e. Comme une base de maquillage, la protection en plus.<\/p>","protected":false},"excerpt":{"rendered":"<p>SUN SECURE Blur offre une haute protection solaire dans une texture mousse magique\u00a0!<br \/>\nLa cr\u00e8me mousse abricot\u00e9e fond instantan\u00e9ment sur la peau et devient invisible pour un effet peau nue. Les imperfections sont flout\u00e9es, le teint liss\u00e9 et unifi\u00e9, la peau incroyablement velout\u00e9e. Comme une base de maquillage, la protection en plus.<\/p>","protected":false},"featured_media":2359,"comment_status":"open","ping_status":"closed","template":"","meta":[],"product_brand":[],"product_cat":[96,147],"product_tag":[],"class_list":{"0":"post-2283","1":"product","2":"type-product","3":"status-publish","4":"has-post-thumbnail","6":"product_cat-non-classe","7":"product_cat-protection-solaire-visage","9":"first","10":"outofstock","11":"sale","12":"shipping-taxable","13":"purchasable","14":"product-type-simple"},"_links":{"self":[{"href":"https:\/\/parashopnarimel.com\/ar\/wp-json\/wp\/v2\/product\/2283","targetHints":{"allow":["GET"]}}],"collection":[{"href":"https:\/\/parashopnarimel.com\/ar\/wp-json\/wp\/v2\/product"}],"about":[{"href":"https:\/\/parashopnarimel.com\/ar\/wp-json\/wp\/v2\/types\/product"}],"replies":[{"embeddable":true,"href":"https:\/\/parashopnarimel.com\/ar\/wp-json\/wp\/v2\/comments?post=2283"}],"version-history":[{"count":1,"href":"https:\/\/parashopnarimel.com\/ar\/wp-json\/wp\/v2\/product\/2283\/revisions"}],"predecessor-version":[{"id":2360,"href":"https:\/\/parashopnarimel.com\/ar\/wp-json\/wp\/v2\/product\/2283\/revisions\/2360"}],"wp:featuredmedia":[{"embeddable":true,"href":"https:\/\/parashopnarimel.com\/ar\/wp-json\/wp\/v2\/media\/2359"}],"wp:attachment":[{"href":"https:\/\/parashopnarimel.com\/ar\/wp-json\/wp\/v2\/media?parent=2283"}],"wp:term":[{"taxonomy":"product_brand","embeddable":true,"href":"https:\/\/parashopnarimel.com\/ar\/wp-json\/wp\/v2\/product_brand?post=2283"},{"taxonomy":"product_cat","embeddable":true,"href":"https:\/\/parashopnarimel.com\/ar\/wp-json\/wp\/v2\/product_cat?post=2283"},{"taxonomy":"product_tag","embeddable":true,"href":"https:\/\/parashopnarimel.com\/ar\/wp-json\/wp\/v2\/product_tag?post=2283"}],"curies":[{"name":"wp","href":"https:\/\/api.w.org\/{rel}","templated":true}]}}