{"id":2349,"date":"2024-12-29T06:43:58","date_gmt":"2024-12-29T06:43:58","guid":{"rendered":"https:\/\/parashopnarimel.com\/?post_type=product&#038;p=2349"},"modified":"2025-02-04T17:10:16","modified_gmt":"2025-02-04T17:10:16","slug":"cosrx-advanced-snail-96-mucin-power-essence","status":"publish","type":"product","link":"https:\/\/parashopnarimel.com\/ar\/product\/cosrx-advanced-snail-96-mucin-power-essence\/","title":{"rendered":"Cosrx Advanced Snail 96 Mucin Power Essence"},"content":{"rendered":"<p>Cet extrait ultra-l\u00e9ger \u00e0 la bave d\u2019escargot tr\u00e8s efficace a de multiples effets positifs sur la peau : il hydrate, apaise, r\u00e9pare et am\u00e9liore l\u2019\u00e9lasticit\u00e9 de la peau.<br \/>\nProduit compos\u00e9 de plus de 96% de bave d\u2019escargot, connue pour ses propri\u00e9t\u00e9s apaisantes, r\u00e9g\u00e9n\u00e9rantes et hydratantes. L\u2019essence nourrit, rafra\u00eechit et donne \u00e0 la peau un \u00e9clat naturel.<\/p>","protected":false},"excerpt":{"rendered":"<p>Cet extrait ultra-l\u00e9ger \u00e0 la bave d\u2019escargot tr\u00e8s efficace a de multiples effets positifs sur la peau : il hydrate, apaise, r\u00e9pare et am\u00e9liore l\u2019\u00e9lasticit\u00e9 de la peau.<br \/>\nProduit compos\u00e9 de plus de 96% de bave d\u2019escargot, connue pour ses propri\u00e9t\u00e9s apaisantes, r\u00e9g\u00e9n\u00e9rantes et hydratantes. L\u2019essence nourrit, rafra\u00eechit et donne \u00e0 la peau un \u00e9clat naturel<\/p>","protected":false},"featured_media":2426,"comment_status":"open","ping_status":"closed","template":"","meta":[],"product_brand":[],"product_cat":[96,29,2905],"product_tag":[],"class_list":{"0":"post-2349","1":"product","2":"type-product","3":"status-publish","4":"has-post-thumbnail","6":"product_cat-non-classe","7":"product_cat-creme","8":"product_cat-lotion","10":"first","11":"instock","12":"shipping-taxable","13":"purchasable","14":"product-type-simple"},"_links":{"self":[{"href":"https:\/\/parashopnarimel.com\/ar\/wp-json\/wp\/v2\/product\/2349","targetHints":{"allow":["GET"]}}],"collection":[{"href":"https:\/\/parashopnarimel.com\/ar\/wp-json\/wp\/v2\/product"}],"about":[{"href":"https:\/\/parashopnarimel.com\/ar\/wp-json\/wp\/v2\/types\/product"}],"replies":[{"embeddable":true,"href":"https:\/\/parashopnarimel.com\/ar\/wp-json\/wp\/v2\/comments?post=2349"}],"version-history":[{"count":2,"href":"https:\/\/parashopnarimel.com\/ar\/wp-json\/wp\/v2\/product\/2349\/revisions"}],"predecessor-version":[{"id":11957,"href":"https:\/\/parashopnarimel.com\/ar\/wp-json\/wp\/v2\/product\/2349\/revisions\/11957"}],"wp:featuredmedia":[{"embeddable":true,"href":"https:\/\/parashopnarimel.com\/ar\/wp-json\/wp\/v2\/media\/2426"}],"wp:attachment":[{"href":"https:\/\/parashopnarimel.com\/ar\/wp-json\/wp\/v2\/media?parent=2349"}],"wp:term":[{"taxonomy":"product_brand","embeddable":true,"href":"https:\/\/parashopnarimel.com\/ar\/wp-json\/wp\/v2\/product_brand?post=2349"},{"taxonomy":"product_cat","embeddable":true,"href":"https:\/\/parashopnarimel.com\/ar\/wp-json\/wp\/v2\/product_cat?post=2349"},{"taxonomy":"product_tag","embeddable":true,"href":"https:\/\/parashopnarimel.com\/ar\/wp-json\/wp\/v2\/product_tag?post=2349"}],"curies":[{"name":"wp","href":"https:\/\/api.w.org\/{rel}","templated":true}]}}