{"id":2369,"date":"2024-12-29T06:44:20","date_gmt":"2024-12-29T06:44:20","guid":{"rendered":"https:\/\/parashopnarimel.com\/?post_type=product&#038;p=2369"},"modified":"2025-07-14T13:30:54","modified_gmt":"2025-07-14T13:30:54","slug":"la-roche-posay-anthelios-fluide-invisible-spf-50-50ml","status":"publish","type":"product","link":"https:\/\/parashopnarimel.com\/ar\/product\/la-roche-posay-anthelios-fluide-invisible-spf-50-50ml\/","title":{"rendered":"La Roche-Posay Anthelios Fluide Invisible SPF 50 50ml"},"content":{"rendered":"<p>Protection solaire dermatologique pour les peaux sensibles<br \/>\nLa nouvelle g\u00e9n\u00e9ration de cr\u00e8mes solaires Anth\u00e9lios baptis\u00e9e SHAKA offre une protection infaillible aux peaux sensibles contre les effets n\u00e9fastes du soleil. On le sait, les rayons UVA\/UVB sont responsables de dommages irr\u00e9versibles sur l\u2019\u00e9piderme. Une bonne protection solaire est donc indispensable pour pr\u00e9server la peau de ces effets d\u00e9vastateurs\u00a0:\u00a0coups de soleil, br\u00fblures, photo-vieillissement, oxydation cellulaire, taches pigmentaires\u2026<br \/>\nLe fluide Anth\u00e9lios Shaka SPF50+ offre une protection \u00e0 large spectre pour le visage contre :<\/p>\n<p>les\u00a0rayons UVA\/UVB<br \/>\nles rayons infrarouges<br \/>\nla pollution.<\/p>\n<p>Parfaitement prot\u00e9g\u00e9e, la peau du visage conserve son capital sant\u00e9 intacte, m\u00eame en cas d\u2019ensoleillement intense.<br \/>\nProtection solaire invisible, non grasse et ultra-r\u00e9sistante<br \/>\nLa\u00a0protection solaire visage La Roche-Posay Anth\u00e9lios Shaka\u00a0vous garantit une facilit\u00e9 et un confort d\u2019utilisation optimum\u00a0:<\/p>\n<p>Sa\u00a0texture fluide\u00a0s\u2019\u00e9tale facilement.<br \/>\nNon-grasse, elle p\u00e9n\u00e8tre instantan\u00e9ment et ne laisse\u00a0pas de traces blanches.<br \/>\nR\u00e9sistante \u00e0 l\u2019eau, \u00e0 la transpiration et au sable.<br \/>\nSa formule\u00a0anti-picotement oculaire\u00a0vous permet de l\u2019appliquer sur tout le visage y compris le contour des yeux, une zone extr\u00eamement fine et fragile qu\u2019il convient de prot\u00e9ger absolument des m\u00e9faits du soleil.<br \/>\nHypoallerg\u00e9nique, elle convient aux peaux les plus sensibles ainsi qu\u2019aux porteurs de lentilles.<\/p>\n<p>L\u00e9g\u00e8re et agr\u00e9able \u00e0 porter, la cr\u00e8me solaire visage La Roche-Posay Anth\u00e9lios Shaka concentre le meilleur de la gamme Anth\u00e9lios\u00a0: un filtre solaire ultra-efficace qui a d\u00e9montr\u00e9 son efficacit\u00e9 \u00e0 travers 31 \u00e9tudes cliniques r\u00e9alis\u00e9es sur des peaux particuli\u00e8rement sensibles et intol\u00e9rantes au soleil.<\/p>","protected":false},"excerpt":{"rendered":"<p>La cr\u00e8me solaire fluide\u00a0La Roche-Posay Anth\u00e9lios Shaka SPF30+\u00a0offre une tr\u00e8s haute protection aux peaux les plus sensibles. Totalement invisible, elle forme un bouclier contre les\u00a0UVA\/UVB, les rayons\u00a0infrarouges\u00a0et la\u00a0pollution. Gr\u00e2ce \u00e0 sa formule anti-picotement oculaire, elle peut \u00eatre appliqu\u00e9e sur tout le visage y compris le\u00a0contour des yeux.<\/p>","protected":false},"featured_media":2445,"comment_status":"open","ping_status":"closed","template":"","meta":[],"product_brand":[],"product_cat":[96,147],"product_tag":[],"class_list":{"0":"post-2369","1":"product","2":"type-product","3":"status-publish","4":"has-post-thumbnail","6":"product_cat-non-classe","7":"product_cat-protection-solaire-visage","9":"first","10":"instock","11":"sale","12":"shipping-taxable","13":"purchasable","14":"product-type-simple"},"_links":{"self":[{"href":"https:\/\/parashopnarimel.com\/ar\/wp-json\/wp\/v2\/product\/2369","targetHints":{"allow":["GET"]}}],"collection":[{"href":"https:\/\/parashopnarimel.com\/ar\/wp-json\/wp\/v2\/product"}],"about":[{"href":"https:\/\/parashopnarimel.com\/ar\/wp-json\/wp\/v2\/types\/product"}],"replies":[{"embeddable":true,"href":"https:\/\/parashopnarimel.com\/ar\/wp-json\/wp\/v2\/comments?post=2369"}],"version-history":[{"count":1,"href":"https:\/\/parashopnarimel.com\/ar\/wp-json\/wp\/v2\/product\/2369\/revisions"}],"predecessor-version":[{"id":2446,"href":"https:\/\/parashopnarimel.com\/ar\/wp-json\/wp\/v2\/product\/2369\/revisions\/2446"}],"wp:featuredmedia":[{"embeddable":true,"href":"https:\/\/parashopnarimel.com\/ar\/wp-json\/wp\/v2\/media\/2445"}],"wp:attachment":[{"href":"https:\/\/parashopnarimel.com\/ar\/wp-json\/wp\/v2\/media?parent=2369"}],"wp:term":[{"taxonomy":"product_brand","embeddable":true,"href":"https:\/\/parashopnarimel.com\/ar\/wp-json\/wp\/v2\/product_brand?post=2369"},{"taxonomy":"product_cat","embeddable":true,"href":"https:\/\/parashopnarimel.com\/ar\/wp-json\/wp\/v2\/product_cat?post=2369"},{"taxonomy":"product_tag","embeddable":true,"href":"https:\/\/parashopnarimel.com\/ar\/wp-json\/wp\/v2\/product_tag?post=2369"}],"curies":[{"name":"wp","href":"https:\/\/api.w.org\/{rel}","templated":true}]}}