{"id":2459,"date":"2024-12-29T06:45:50","date_gmt":"2024-12-29T06:45:50","guid":{"rendered":"https:\/\/parashopnarimel.com\/?post_type=product&#038;p=2459"},"modified":"2025-01-19T11:24:59","modified_gmt":"2025-01-19T11:24:59","slug":"eucerin-sun-pigment-control-gel-creme-teinte-spf-50","status":"publish","type":"product","link":"https:\/\/parashopnarimel.com\/ar\/product\/eucerin-sun-pigment-control-gel-creme-teinte-spf-50\/","title":{"rendered":"EUCERIN SUN PIGMENT CONTROL Gel-Cr\u00e8me Teint\u00e9 SPF 50+"},"content":{"rendered":"<p>Protection solaire anti-taches<br \/>\nPr\u00e9vient l\u2019hyperpigmentation induite par le soleil. R\u00e9duit les taches brunes et pr\u00e9vient leur r\u00e9apparition.<br \/>\nCouvre imm\u00e9diatement les taches pigmentaires et irr\u00e9gularit\u00e9s du teint.<\/p>","protected":false},"excerpt":{"rendered":"<p>Protection solaire anti-taches<br \/>\nPr\u00e9vient l\u2019hyperpigmentation induite par le soleil. R\u00e9duit les taches brunes et pr\u00e9vient leur r\u00e9apparition.<br \/>\nCouvre imm\u00e9diatement les taches pigmentaires et irr\u00e9gularit\u00e9s du teint.<\/p>","protected":false},"featured_media":2546,"comment_status":"open","ping_status":"closed","template":"","meta":[],"product_brand":[],"product_cat":[1110,147],"product_tag":[],"class_list":{"0":"post-2459","1":"product","2":"type-product","3":"status-publish","4":"has-post-thumbnail","6":"product_cat-anti-taches","7":"product_cat-protection-solaire-visage","9":"first","10":"outofstock","11":"sale","12":"shipping-taxable","13":"purchasable","14":"product-type-simple"},"_links":{"self":[{"href":"https:\/\/parashopnarimel.com\/ar\/wp-json\/wp\/v2\/product\/2459","targetHints":{"allow":["GET"]}}],"collection":[{"href":"https:\/\/parashopnarimel.com\/ar\/wp-json\/wp\/v2\/product"}],"about":[{"href":"https:\/\/parashopnarimel.com\/ar\/wp-json\/wp\/v2\/types\/product"}],"replies":[{"embeddable":true,"href":"https:\/\/parashopnarimel.com\/ar\/wp-json\/wp\/v2\/comments?post=2459"}],"version-history":[{"count":2,"href":"https:\/\/parashopnarimel.com\/ar\/wp-json\/wp\/v2\/product\/2459\/revisions"}],"predecessor-version":[{"id":11955,"href":"https:\/\/parashopnarimel.com\/ar\/wp-json\/wp\/v2\/product\/2459\/revisions\/11955"}],"wp:featuredmedia":[{"embeddable":true,"href":"https:\/\/parashopnarimel.com\/ar\/wp-json\/wp\/v2\/media\/2546"}],"wp:attachment":[{"href":"https:\/\/parashopnarimel.com\/ar\/wp-json\/wp\/v2\/media?parent=2459"}],"wp:term":[{"taxonomy":"product_brand","embeddable":true,"href":"https:\/\/parashopnarimel.com\/ar\/wp-json\/wp\/v2\/product_brand?post=2459"},{"taxonomy":"product_cat","embeddable":true,"href":"https:\/\/parashopnarimel.com\/ar\/wp-json\/wp\/v2\/product_cat?post=2459"},{"taxonomy":"product_tag","embeddable":true,"href":"https:\/\/parashopnarimel.com\/ar\/wp-json\/wp\/v2\/product_tag?post=2459"}],"curies":[{"name":"wp","href":"https:\/\/api.w.org\/{rel}","templated":true}]}}