{"id":2481,"date":"2024-12-29T06:46:12","date_gmt":"2024-12-29T06:46:12","guid":{"rendered":"https:\/\/parashopnarimel.com\/?post_type=product&#038;p=2481"},"modified":"2025-05-10T21:57:38","modified_gmt":"2025-05-10T21:57:38","slug":"eucerin-photoaging-control-anti-age-sun-fluid-spf50-50ml","status":"publish","type":"product","link":"https:\/\/parashopnarimel.com\/ar\/product\/eucerin-photoaging-control-anti-age-sun-fluid-spf50-50ml\/","title":{"rendered":"Eucerin Photoaging Control Anti-\u00c2ge Sun Fluid SPF50 50ml"},"content":{"rendered":"<p>Eucerin Photoaging Control Anti-\u00c2ge Sun Fluid SPF50 50ml\u00a0est une\u00a0haute protection solaire\u00a0pour le visage con\u00e7ue pour\u00a0prot\u00e9ger la peau des dommages dus aux UV,\u00a0notamment la formation de taches de vieillesse. Elle\u00a0hydrate en profondeur\u00a0afin de\u00a0r\u00e9duire l\u2019apparence des rides sur le visage et le d\u00e9collet\u00e9.<\/p>\n<p>Sa formule contient une\u00a0protection anti-UVA et UVB\u00a0ainsi que de l\u2019Acide Hyaluronique\u00a0ayant une efficacit\u00e9 anti-\u00e2ge. En compl\u00e9ment, l\u2019Acide Glycyrrh\u00e9tinique\u00a0favorise les m\u00e9canismes naturels de protection et de r\u00e9paration de l\u2019ADN, et la\u00a0Licochalcone A\u00a0prot\u00e8ge les cellules de la peau des dommages provoqu\u00e9s par les radicaux libres. L\u00e9g\u00e8re et agr\u00e9able, la\u00a0texture\u00a0de cette protection solaire non parfum\u00e9e\u00a0p\u00e9n\u00e8tre facilement\u00a0et laisse\u00a0un fini mat sur la peau.<\/p>\n<p>Convient \u00e0 tous les types de peaux, y compris les peaux sensibles.<br \/>\nNon com\u00e9dog\u00e8ne.<\/p>","protected":false},"excerpt":{"rendered":"<p>Eucerin Photoaging Control Anti-\u00c2ge Sun Fluid SPF50 50ml\u00a0est une\u00a0haute protection solaire\u00a0pour le visage con\u00e7ue pour\u00a0prot\u00e9ger la peau des dommages dus aux UV,\u00a0notamment la formation de taches de vieillesse. Elle\u00a0hydrate en profondeur\u00a0afin de\u00a0r\u00e9duire l\u2019apparence des rides sur le visage et le d\u00e9collet\u00e9.<\/p>","protected":false},"featured_media":2569,"comment_status":"open","ping_status":"closed","template":"","meta":[],"product_brand":[],"product_cat":[96,147],"product_tag":[],"class_list":{"0":"post-2481","1":"product","2":"type-product","3":"status-publish","4":"has-post-thumbnail","6":"product_cat-non-classe","7":"product_cat-protection-solaire-visage","9":"first","10":"instock","11":"shipping-taxable","12":"purchasable","13":"product-type-simple"},"_links":{"self":[{"href":"https:\/\/parashopnarimel.com\/ar\/wp-json\/wp\/v2\/product\/2481","targetHints":{"allow":["GET"]}}],"collection":[{"href":"https:\/\/parashopnarimel.com\/ar\/wp-json\/wp\/v2\/product"}],"about":[{"href":"https:\/\/parashopnarimel.com\/ar\/wp-json\/wp\/v2\/types\/product"}],"replies":[{"embeddable":true,"href":"https:\/\/parashopnarimel.com\/ar\/wp-json\/wp\/v2\/comments?post=2481"}],"version-history":[{"count":2,"href":"https:\/\/parashopnarimel.com\/ar\/wp-json\/wp\/v2\/product\/2481\/revisions"}],"predecessor-version":[{"id":11956,"href":"https:\/\/parashopnarimel.com\/ar\/wp-json\/wp\/v2\/product\/2481\/revisions\/11956"}],"wp:featuredmedia":[{"embeddable":true,"href":"https:\/\/parashopnarimel.com\/ar\/wp-json\/wp\/v2\/media\/2569"}],"wp:attachment":[{"href":"https:\/\/parashopnarimel.com\/ar\/wp-json\/wp\/v2\/media?parent=2481"}],"wp:term":[{"taxonomy":"product_brand","embeddable":true,"href":"https:\/\/parashopnarimel.com\/ar\/wp-json\/wp\/v2\/product_brand?post=2481"},{"taxonomy":"product_cat","embeddable":true,"href":"https:\/\/parashopnarimel.com\/ar\/wp-json\/wp\/v2\/product_cat?post=2481"},{"taxonomy":"product_tag","embeddable":true,"href":"https:\/\/parashopnarimel.com\/ar\/wp-json\/wp\/v2\/product_tag?post=2481"}],"curies":[{"name":"wp","href":"https:\/\/api.w.org\/{rel}","templated":true}]}}