{"id":2518,"date":"2024-12-29T06:46:55","date_gmt":"2024-12-29T06:46:55","guid":{"rendered":"https:\/\/parashopnarimel.com\/?post_type=product&#038;p=2518"},"modified":"2025-01-19T11:25:25","modified_gmt":"2025-01-19T11:25:25","slug":"sebionex-trio-creme","status":"publish","type":"product","link":"https:\/\/parashopnarimel.com\/ar\/product\/sebionex-trio-creme\/","title":{"rendered":"S\u00c9BIONEX TRIO CR\u00c8ME"},"content":{"rendered":"<p>Cette cr\u00e8me correctrice pour les peaux grasses et \u00e0 imperfections s\u2019utilise sur le visage, seule ou en compl\u00e9ment des traitements anti-acn\u00e9iques.<br \/>\nTr\u00e8s efficace contre les imperfections les plus s\u00e9v\u00e8res dues \u00e0 l\u2019acn\u00e9, cette cr\u00e8me combine 3 actions compl\u00e9mentaires :<br \/>\n\u2013 Elle diminue les imperfections, exfolie en douceur et limite la formation des bouchons corn\u00e9s (gr\u00e2ce aux esters et sels d\u2019AHA, acide salicylique.<br \/>\n\u2013 Elle r\u00e9gule la production de s\u00e9bum gr\u00e2ce notamment au gluconate de zinc.<br \/>\n\u2013 Elle apaise, hydrate et matifie gr\u00e2ce \u00e0 la vitamine PP, le bisabolol, le lactate d\u2019ammonium et \u00e0 la glyc\u00e9rine.<br \/>\nLe teint est matifi\u00e9 durablement, la peau ne brille plus, le visage retrouve sa nettet\u00e9.<\/p>\n<p>Le+Gal\u00e9nique optimale.\u00a0\u00a0Non com\u00e9dog\u00e8ne.\u00a0\u00a0Bonne base de maquillage<\/p>","protected":false},"excerpt":{"rendered":"<p>Cette cr\u00e8me correctrice pour les peaux grasses et \u00e0 imperfections s\u2019utilise sur le visage, seule ou en compl\u00e9ment des traitements anti-acn\u00e9iques.<\/p>","protected":false},"featured_media":2595,"comment_status":"open","ping_status":"closed","template":"","meta":[],"product_brand":[],"product_cat":[96,29],"product_tag":[],"class_list":{"0":"post-2518","1":"product","2":"type-product","3":"status-publish","4":"has-post-thumbnail","6":"product_cat-non-classe","7":"product_cat-creme","9":"first","10":"instock","11":"shipping-taxable","12":"purchasable","13":"product-type-simple"},"_links":{"self":[{"href":"https:\/\/parashopnarimel.com\/ar\/wp-json\/wp\/v2\/product\/2518","targetHints":{"allow":["GET"]}}],"collection":[{"href":"https:\/\/parashopnarimel.com\/ar\/wp-json\/wp\/v2\/product"}],"about":[{"href":"https:\/\/parashopnarimel.com\/ar\/wp-json\/wp\/v2\/types\/product"}],"replies":[{"embeddable":true,"href":"https:\/\/parashopnarimel.com\/ar\/wp-json\/wp\/v2\/comments?post=2518"}],"version-history":[{"count":2,"href":"https:\/\/parashopnarimel.com\/ar\/wp-json\/wp\/v2\/product\/2518\/revisions"}],"predecessor-version":[{"id":11953,"href":"https:\/\/parashopnarimel.com\/ar\/wp-json\/wp\/v2\/product\/2518\/revisions\/11953"}],"wp:featuredmedia":[{"embeddable":true,"href":"https:\/\/parashopnarimel.com\/ar\/wp-json\/wp\/v2\/media\/2595"}],"wp:attachment":[{"href":"https:\/\/parashopnarimel.com\/ar\/wp-json\/wp\/v2\/media?parent=2518"}],"wp:term":[{"taxonomy":"product_brand","embeddable":true,"href":"https:\/\/parashopnarimel.com\/ar\/wp-json\/wp\/v2\/product_brand?post=2518"},{"taxonomy":"product_cat","embeddable":true,"href":"https:\/\/parashopnarimel.com\/ar\/wp-json\/wp\/v2\/product_cat?post=2518"},{"taxonomy":"product_tag","embeddable":true,"href":"https:\/\/parashopnarimel.com\/ar\/wp-json\/wp\/v2\/product_tag?post=2518"}],"curies":[{"name":"wp","href":"https:\/\/api.w.org\/{rel}","templated":true}]}}