{"id":2520,"date":"2024-12-29T06:46:55","date_gmt":"2024-12-29T06:46:55","guid":{"rendered":"https:\/\/parashopnarimel.com\/?post_type=product&#038;p=2520"},"modified":"2026-04-18T23:56:55","modified_gmt":"2026-04-18T23:56:55","slug":"acm-sebionex-hydra-creme-reparatrice-40ml","status":"publish","type":"product","link":"https:\/\/parashopnarimel.com\/ar\/product\/acm-sebionex-hydra-creme-reparatrice-40ml\/","title":{"rendered":"ACM Sebionex HYDRA Cr\u00e8me R\u00e9paratrice 40ML"},"content":{"rendered":"<p>Formul\u00e9e pour les peaux fragilis\u00e9es et dess\u00e9ch\u00e9es par les agressions ext\u00e9rieures et les traitements dermatologiques dess\u00e9chants, la\u00a0cr\u00e8me ACM S\u00e9bionex Hydra\u00a0r\u00e9pare efficacement la peau.<br \/>\nElle permet \u00e9galement :<\/p>\n<p>d\u2019hydrater,<br \/>\nd\u2019apaiser les sensations d\u2019inconfort,<br \/>\nde lutter contre l\u2019apparition de marques,<br \/>\nde renforcer la barri\u00e8re cutan\u00e9e,<br \/>\nd\u2019assurer une meilleure observance des traitements anti-acn\u00e9iques.<\/p>\n<p>Elle agit gr\u00e2ce \u00e0 une formule qui contient de l\u2019acide hyaluronique, de la glyc\u00e9rine, un complexe de c\u00e9ramides, du beurre de karit\u00e9, de la vitamine PP\u2026<br \/>\nIndications :<br \/>\nCr\u00e8me r\u00e9paratrice pour les peaux fragilis\u00e9es et dess\u00e9ch\u00e9es.<\/p>","protected":false},"excerpt":{"rendered":"<p>ACM Sebionex HYDRA Cr\u00e8me R\u00e9paratrice formul\u00e9e pour corriger les imperfections des peaux jeunes \u00e0 probl\u00e8mes et arreter leur apparition. La cr\u00e8me est une association synergetique d\u2019actifs matifiants, s\u00e9bo-r\u00e9gulateurs, anti-bact\u00e9riens, apaisants et hydratants.<\/p>","protected":false},"featured_media":2599,"comment_status":"open","ping_status":"closed","template":"","meta":[],"product_brand":[],"product_cat":[96],"product_tag":[],"class_list":{"0":"post-2520","1":"product","2":"type-product","3":"status-publish","4":"has-post-thumbnail","6":"product_cat-non-classe","8":"first","9":"instock","10":"shipping-taxable","11":"purchasable","12":"product-type-simple"},"_links":{"self":[{"href":"https:\/\/parashopnarimel.com\/ar\/wp-json\/wp\/v2\/product\/2520","targetHints":{"allow":["GET"]}}],"collection":[{"href":"https:\/\/parashopnarimel.com\/ar\/wp-json\/wp\/v2\/product"}],"about":[{"href":"https:\/\/parashopnarimel.com\/ar\/wp-json\/wp\/v2\/types\/product"}],"replies":[{"embeddable":true,"href":"https:\/\/parashopnarimel.com\/ar\/wp-json\/wp\/v2\/comments?post=2520"}],"version-history":[{"count":1,"href":"https:\/\/parashopnarimel.com\/ar\/wp-json\/wp\/v2\/product\/2520\/revisions"}],"predecessor-version":[{"id":2600,"href":"https:\/\/parashopnarimel.com\/ar\/wp-json\/wp\/v2\/product\/2520\/revisions\/2600"}],"wp:featuredmedia":[{"embeddable":true,"href":"https:\/\/parashopnarimel.com\/ar\/wp-json\/wp\/v2\/media\/2599"}],"wp:attachment":[{"href":"https:\/\/parashopnarimel.com\/ar\/wp-json\/wp\/v2\/media?parent=2520"}],"wp:term":[{"taxonomy":"product_brand","embeddable":true,"href":"https:\/\/parashopnarimel.com\/ar\/wp-json\/wp\/v2\/product_brand?post=2520"},{"taxonomy":"product_cat","embeddable":true,"href":"https:\/\/parashopnarimel.com\/ar\/wp-json\/wp\/v2\/product_cat?post=2520"},{"taxonomy":"product_tag","embeddable":true,"href":"https:\/\/parashopnarimel.com\/ar\/wp-json\/wp\/v2\/product_tag?post=2520"}],"curies":[{"name":"wp","href":"https:\/\/api.w.org\/{rel}","templated":true}]}}