{"id":2611,"date":"2024-12-29T06:48:23","date_gmt":"2024-12-29T06:48:23","guid":{"rendered":"https:\/\/parashopnarimel.com\/?post_type=product&#038;p=2611"},"modified":"2025-04-25T22:14:44","modified_gmt":"2025-04-25T22:14:44","slug":"collagen-30-cp","status":"publish","type":"product","link":"https:\/\/parashopnarimel.com\/ar\/product\/collagen-30-cp\/","title":{"rendered":"collag\u00e8ne Hydrolis\u00e9 Nutraxin boite  30 CP"},"content":{"rendered":"<p id=\"tw-target-text\" class=\"tw-data-text tw-text-large tw-ta\" dir=\"ltr\" data-placeholder=\"Traduction\"><span class=\"Y2IQFc\" lang=\"fr\">Le comprim\u00e9 Nutraxin Collagen est une formulation sp\u00e9ciale qui offre ensemble du resv\u00e9ratrol, de l\u2019acide hyaluronique et de la brom\u00e9la\u00efne. Le collag\u00e8ne dans son contenu est du collag\u00e8ne hydrolys\u00e9 qui permet une absorption facile. Il est soutenu par de la biotine et du zinc qui contribuent \u00e0 la protection de la peau.<\/span><\/p>\n<p class=\"tw-data-text tw-text-large tw-ta\" dir=\"ltr\" data-placeholder=\"Traduction\"><span class=\"Y2IQFc\" lang=\"fr\">\u201cLa biotine et le zinc contribuent \u00e0 la protection de la peau.\u201d<\/span><\/p>\n<p class=\"tw-data-text tw-text-large tw-ta\" dir=\"ltr\" data-placeholder=\"Traduction\"><span class=\"Y2IQFc\" lang=\"fr\">\u201cLa vitamine C contribue \u00e0 la production de collag\u00e8ne n\u00e9cessaire au fonctionnement normal de la peau.\u201d<\/span><\/p>\n<p>&nbsp;<\/p>","protected":false},"excerpt":{"rendered":"<p>collag\u00e8ne Hydrolis\u00e9 Nutraxin boite 30 CP<\/p>\n<p>cure de 1 mois<\/p>\n<p>&nbsp;<\/p>","protected":false},"featured_media":2697,"comment_status":"open","ping_status":"closed","template":"","meta":[],"product_brand":[],"product_cat":[2890],"product_tag":[],"class_list":{"0":"post-2611","1":"product","2":"type-product","3":"status-publish","4":"has-post-thumbnail","6":"product_cat-complements-alimentaires","8":"first","9":"outofstock","10":"shipping-taxable","11":"purchasable","12":"product-type-simple"},"_links":{"self":[{"href":"https:\/\/parashopnarimel.com\/ar\/wp-json\/wp\/v2\/product\/2611","targetHints":{"allow":["GET"]}}],"collection":[{"href":"https:\/\/parashopnarimel.com\/ar\/wp-json\/wp\/v2\/product"}],"about":[{"href":"https:\/\/parashopnarimel.com\/ar\/wp-json\/wp\/v2\/types\/product"}],"replies":[{"embeddable":true,"href":"https:\/\/parashopnarimel.com\/ar\/wp-json\/wp\/v2\/comments?post=2611"}],"version-history":[{"count":3,"href":"https:\/\/parashopnarimel.com\/ar\/wp-json\/wp\/v2\/product\/2611\/revisions"}],"predecessor-version":[{"id":12565,"href":"https:\/\/parashopnarimel.com\/ar\/wp-json\/wp\/v2\/product\/2611\/revisions\/12565"}],"wp:featuredmedia":[{"embeddable":true,"href":"https:\/\/parashopnarimel.com\/ar\/wp-json\/wp\/v2\/media\/2697"}],"wp:attachment":[{"href":"https:\/\/parashopnarimel.com\/ar\/wp-json\/wp\/v2\/media?parent=2611"}],"wp:term":[{"taxonomy":"product_brand","embeddable":true,"href":"https:\/\/parashopnarimel.com\/ar\/wp-json\/wp\/v2\/product_brand?post=2611"},{"taxonomy":"product_cat","embeddable":true,"href":"https:\/\/parashopnarimel.com\/ar\/wp-json\/wp\/v2\/product_cat?post=2611"},{"taxonomy":"product_tag","embeddable":true,"href":"https:\/\/parashopnarimel.com\/ar\/wp-json\/wp\/v2\/product_tag?post=2611"}],"curies":[{"name":"wp","href":"https:\/\/api.w.org\/{rel}","templated":true}]}}