{"id":2669,"date":"2024-12-29T06:49:33","date_gmt":"2024-12-29T06:49:33","guid":{"rendered":"https:\/\/parashopnarimel.com\/?post_type=product&#038;p=2669"},"modified":"2025-01-19T11:26:32","modified_gmt":"2025-01-19T11:26:32","slug":"scrub-mask","status":"publish","type":"product","link":"https:\/\/parashopnarimel.com\/ar\/product\/scrub-mask\/","title":{"rendered":"SCRUB &#038; MASK"},"content":{"rendered":"<p>Un masque double exfoliation pour reoxygener et faire eclore une nouvelle peau.<\/p>","protected":false},"excerpt":{"rendered":"<p>Un masque double exfoliation pour reoxygener et faire eclore une nouvelle peau.<br \/>\nEtape 1 \u2013 Gommage \u00e9closion nouvelle peau<br \/>\nMasser d\u00e9licatement sur une peau pr\u00e9alablement nettoy\u00e9e : des sph\u00e8res de perlite effectuent une exfoliation douce de la peau tandis qu\u2019une puissante enzyme stimule la desquamation cutan\u00e9e pour un effet peau neuve intensif.<br \/>\nEtape 2 \u2013 Masque effervescent pro-jeunesse<br \/>\nUne fois le gommage r\u00e9alis\u00e9, laisser poser, la texture se transforme en une mousse de soin active. Des micro-bulles d\u2019oxyg\u00e8ne se lib\u00e8rent pour favoriser la respiration des peaux asphyxi\u00e9es. Quand les bulles ont disparu, il est temps de rincer.<br \/>\nR\u00e9sultat : les pores sont resserr\u00e9s, le grain de peau est affin\u00e9 et lisse. Comme r\u00e9oxyg\u00e9n\u00e9e, la peau respire d\u2019un nouvel \u00e9clat.<br \/>\nTexture unique qui se transforme au contact de la peau.<\/p>","protected":false},"featured_media":2752,"comment_status":"open","ping_status":"closed","template":"","meta":[],"product_brand":[],"product_cat":[96,2908],"product_tag":[],"class_list":{"0":"post-2669","1":"product","2":"type-product","3":"status-publish","4":"has-post-thumbnail","6":"product_cat-non-classe","7":"product_cat-gommage-et-peeling","9":"first","10":"instock","11":"shipping-taxable","12":"purchasable","13":"product-type-simple"},"_links":{"self":[{"href":"https:\/\/parashopnarimel.com\/ar\/wp-json\/wp\/v2\/product\/2669","targetHints":{"allow":["GET"]}}],"collection":[{"href":"https:\/\/parashopnarimel.com\/ar\/wp-json\/wp\/v2\/product"}],"about":[{"href":"https:\/\/parashopnarimel.com\/ar\/wp-json\/wp\/v2\/types\/product"}],"replies":[{"embeddable":true,"href":"https:\/\/parashopnarimel.com\/ar\/wp-json\/wp\/v2\/comments?post=2669"}],"version-history":[{"count":2,"href":"https:\/\/parashopnarimel.com\/ar\/wp-json\/wp\/v2\/product\/2669\/revisions"}],"predecessor-version":[{"id":11952,"href":"https:\/\/parashopnarimel.com\/ar\/wp-json\/wp\/v2\/product\/2669\/revisions\/11952"}],"wp:featuredmedia":[{"embeddable":true,"href":"https:\/\/parashopnarimel.com\/ar\/wp-json\/wp\/v2\/media\/2752"}],"wp:attachment":[{"href":"https:\/\/parashopnarimel.com\/ar\/wp-json\/wp\/v2\/media?parent=2669"}],"wp:term":[{"taxonomy":"product_brand","embeddable":true,"href":"https:\/\/parashopnarimel.com\/ar\/wp-json\/wp\/v2\/product_brand?post=2669"},{"taxonomy":"product_cat","embeddable":true,"href":"https:\/\/parashopnarimel.com\/ar\/wp-json\/wp\/v2\/product_cat?post=2669"},{"taxonomy":"product_tag","embeddable":true,"href":"https:\/\/parashopnarimel.com\/ar\/wp-json\/wp\/v2\/product_tag?post=2669"}],"curies":[{"name":"wp","href":"https:\/\/api.w.org\/{rel}","templated":true}]}}