{"id":2913,"date":"2024-12-29T06:54:05","date_gmt":"2024-12-29T06:54:05","guid":{"rendered":"https:\/\/parashopnarimel.com\/?post_type=product&#038;p=2913"},"modified":"2025-01-20T18:05:34","modified_gmt":"2025-01-20T18:05:34","slug":"minoxidil-5","status":"publish","type":"product","link":"https:\/\/parashopnarimel.com\/ar\/product\/minoxidil-5\/","title":{"rendered":"Minoxidil 5%"},"content":{"rendered":"<p>Un traitement d\u2019une dur\u00e9e de 2 mois \u00e0 raison de 2 applications par jour peut \u00eatre n\u00e9cessaire avant que soit mise en \u00e9vidence une stimulation de la pousse des cheveux.<br \/>\nLe d\u00e9but et le degr\u00e9 de la r\u00e9ponse varient en fonction des sujets.<br \/>\nNe pas arr\u00eater les applications au risque de revenir \u00e0 l\u2019\u00e9tat ant\u00e9rieur apr\u00e8s un d\u00e9lai de 3 ou 4 mois. Ne plus utiliser MINOXIDIL SANDOZ CONSEIL en l\u2019absence d\u2019am\u00e9lioration apr\u00e8s 4 mois d\u2019utilisation.<br \/>\nL\u2019augmentation de la dose ou de la fr\u00e9quence d\u2019application n\u2019entrainera pas d\u2019am\u00e9lioration des r\u00e9sultats.<\/p>","protected":false},"excerpt":{"rendered":"<p>Ce m\u00e9dicament est indiqu\u00e9 en cas de chute de cheveux mod\u00e9r\u00e9e (alop\u00e9cie androg\u00e9n\u00e9tique) chez le sujet de sexe masculin.<\/p>","protected":false},"featured_media":2988,"comment_status":"open","ping_status":"closed","template":"","meta":[],"product_brand":[],"product_cat":[2920],"product_tag":[],"class_list":{"0":"post-2913","1":"product","2":"type-product","3":"status-publish","4":"has-post-thumbnail","6":"product_cat-huiles-et-spray","8":"first","9":"instock","10":"shipping-taxable","11":"purchasable","12":"product-type-simple"},"_links":{"self":[{"href":"https:\/\/parashopnarimel.com\/ar\/wp-json\/wp\/v2\/product\/2913","targetHints":{"allow":["GET"]}}],"collection":[{"href":"https:\/\/parashopnarimel.com\/ar\/wp-json\/wp\/v2\/product"}],"about":[{"href":"https:\/\/parashopnarimel.com\/ar\/wp-json\/wp\/v2\/types\/product"}],"replies":[{"embeddable":true,"href":"https:\/\/parashopnarimel.com\/ar\/wp-json\/wp\/v2\/comments?post=2913"}],"version-history":[{"count":2,"href":"https:\/\/parashopnarimel.com\/ar\/wp-json\/wp\/v2\/product\/2913\/revisions"}],"predecessor-version":[{"id":11950,"href":"https:\/\/parashopnarimel.com\/ar\/wp-json\/wp\/v2\/product\/2913\/revisions\/11950"}],"wp:featuredmedia":[{"embeddable":true,"href":"https:\/\/parashopnarimel.com\/ar\/wp-json\/wp\/v2\/media\/2988"}],"wp:attachment":[{"href":"https:\/\/parashopnarimel.com\/ar\/wp-json\/wp\/v2\/media?parent=2913"}],"wp:term":[{"taxonomy":"product_brand","embeddable":true,"href":"https:\/\/parashopnarimel.com\/ar\/wp-json\/wp\/v2\/product_brand?post=2913"},{"taxonomy":"product_cat","embeddable":true,"href":"https:\/\/parashopnarimel.com\/ar\/wp-json\/wp\/v2\/product_cat?post=2913"},{"taxonomy":"product_tag","embeddable":true,"href":"https:\/\/parashopnarimel.com\/ar\/wp-json\/wp\/v2\/product_tag?post=2913"}],"curies":[{"name":"wp","href":"https:\/\/api.w.org\/{rel}","templated":true}]}}