{"id":2980,"date":"2024-12-29T06:55:15","date_gmt":"2024-12-29T06:55:15","guid":{"rendered":"https:\/\/parashopnarimel.com\/?post_type=product&#038;p=2980"},"modified":"2025-01-19T11:40:15","modified_gmt":"2025-01-19T11:40:15","slug":"la-roche-posay-vit-c10-serum-30ml","status":"publish","type":"product","link":"https:\/\/parashopnarimel.com\/ar\/product\/la-roche-posay-vit-c10-serum-30ml\/","title":{"rendered":"La Roche Posay Vit C10 s\u00e9rum 30ML"},"content":{"rendered":"<p>S\u00e9rum \u00e0 la vitamine C 10% anti-rides R\u00e9v\u00e8le l\u2019\u00e9clat des peaux sensibles Ce s\u00e9rum \u00e0 la vitamine C anti-rides \u00e9clat avec 10% de Vitamine C pure r\u00e9v\u00e8le l\u2019\u00e9clat des peaux sensibles.<br \/>\nIl est efficace contre les rides, le manque d\u2019\u00e9clat et le grain de peau irr\u00e9gulier.<\/p>","protected":false},"excerpt":{"rendered":"<p>S\u00c9RUM \u00c0 LA\u00a0VITAMINE C 10% \u00c0 L\u2019ACTION\u00a0ANTI-RIDES R\u00c9V\u00c8LE L\u2019\u00c9CLAT DES PEAUX SENSIBLES<\/p>","protected":false},"featured_media":3055,"comment_status":"open","ping_status":"closed","template":"","meta":[],"product_brand":[],"product_cat":[96,2906],"product_tag":[],"class_list":{"0":"post-2980","1":"product","2":"type-product","3":"status-publish","4":"has-post-thumbnail","6":"product_cat-non-classe","7":"product_cat-serums","9":"first","10":"outofstock","11":"shipping-taxable","12":"purchasable","13":"product-type-simple"},"_links":{"self":[{"href":"https:\/\/parashopnarimel.com\/ar\/wp-json\/wp\/v2\/product\/2980","targetHints":{"allow":["GET"]}}],"collection":[{"href":"https:\/\/parashopnarimel.com\/ar\/wp-json\/wp\/v2\/product"}],"about":[{"href":"https:\/\/parashopnarimel.com\/ar\/wp-json\/wp\/v2\/types\/product"}],"replies":[{"embeddable":true,"href":"https:\/\/parashopnarimel.com\/ar\/wp-json\/wp\/v2\/comments?post=2980"}],"version-history":[{"count":2,"href":"https:\/\/parashopnarimel.com\/ar\/wp-json\/wp\/v2\/product\/2980\/revisions"}],"predecessor-version":[{"id":11969,"href":"https:\/\/parashopnarimel.com\/ar\/wp-json\/wp\/v2\/product\/2980\/revisions\/11969"}],"wp:featuredmedia":[{"embeddable":true,"href":"https:\/\/parashopnarimel.com\/ar\/wp-json\/wp\/v2\/media\/3055"}],"wp:attachment":[{"href":"https:\/\/parashopnarimel.com\/ar\/wp-json\/wp\/v2\/media?parent=2980"}],"wp:term":[{"taxonomy":"product_brand","embeddable":true,"href":"https:\/\/parashopnarimel.com\/ar\/wp-json\/wp\/v2\/product_brand?post=2980"},{"taxonomy":"product_cat","embeddable":true,"href":"https:\/\/parashopnarimel.com\/ar\/wp-json\/wp\/v2\/product_cat?post=2980"},{"taxonomy":"product_tag","embeddable":true,"href":"https:\/\/parashopnarimel.com\/ar\/wp-json\/wp\/v2\/product_tag?post=2980"}],"curies":[{"name":"wp","href":"https:\/\/api.w.org\/{rel}","templated":true}]}}