{"id":2981,"date":"2024-12-29T06:55:15","date_gmt":"2024-12-29T06:55:15","guid":{"rendered":"https:\/\/parashopnarimel.com\/?post_type=product&#038;p=2981"},"modified":"2026-01-24T20:55:43","modified_gmt":"2026-01-24T20:55:43","slug":"hyalu-b5-serum","status":"publish","type":"product","link":"https:\/\/parashopnarimel.com\/ar\/product\/hyalu-b5-serum\/","title":{"rendered":"Hyalu B5 S\u00e9rum"},"content":{"rendered":"<p>Un s\u00e9rum \u00e0 l\u2019acide hyaluronique d\u00e9velopp\u00e9 pour une\u00a0action anti-\u00e2ge compl\u00e8te\u00a0afin de corriger les rides, la perte de volume et d\u2019\u00e9lasticit\u00e9. Il stimule ainsi la luminosit\u00e9 des peaux ternes et fatigu\u00e9es.<\/p>","protected":false},"excerpt":{"rendered":"<p>S\u00c9RUM ANTI-RIDES HYDRATANT REPULPANT, ALLIANT DEUX TYPES D\u2019ACIDES HYALURONIQUES PURS, VITAMINE B5 ET MAD\u00c9CASSOSIDE. RIDES, PERTE DE VOLUME ET D\u2019\u00c9LASTICIT\u00c9, PEAU TERNE ET FATIGU\u00c9E.<\/p>","protected":false},"featured_media":3057,"comment_status":"open","ping_status":"closed","template":"","meta":[],"product_brand":[],"product_cat":[96,2906],"product_tag":[],"class_list":{"0":"post-2981","1":"product","2":"type-product","3":"status-publish","4":"has-post-thumbnail","6":"product_cat-non-classe","7":"product_cat-serums","9":"first","10":"instock","11":"shipping-taxable","12":"purchasable","13":"product-type-simple"},"_links":{"self":[{"href":"https:\/\/parashopnarimel.com\/ar\/wp-json\/wp\/v2\/product\/2981","targetHints":{"allow":["GET"]}}],"collection":[{"href":"https:\/\/parashopnarimel.com\/ar\/wp-json\/wp\/v2\/product"}],"about":[{"href":"https:\/\/parashopnarimel.com\/ar\/wp-json\/wp\/v2\/types\/product"}],"replies":[{"embeddable":true,"href":"https:\/\/parashopnarimel.com\/ar\/wp-json\/wp\/v2\/comments?post=2981"}],"version-history":[{"count":2,"href":"https:\/\/parashopnarimel.com\/ar\/wp-json\/wp\/v2\/product\/2981\/revisions"}],"predecessor-version":[{"id":11948,"href":"https:\/\/parashopnarimel.com\/ar\/wp-json\/wp\/v2\/product\/2981\/revisions\/11948"}],"wp:featuredmedia":[{"embeddable":true,"href":"https:\/\/parashopnarimel.com\/ar\/wp-json\/wp\/v2\/media\/3057"}],"wp:attachment":[{"href":"https:\/\/parashopnarimel.com\/ar\/wp-json\/wp\/v2\/media?parent=2981"}],"wp:term":[{"taxonomy":"product_brand","embeddable":true,"href":"https:\/\/parashopnarimel.com\/ar\/wp-json\/wp\/v2\/product_brand?post=2981"},{"taxonomy":"product_cat","embeddable":true,"href":"https:\/\/parashopnarimel.com\/ar\/wp-json\/wp\/v2\/product_cat?post=2981"},{"taxonomy":"product_tag","embeddable":true,"href":"https:\/\/parashopnarimel.com\/ar\/wp-json\/wp\/v2\/product_tag?post=2981"}],"curies":[{"name":"wp","href":"https:\/\/api.w.org\/{rel}","templated":true}]}}