{"id":2983,"date":"2024-12-29T06:55:15","date_gmt":"2024-12-29T06:55:15","guid":{"rendered":"https:\/\/parashopnarimel.com\/?post_type=product&#038;p=2983"},"modified":"2025-01-19T11:41:02","modified_gmt":"2025-01-19T11:41:02","slug":"la-roche-posay-niacinamide-10-serum-concentre-anti-taches-au-niacinamide","status":"publish","type":"product","link":"https:\/\/parashopnarimel.com\/ar\/product\/la-roche-posay-niacinamide-10-serum-concentre-anti-taches-au-niacinamide\/","title":{"rendered":"La Roche Posay NIACINAMIDE 10 S\u00c9RUM CONCENTR\u00c9 ANTI-TACHES AU NIACINAMIDE"},"content":{"rendered":"<p>Le\u00a0s\u00e9rum\u00a0Pure Niacinamide 10\u00a0de\u00a0la Roche Posay\u00a0agit sur les taches, les marques d\u2019acn\u00e9, le teint terne et irr\u00e9gulier. Hautement concentr\u00e9 \u00e0 10% de Niacinamide, il agit sur l\u2019origine des troubles pigmentaires et\u00a0r\u00e9duit les taches,\u00a0illumine la peau\u00a0et le teint.<br \/>\nCe s\u00e9rum est\u00a0concentr\u00e9 en acide hyaluronique\u00a0afin de r\u00e9parer la barri\u00e8re cutan\u00e9e. Il convient \u00e0 tous les types de peau.<\/p>","protected":false},"excerpt":{"rendered":"<p>S\u00c9RUM ANTI-TACHES TOUS TYPES DE PEAUX CORRIGE ET PR\u00c9VIENT L\u2019APPARITION DES TACHES PIGMENTAIRES. RESTAURE L\u2019\u00c9CLAT DE LA PEAU. HAUTE TOL\u00c9RANCE.<\/p>","protected":false},"featured_media":3061,"comment_status":"open","ping_status":"closed","template":"","meta":[],"product_brand":[],"product_cat":[96,2906],"product_tag":[],"class_list":{"0":"post-2983","1":"product","2":"type-product","3":"status-publish","4":"has-post-thumbnail","6":"product_cat-non-classe","7":"product_cat-serums","9":"first","10":"instock","11":"sale","12":"shipping-taxable","13":"purchasable","14":"product-type-simple"},"_links":{"self":[{"href":"https:\/\/parashopnarimel.com\/ar\/wp-json\/wp\/v2\/product\/2983","targetHints":{"allow":["GET"]}}],"collection":[{"href":"https:\/\/parashopnarimel.com\/ar\/wp-json\/wp\/v2\/product"}],"about":[{"href":"https:\/\/parashopnarimel.com\/ar\/wp-json\/wp\/v2\/types\/product"}],"replies":[{"embeddable":true,"href":"https:\/\/parashopnarimel.com\/ar\/wp-json\/wp\/v2\/comments?post=2983"}],"version-history":[{"count":2,"href":"https:\/\/parashopnarimel.com\/ar\/wp-json\/wp\/v2\/product\/2983\/revisions"}],"predecessor-version":[{"id":11976,"href":"https:\/\/parashopnarimel.com\/ar\/wp-json\/wp\/v2\/product\/2983\/revisions\/11976"}],"wp:featuredmedia":[{"embeddable":true,"href":"https:\/\/parashopnarimel.com\/ar\/wp-json\/wp\/v2\/media\/3061"}],"wp:attachment":[{"href":"https:\/\/parashopnarimel.com\/ar\/wp-json\/wp\/v2\/media?parent=2983"}],"wp:term":[{"taxonomy":"product_brand","embeddable":true,"href":"https:\/\/parashopnarimel.com\/ar\/wp-json\/wp\/v2\/product_brand?post=2983"},{"taxonomy":"product_cat","embeddable":true,"href":"https:\/\/parashopnarimel.com\/ar\/wp-json\/wp\/v2\/product_cat?post=2983"},{"taxonomy":"product_tag","embeddable":true,"href":"https:\/\/parashopnarimel.com\/ar\/wp-json\/wp\/v2\/product_tag?post=2983"}],"curies":[{"name":"wp","href":"https:\/\/api.w.org\/{rel}","templated":true}]}}