{"id":2984,"date":"2024-12-29T06:55:15","date_gmt":"2024-12-29T06:55:15","guid":{"rendered":"https:\/\/parashopnarimel.com\/?post_type=product&#038;p=2984"},"modified":"2025-01-26T04:47:01","modified_gmt":"2025-01-26T04:47:01","slug":"retinol-b3-serum-anti-rides-au-retinol-regenerant-resurfacant","status":"publish","type":"product","link":"https:\/\/parashopnarimel.com\/ar\/product\/retinol-b3-serum-anti-rides-au-retinol-regenerant-resurfacant\/","title":{"rendered":"R\u00c9TINOL B3 S\u00c9RUM ANTI-RIDES AU R\u00c9TINOL R\u00c9G\u00c9N\u00c9RANT RESURFA\u00c7ANT"},"content":{"rendered":"<p>S\u00e9rum anti-rides r\u00e9g\u00e9n\u00e9rant resurfa\u00e7ant concentr\u00e9 en R\u00e9tinol [Pur + \u00e0 Lib\u00e9ration Graduelle] et en Vitamine B3.<br \/>\nB\u00e9n\u00e9fices<br \/>\nR\u00e9tinol B3 est un s\u00e9rum anti-rides r\u00e9g\u00e9n\u00e9rant resurfa\u00e7ant, qui allie le pouvoir anti-\u00e2ge du R\u00e9tinol [Pur + \u00e0 Lib\u00e9ration Graduelle] \u00e0 la fonction r\u00e9paratrice de la Vitamine B3. Con\u00e7u pour tous les types de peaux, ce s\u00e9rum visage au r\u00e9tinol corrige les signes visibles de l\u2019\u00e2ge les plus prononc\u00e9s (rides, taches pigmentaires, perte de fermet\u00e9\u2026).<br \/>\nIndications<br \/>\nRides profondes. Teint irr\u00e9gulier. Photovieillissement (signes de l\u2019\u00e2ge provoqu\u00e9s par l\u2019exposition au soleil).<\/p>","protected":false},"excerpt":{"rendered":"<p>Le Retinol B3\u00a0est un s\u00e9rum dermatologique ren\u00e9g\u00e9rant unique, formul\u00e9 avec la mol\u00e9cule anti-\u00e2ge de r\u00e9f\u00e9rence Retinol [Pure + Gradual Release] associ\u00e9 \u00e0 la Vitamine B3, \u00e9galement appel\u00e9e niacinamide, qui r\u00e9pare la peau. Son association de mol\u00e9cules dermatologiques anti-\u00e2ge tr\u00e8s efficaces, avec des actifs compensateurs, garantit la tol\u00e9rance.<\/p>","protected":false},"featured_media":3070,"comment_status":"open","ping_status":"closed","template":"","meta":[],"product_brand":[],"product_cat":[96,2906],"product_tag":[],"class_list":{"0":"post-2984","1":"product","2":"type-product","3":"status-publish","4":"has-post-thumbnail","6":"product_cat-non-classe","7":"product_cat-serums","9":"first","10":"instock","11":"sale","12":"shipping-taxable","13":"purchasable","14":"product-type-simple"},"_links":{"self":[{"href":"https:\/\/parashopnarimel.com\/ar\/wp-json\/wp\/v2\/product\/2984","targetHints":{"allow":["GET"]}}],"collection":[{"href":"https:\/\/parashopnarimel.com\/ar\/wp-json\/wp\/v2\/product"}],"about":[{"href":"https:\/\/parashopnarimel.com\/ar\/wp-json\/wp\/v2\/types\/product"}],"replies":[{"embeddable":true,"href":"https:\/\/parashopnarimel.com\/ar\/wp-json\/wp\/v2\/comments?post=2984"}],"version-history":[{"count":2,"href":"https:\/\/parashopnarimel.com\/ar\/wp-json\/wp\/v2\/product\/2984\/revisions"}],"predecessor-version":[{"id":11982,"href":"https:\/\/parashopnarimel.com\/ar\/wp-json\/wp\/v2\/product\/2984\/revisions\/11982"}],"wp:featuredmedia":[{"embeddable":true,"href":"https:\/\/parashopnarimel.com\/ar\/wp-json\/wp\/v2\/media\/3070"}],"wp:attachment":[{"href":"https:\/\/parashopnarimel.com\/ar\/wp-json\/wp\/v2\/media?parent=2984"}],"wp:term":[{"taxonomy":"product_brand","embeddable":true,"href":"https:\/\/parashopnarimel.com\/ar\/wp-json\/wp\/v2\/product_brand?post=2984"},{"taxonomy":"product_cat","embeddable":true,"href":"https:\/\/parashopnarimel.com\/ar\/wp-json\/wp\/v2\/product_cat?post=2984"},{"taxonomy":"product_tag","embeddable":true,"href":"https:\/\/parashopnarimel.com\/ar\/wp-json\/wp\/v2\/product_tag?post=2984"}],"curies":[{"name":"wp","href":"https:\/\/api.w.org\/{rel}","templated":true}]}}