{"id":2985,"date":"2024-12-29T06:55:16","date_gmt":"2024-12-29T06:55:16","guid":{"rendered":"https:\/\/parashopnarimel.com\/?post_type=product&#038;p=2985"},"modified":"2025-01-19T11:41:31","modified_gmt":"2025-01-19T11:41:31","slug":"depiwhite-mousse-nettoyante-eclaircissante","status":"publish","type":"product","link":"https:\/\/parashopnarimel.com\/ar\/product\/depiwhite-mousse-nettoyante-eclaircissante\/","title":{"rendered":"D\u00c9PIWHITE MOUSSE NETTOYANTE ECLAIRCISSANTE"},"content":{"rendered":"<p>\u00c0 la fois efficace et ultra douce, cette mousse\u00a0 \u00e9limine les impuret\u00e9s et ravive l\u2019\u00e9clat du teint tout en respectant son \u00e9quilibre naturel, pour un nettoyage et un d\u00e9maquillage en douceur. La vitamine C combin\u00e9e \u00e0 la vitamine PP lui permettent d\u2019unifier et d\u2019illuminer le teint.<br \/>\nCompos\u00e9e de 96% d\u2019ingr\u00e9dients d\u2019origine naturelle, cette lotion se transforme en mousse g\u00e9n\u00e9reuse et a\u00e9rienne dans un jeu sensoriel afin de laisser la peau nette, douce, plus \u00e9clatante, sans aucune sensation de tiraillement.<br \/>\nLa peau est nette, douce, plus \u00e9clatante et confortable, sans aucune sensation de tiraillement.<\/p>","protected":false},"excerpt":{"rendered":"<p>La\u00a0Mousse Nettoyante Eclaircissante D\u00e9piwhite d\u2019ACM Laboratoire Dermatologique\u00a0permet d\u2019unifier et d\u2019illuminer le teint.<br \/>\nCe nettoyant pour le visage et le cou est id\u00e9al pour homog\u00e9n\u00e9iser le teint et r\u00e9veiller son \u00e9clat. La peau est parfaitement nette, douce et plus lumineuse.<\/p>","protected":false},"featured_media":3072,"comment_status":"open","ping_status":"closed","template":"","meta":[],"product_brand":[],"product_cat":[96,1110,22],"product_tag":[],"class_list":{"0":"post-2985","1":"product","2":"type-product","3":"status-publish","4":"has-post-thumbnail","6":"product_cat-non-classe","7":"product_cat-anti-taches","8":"product_cat-nettoyant","10":"first","11":"instock","12":"shipping-taxable","13":"purchasable","14":"product-type-simple"},"_links":{"self":[{"href":"https:\/\/parashopnarimel.com\/ar\/wp-json\/wp\/v2\/product\/2985","targetHints":{"allow":["GET"]}}],"collection":[{"href":"https:\/\/parashopnarimel.com\/ar\/wp-json\/wp\/v2\/product"}],"about":[{"href":"https:\/\/parashopnarimel.com\/ar\/wp-json\/wp\/v2\/types\/product"}],"replies":[{"embeddable":true,"href":"https:\/\/parashopnarimel.com\/ar\/wp-json\/wp\/v2\/comments?post=2985"}],"version-history":[{"count":3,"href":"https:\/\/parashopnarimel.com\/ar\/wp-json\/wp\/v2\/product\/2985\/revisions"}],"predecessor-version":[{"id":8231,"href":"https:\/\/parashopnarimel.com\/ar\/wp-json\/wp\/v2\/product\/2985\/revisions\/8231"}],"wp:featuredmedia":[{"embeddable":true,"href":"https:\/\/parashopnarimel.com\/ar\/wp-json\/wp\/v2\/media\/3072"}],"wp:attachment":[{"href":"https:\/\/parashopnarimel.com\/ar\/wp-json\/wp\/v2\/media?parent=2985"}],"wp:term":[{"taxonomy":"product_brand","embeddable":true,"href":"https:\/\/parashopnarimel.com\/ar\/wp-json\/wp\/v2\/product_brand?post=2985"},{"taxonomy":"product_cat","embeddable":true,"href":"https:\/\/parashopnarimel.com\/ar\/wp-json\/wp\/v2\/product_cat?post=2985"},{"taxonomy":"product_tag","embeddable":true,"href":"https:\/\/parashopnarimel.com\/ar\/wp-json\/wp\/v2\/product_tag?post=2985"}],"curies":[{"name":"wp","href":"https:\/\/api.w.org\/{rel}","templated":true}]}}