{"id":3003,"date":"2024-12-29T06:55:38","date_gmt":"2024-12-29T06:55:38","guid":{"rendered":"https:\/\/parashopnarimel.com\/?post_type=product&#038;p=3003"},"modified":"2025-01-31T12:03:02","modified_gmt":"2025-01-31T12:03:02","slug":"a-derma-phys-ac-gel-moussant-purifiant-200ml","status":"publish","type":"product","link":"https:\/\/parashopnarimel.com\/ar\/product\/a-derma-phys-ac-gel-moussant-purifiant-200ml\/","title":{"rendered":"A-Derma \u2013 Phys-Ac Gel Moussant Purifiant 200ML"},"content":{"rendered":"<p>L\u2019hygi\u00e8ne des peaux \u00e0 tendance acn\u00e9ique est essentielle pour accompagner les traitements et renforcer leur efficacit\u00e9.<br \/>\nPhys-AC Gel moussant purifiant nettoie et r\u00e9\u00e9quilibre gr\u00e2ce \u00e0 sa base lavante hydratante sans savon et sa formule BIODEGRADABLE* compos\u00e9e de 86% d\u2019ingr\u00e9dients d\u2019origine naturelle.<\/p>","protected":false},"excerpt":{"rendered":"<p>Ce gel moussant nettoie, r\u00e9\u00e9quilibre les peaux \u00e0 tendance acn\u00e9ique tout en douceur et purifie la peau apr\u00e8s application pour 98% des sujets\u00b9.<\/p>","protected":false},"featured_media":3080,"comment_status":"open","ping_status":"closed","template":"","meta":[],"product_brand":[],"product_cat":[96,22,2912],"product_tag":[],"class_list":{"0":"post-3003","1":"product","2":"type-product","3":"status-publish","4":"has-post-thumbnail","6":"product_cat-non-classe","7":"product_cat-nettoyant","8":"product_cat-nettoyant-corps","10":"first","11":"instock","12":"shipping-taxable","13":"purchasable","14":"product-type-simple"},"_links":{"self":[{"href":"https:\/\/parashopnarimel.com\/ar\/wp-json\/wp\/v2\/product\/3003","targetHints":{"allow":["GET"]}}],"collection":[{"href":"https:\/\/parashopnarimel.com\/ar\/wp-json\/wp\/v2\/product"}],"about":[{"href":"https:\/\/parashopnarimel.com\/ar\/wp-json\/wp\/v2\/types\/product"}],"replies":[{"embeddable":true,"href":"https:\/\/parashopnarimel.com\/ar\/wp-json\/wp\/v2\/comments?post=3003"}],"version-history":[{"count":2,"href":"https:\/\/parashopnarimel.com\/ar\/wp-json\/wp\/v2\/product\/3003\/revisions"}],"predecessor-version":[{"id":12442,"href":"https:\/\/parashopnarimel.com\/ar\/wp-json\/wp\/v2\/product\/3003\/revisions\/12442"}],"wp:featuredmedia":[{"embeddable":true,"href":"https:\/\/parashopnarimel.com\/ar\/wp-json\/wp\/v2\/media\/3080"}],"wp:attachment":[{"href":"https:\/\/parashopnarimel.com\/ar\/wp-json\/wp\/v2\/media?parent=3003"}],"wp:term":[{"taxonomy":"product_brand","embeddable":true,"href":"https:\/\/parashopnarimel.com\/ar\/wp-json\/wp\/v2\/product_brand?post=3003"},{"taxonomy":"product_cat","embeddable":true,"href":"https:\/\/parashopnarimel.com\/ar\/wp-json\/wp\/v2\/product_cat?post=3003"},{"taxonomy":"product_tag","embeddable":true,"href":"https:\/\/parashopnarimel.com\/ar\/wp-json\/wp\/v2\/product_tag?post=3003"}],"curies":[{"name":"wp","href":"https:\/\/api.w.org\/{rel}","templated":true}]}}