{"id":3152,"date":"2024-12-29T06:58:16","date_gmt":"2024-12-29T06:58:16","guid":{"rendered":"https:\/\/parashopnarimel.com\/?post_type=product&#038;p=3152"},"modified":"2025-05-06T13:52:07","modified_gmt":"2025-05-06T13:52:07","slug":"daylong-extreme-lait-solaire-liposomale-spf50-100ml","status":"publish","type":"product","link":"https:\/\/parashopnarimel.com\/ar\/product\/daylong-extreme-lait-solaire-liposomale-spf50-100ml\/","title":{"rendered":"Daylong Extreme Lait Solaire Liposomale SPF50+ 100ml"},"content":{"rendered":"<p>Tr\u00e8s haute protection solaire SPF 50+ avec filtres photostables \u00e0 large spectre contre les UVA\/UVB<br \/>\n\u00b7 Lait liposomal unique acheminant les filtres solaires l\u00e0 o\u00f9 ils doivent agir, au c\u0153ur de la couche superficielle de l\u2019\u00e9piderme, pour une protection longue dur\u00e9e<br \/>\n\u00b7 Lait hydratant et nourrissant enrichi en dexpanth\u00e9nol, glyc\u00e9rine, aloe vera ainsi qu\u2019en vitamine E pour prot\u00e9ger la peau des dommages cellulaires et du vieillissement cutan\u00e9 pr\u00e9matur\u00e9<br \/>\n\u00b7 Stick sans eau pour les l\u00e8vres avec filtre UV min\u00e9ral suppl\u00e9mentaire comme protection contre le soleil, le froid et le vent.<br \/>\n\u00b7 Sans parfum<br \/>\nPlaisir et confort d\u2019utilisation<br \/>\n\u00b7 Facile \u00e0 appliquer<br \/>\n\u00b7 Tr\u00e8s r\u00e9sistant \u00e0 l\u2019eau et \u00e0 la transpiration pour une protection longue tenue<br \/>\n\u00b7 Id\u00e9al pour les sports d\u2019hiver et nautiques<\/p>","protected":false},"excerpt":{"rendered":"<p>Daylong\u2122\u2122 Sun &amp; Snow SPF 50+ est une protection solaire pratique, cr\u00e8me + stick, id\u00e9ale pour le visage et les l\u00e8vres expos\u00e9s au froid et au soleil.<br \/>\nLaboratoire Galderma, est un lait de protection solaire liposomal qui offre une tr\u00e8s haute protection anti-UVA et anti-UVB aux peaux les plus sensibles au soleil.<\/p>","protected":false},"featured_media":3228,"comment_status":"open","ping_status":"closed","template":"","meta":[],"product_brand":[],"product_cat":[96,147],"product_tag":[],"class_list":{"0":"post-3152","1":"product","2":"type-product","3":"status-publish","4":"has-post-thumbnail","6":"product_cat-non-classe","7":"product_cat-protection-solaire-visage","9":"first","10":"instock","11":"shipping-taxable","12":"purchasable","13":"product-type-simple"},"_links":{"self":[{"href":"https:\/\/parashopnarimel.com\/ar\/wp-json\/wp\/v2\/product\/3152","targetHints":{"allow":["GET"]}}],"collection":[{"href":"https:\/\/parashopnarimel.com\/ar\/wp-json\/wp\/v2\/product"}],"about":[{"href":"https:\/\/parashopnarimel.com\/ar\/wp-json\/wp\/v2\/types\/product"}],"replies":[{"embeddable":true,"href":"https:\/\/parashopnarimel.com\/ar\/wp-json\/wp\/v2\/comments?post=3152"}],"version-history":[{"count":2,"href":"https:\/\/parashopnarimel.com\/ar\/wp-json\/wp\/v2\/product\/3152\/revisions"}],"predecessor-version":[{"id":12773,"href":"https:\/\/parashopnarimel.com\/ar\/wp-json\/wp\/v2\/product\/3152\/revisions\/12773"}],"wp:featuredmedia":[{"embeddable":true,"href":"https:\/\/parashopnarimel.com\/ar\/wp-json\/wp\/v2\/media\/3228"}],"wp:attachment":[{"href":"https:\/\/parashopnarimel.com\/ar\/wp-json\/wp\/v2\/media?parent=3152"}],"wp:term":[{"taxonomy":"product_brand","embeddable":true,"href":"https:\/\/parashopnarimel.com\/ar\/wp-json\/wp\/v2\/product_brand?post=3152"},{"taxonomy":"product_cat","embeddable":true,"href":"https:\/\/parashopnarimel.com\/ar\/wp-json\/wp\/v2\/product_cat?post=3152"},{"taxonomy":"product_tag","embeddable":true,"href":"https:\/\/parashopnarimel.com\/ar\/wp-json\/wp\/v2\/product_tag?post=3152"}],"curies":[{"name":"wp","href":"https:\/\/api.w.org\/{rel}","templated":true}]}}