{"id":3172,"date":"2024-12-29T06:58:39","date_gmt":"2024-12-29T06:58:39","guid":{"rendered":"https:\/\/parashopnarimel.com\/?post_type=product&#038;p=3172"},"modified":"2025-01-20T19:21:46","modified_gmt":"2025-01-20T19:21:46","slug":"lca-lait-eclaircissant-corp-200ml","status":"publish","type":"product","link":"https:\/\/parashopnarimel.com\/ar\/product\/lca-lait-eclaircissant-corp-200ml\/","title":{"rendered":"Lca Lait Eclaircissant Corp 200ML"},"content":{"rendered":"<p>Le lait \u00e9claircissant a \u00e9t\u00e9 formul\u00e9 pour les peaux s\u00e8ches et sujettes aux hyperpigmentations \u00e9pidermiques. Il hydrate la peau et homog\u00e9n\u00e9ise le teint.<\/p>","protected":false},"excerpt":{"rendered":"<p>Hydrate et \u00e9claircit la peau<br \/>\nPeaux ternes \u2013 Peaux s\u00e8ches<\/p>","protected":false},"featured_media":3247,"comment_status":"open","ping_status":"closed","template":"","meta":[],"product_brand":[],"product_cat":[2911],"product_tag":[],"class_list":{"0":"post-3172","1":"product","2":"type-product","3":"status-publish","4":"has-post-thumbnail","6":"product_cat-creme-corps","8":"first","9":"instock","10":"shipping-taxable","11":"purchasable","12":"product-type-simple"},"_links":{"self":[{"href":"https:\/\/parashopnarimel.com\/ar\/wp-json\/wp\/v2\/product\/3172","targetHints":{"allow":["GET"]}}],"collection":[{"href":"https:\/\/parashopnarimel.com\/ar\/wp-json\/wp\/v2\/product"}],"about":[{"href":"https:\/\/parashopnarimel.com\/ar\/wp-json\/wp\/v2\/types\/product"}],"replies":[{"embeddable":true,"href":"https:\/\/parashopnarimel.com\/ar\/wp-json\/wp\/v2\/comments?post=3172"}],"version-history":[{"count":1,"href":"https:\/\/parashopnarimel.com\/ar\/wp-json\/wp\/v2\/product\/3172\/revisions"}],"predecessor-version":[{"id":3248,"href":"https:\/\/parashopnarimel.com\/ar\/wp-json\/wp\/v2\/product\/3172\/revisions\/3248"}],"wp:featuredmedia":[{"embeddable":true,"href":"https:\/\/parashopnarimel.com\/ar\/wp-json\/wp\/v2\/media\/3247"}],"wp:attachment":[{"href":"https:\/\/parashopnarimel.com\/ar\/wp-json\/wp\/v2\/media?parent=3172"}],"wp:term":[{"taxonomy":"product_brand","embeddable":true,"href":"https:\/\/parashopnarimel.com\/ar\/wp-json\/wp\/v2\/product_brand?post=3172"},{"taxonomy":"product_cat","embeddable":true,"href":"https:\/\/parashopnarimel.com\/ar\/wp-json\/wp\/v2\/product_cat?post=3172"},{"taxonomy":"product_tag","embeddable":true,"href":"https:\/\/parashopnarimel.com\/ar\/wp-json\/wp\/v2\/product_tag?post=3172"}],"curies":[{"name":"wp","href":"https:\/\/api.w.org\/{rel}","templated":true}]}}