{"id":3236,"date":"2024-12-29T06:59:50","date_gmt":"2024-12-29T06:59:50","guid":{"rendered":"https:\/\/parashopnarimel.com\/?post_type=product&#038;p=3236"},"modified":"2025-01-20T19:22:12","modified_gmt":"2025-01-20T19:22:12","slug":"effaclar-serum-ultra-concentre-anti-imperfection-30ml","status":"publish","type":"product","link":"https:\/\/parashopnarimel.com\/ar\/product\/effaclar-serum-ultra-concentre-anti-imperfection-30ml\/","title":{"rendered":"Effaclar S\u00e9rum Ultra Concentr\u00e9 Anti Imperfection 30ML"},"content":{"rendered":"<p>Formul\u00e9 avec un complexe de 3 acides compl\u00e9mentaires ultra concentr\u00e9s associ\u00e9s \u00e0 des actifs apaisants :<br \/>\n1\/ D\u00c9SINCRUSTE ET R\u00c9EQUILIBRE<\/p>\n<p>ACIDE SALYCILIQUE : d\u00e9sincruste les pores et r\u00e9duit l\u2019accumulation de s\u00e9bum.\u00a0Naturellement pr\u00e9sent dans certains fruits, l\u2019acide salicylique favorise l\u2019\u00e9limination des cellules mortes et ainsi lib\u00e8res les pores bouch\u00e9s, facilitant l\u2019\u00e9coulement du s\u00e9bum. Son action k\u00e9ratolytique contribue \u00e0 lisser et adoucir la surface de la peau.<\/p>\n<p>2\/ STIMULE LE RENOUVELLEMENT CELLULAIRE<\/p>\n<p>ACIDE GLYCOLIQUE : active le renouvellement de la peau. Produit \u00e0 partir de la canne \u00e0 sucre, l\u2019acide glycolique favorise l\u2019\u00e9limination des cellules mortes et d\u00e9shydrat\u00e9es. En acc\u00e9l\u00e9rant la desquamation, il stimule le renouvellement cellulaire, ce qui contribue \u00e0 am\u00e9liorer la texture de la peau, et l\u2019\u00e9clat du teint.<\/p>\n<p>3\/ EXFOLIE EN DOUCEUR<\/p>\n<p>LHA : Exfolie en douceur la surface de la peau. Actif brevet\u00e9 La Roche-Posay, le LHA d\u00e9montre une tr\u00e8s bonne activit\u00e9 exfoliante. Il est \u00e0 l\u2019origine d\u2019une desquamation fine et participe \u00e0 la r\u00e9duction des com\u00e9dons. La peau est unifi\u00e9e et les ridules att\u00e9nu\u00e9es.<\/p>\n<p>4\/ R\u00c9DUIT LES MARQUES<\/p>\n<p>NIACINAMIDE\u00a0: Apaisante, aux propri\u00e9t\u00e9s antioxydante et anti-inflammatoire. D\u00e9riv\u00e9e de la vitamine B3, la niacinamide agit en amont pour pr\u00e9venir l\u2019apparition des marques hyperpigment\u00e9es et diminue la perte en eau. Les marques sont estomp\u00e9es et le teint est plus uniforme et lumineux.<\/p>\n<p>5\/ APAISE ET ADOUCIT<\/p>\n<p>EAU THERMALE\u00a0: Apaise les peaux \u00e0 tendance acn\u00e9ique, elle est riche en min\u00e9raux et oligo-\u00e9l\u00e9ments dont le s\u00e9l\u00e9nium. Ses vertus sont apaisantes et adoucissantes.<\/p>","protected":false},"excerpt":{"rendered":"<p>S\u00e9rum\u00a0l\u00e9ger \u00e0 absorption rapide\u00a0pour faciliter l\u2019application.<br \/>\nFini non collant. Non com\u00e9dog\u00e8ne.<br \/>\nTest\u00e9 dermatologiquement sur les peaux \u00e0 tendance acn\u00e9ique.<br \/>\nNon com\u00e9dog\u00e8ne.<\/p>","protected":false},"featured_media":3312,"comment_status":"open","ping_status":"closed","template":"","meta":[],"product_brand":[],"product_cat":[96,2906],"product_tag":[],"class_list":{"0":"post-3236","1":"product","2":"type-product","3":"status-publish","4":"has-post-thumbnail","6":"product_cat-non-classe","7":"product_cat-serums","9":"first","10":"instock","11":"sale","12":"shipping-taxable","13":"purchasable","14":"product-type-simple"},"_links":{"self":[{"href":"https:\/\/parashopnarimel.com\/ar\/wp-json\/wp\/v2\/product\/3236","targetHints":{"allow":["GET"]}}],"collection":[{"href":"https:\/\/parashopnarimel.com\/ar\/wp-json\/wp\/v2\/product"}],"about":[{"href":"https:\/\/parashopnarimel.com\/ar\/wp-json\/wp\/v2\/types\/product"}],"replies":[{"embeddable":true,"href":"https:\/\/parashopnarimel.com\/ar\/wp-json\/wp\/v2\/comments?post=3236"}],"version-history":[{"count":2,"href":"https:\/\/parashopnarimel.com\/ar\/wp-json\/wp\/v2\/product\/3236\/revisions"}],"predecessor-version":[{"id":8213,"href":"https:\/\/parashopnarimel.com\/ar\/wp-json\/wp\/v2\/product\/3236\/revisions\/8213"}],"wp:featuredmedia":[{"embeddable":true,"href":"https:\/\/parashopnarimel.com\/ar\/wp-json\/wp\/v2\/media\/3312"}],"wp:attachment":[{"href":"https:\/\/parashopnarimel.com\/ar\/wp-json\/wp\/v2\/media?parent=3236"}],"wp:term":[{"taxonomy":"product_brand","embeddable":true,"href":"https:\/\/parashopnarimel.com\/ar\/wp-json\/wp\/v2\/product_brand?post=3236"},{"taxonomy":"product_cat","embeddable":true,"href":"https:\/\/parashopnarimel.com\/ar\/wp-json\/wp\/v2\/product_cat?post=3236"},{"taxonomy":"product_tag","embeddable":true,"href":"https:\/\/parashopnarimel.com\/ar\/wp-json\/wp\/v2\/product_tag?post=3236"}],"curies":[{"name":"wp","href":"https:\/\/api.w.org\/{rel}","templated":true}]}}