{"id":3386,"date":"2024-12-29T07:02:36","date_gmt":"2024-12-29T07:02:36","guid":{"rendered":"https:\/\/parashopnarimel.com\/?post_type=product&#038;p=3386"},"modified":"2025-02-03T14:10:30","modified_gmt":"2025-02-03T14:10:30","slug":"filorga-ncef-shot-15ml","status":"publish","type":"product","link":"https:\/\/parashopnarimel.com\/ar\/product\/filorga-ncef-shot-15ml\/","title":{"rendered":"Filorga Ncef Shot 15ML"},"content":{"rendered":"<p>NCEF-SHOT, le produit soin visage concentr\u00e9 anti-\u00e2ge et anti-rides r\u00e9duit visiblement les rides pour une peau ferme et \u00e9clatante. Une dose quotidienne d\u2019actifs \u00e9quivalente \u00e0 1 m\u00e9so-injection (1) concentr\u00e9e dans une cure r\u00e9g\u00e9n\u00e9rante intensive pour am\u00e9liorer la qualit\u00e9 de peau et booster la correction des signes du vieillissement en 10 jours.<\/p>\n<p>Le secret de ce soin visage anti-rides\u00a0? Une formule ultraconcentr\u00e9e en NCEF, un complexe polyrevitalisant unique mis au point par les Laboratoires FILORGA dont 50 ingr\u00e9dients sont int\u00e9gr\u00e9s pour la premi\u00e8re fois \u00e0 une dose \u00e9quivalente \u00e0 celle d\u2019une m\u00e9so-injection par jour(1).<br \/>\n\/ Activation cellulaire [correction rides + fermet\u00e9 + \u00e9clat]<br \/>\nUn puissant complexe issu des biotechnologies active de nouvelles cellules pour une correction boost\u00e9e des signes du vieillissement. Id\u00e9al lors des changements de saisons, des p\u00e9riodes de stress ou de fatigue.<br \/>\nTexture ultra-l\u00e9g\u00e8re, haute p\u00e9n\u00e9tration. Flacon pipette 15ml.<\/p>","protected":false},"excerpt":{"rendered":"<p><img fetchpriority=\"high\" decoding=\"async\" class=\"alignnone size-medium wp-image-12550\" src=\"https:\/\/parashopnarimel.com\/wp-content\/uploads\/2024\/12\/6e6365662d70647035ffd1f5fa-300x300.jpg\" alt=\"\" width=\"300\" height=\"300\" srcset=\"https:\/\/parashopnarimel.com\/wp-content\/uploads\/2024\/12\/6e6365662d70647035ffd1f5fa-300x300.jpg 300w, https:\/\/parashopnarimel.com\/wp-content\/uploads\/2024\/12\/6e6365662d70647035ffd1f5fa-150x150.jpg 150w, https:\/\/parashopnarimel.com\/wp-content\/uploads\/2024\/12\/6e6365662d70647035ffd1f5fa.jpg 600w\" sizes=\"(max-width: 300px) 100vw, 300px\" \/><img decoding=\"async\" class=\"alignnone size-medium wp-image-12549\" src=\"https:\/\/parashopnarimel.com\/wp-content\/uploads\/2024\/12\/Filorga-NCEF-SHOT-Soin-Anti-Age-e1738591710119-300x291.png\" alt=\"\" width=\"300\" height=\"291\" srcset=\"https:\/\/parashopnarimel.com\/wp-content\/uploads\/2024\/12\/Filorga-NCEF-SHOT-Soin-Anti-Age-e1738591710119-300x291.png 300w, https:\/\/parashopnarimel.com\/wp-content\/uploads\/2024\/12\/Filorga-NCEF-SHOT-Soin-Anti-Age-e1738591710119-1024x992.png 1024w, https:\/\/parashopnarimel.com\/wp-content\/uploads\/2024\/12\/Filorga-NCEF-SHOT-Soin-Anti-Age-e1738591710119-768x744.png 768w, https:\/\/parashopnarimel.com\/wp-content\/uploads\/2024\/12\/Filorga-NCEF-SHOT-Soin-Anti-Age-e1738591710119-1200x1162.png 1200w, https:\/\/parashopnarimel.com\/wp-content\/uploads\/2024\/12\/Filorga-NCEF-SHOT-Soin-Anti-Age-e1738591710119-150x145.png 150w, https:\/\/parashopnarimel.com\/wp-content\/uploads\/2024\/12\/Filorga-NCEF-SHOT-Soin-Anti-Age-e1738591710119.png 1500w\" sizes=\"(max-width: 300px) 100vw, 300px\" \/><\/p>\n<p>NCEF-SHOT. Dans ce petit flacon, une cure polyrevitalisante de 10 jours qui apporte \u00e0 toutes les femmes une solution anti-\u00e2ge compl\u00e8te et express qui agit \u00e0 la fois sur les rides, la fermet\u00e9 et l\u2019\u00e9clat de la peau.<\/p>","protected":false},"featured_media":12548,"comment_status":"open","ping_status":"closed","template":"","meta":[],"product_brand":[],"product_cat":[96,2906],"product_tag":[],"class_list":{"0":"post-3386","1":"product","2":"type-product","3":"status-publish","4":"has-post-thumbnail","6":"product_cat-non-classe","7":"product_cat-serums","9":"first","10":"instock","11":"shipping-taxable","12":"purchasable","13":"product-type-simple"},"_links":{"self":[{"href":"https:\/\/parashopnarimel.com\/ar\/wp-json\/wp\/v2\/product\/3386","targetHints":{"allow":["GET"]}}],"collection":[{"href":"https:\/\/parashopnarimel.com\/ar\/wp-json\/wp\/v2\/product"}],"about":[{"href":"https:\/\/parashopnarimel.com\/ar\/wp-json\/wp\/v2\/types\/product"}],"replies":[{"embeddable":true,"href":"https:\/\/parashopnarimel.com\/ar\/wp-json\/wp\/v2\/comments?post=3386"}],"version-history":[{"count":4,"href":"https:\/\/parashopnarimel.com\/ar\/wp-json\/wp\/v2\/product\/3386\/revisions"}],"predecessor-version":[{"id":12552,"href":"https:\/\/parashopnarimel.com\/ar\/wp-json\/wp\/v2\/product\/3386\/revisions\/12552"}],"wp:featuredmedia":[{"embeddable":true,"href":"https:\/\/parashopnarimel.com\/ar\/wp-json\/wp\/v2\/media\/12548"}],"wp:attachment":[{"href":"https:\/\/parashopnarimel.com\/ar\/wp-json\/wp\/v2\/media?parent=3386"}],"wp:term":[{"taxonomy":"product_brand","embeddable":true,"href":"https:\/\/parashopnarimel.com\/ar\/wp-json\/wp\/v2\/product_brand?post=3386"},{"taxonomy":"product_cat","embeddable":true,"href":"https:\/\/parashopnarimel.com\/ar\/wp-json\/wp\/v2\/product_cat?post=3386"},{"taxonomy":"product_tag","embeddable":true,"href":"https:\/\/parashopnarimel.com\/ar\/wp-json\/wp\/v2\/product_tag?post=3386"}],"curies":[{"name":"wp","href":"https:\/\/api.w.org\/{rel}","templated":true}]}}