{"id":3429,"date":"2024-12-29T07:03:24","date_gmt":"2024-12-29T07:03:24","guid":{"rendered":"https:\/\/parashopnarimel.com\/?post_type=product&#038;p=3429"},"modified":"2025-01-20T19:18:32","modified_gmt":"2025-01-20T19:18:32","slug":"filorga-time-filler-5xp-gel-creme-50ml","status":"publish","type":"product","link":"https:\/\/parashopnarimel.com\/ar\/product\/filorga-time-filler-5xp-gel-creme-50ml\/","title":{"rendered":"Filorga Time Filler 5XP Gel Creme 50ML"},"content":{"rendered":"<p>Toute l\u2019expertise en m\u00e9decine esth\u00e9tique de Filorga r\u00e9unie dans sa cr\u00e8me anti-rides la plus vendue, pour une correction intensive de tous les types de rides<br \/>\nDe puissants principes actifs [tripeptide + acide hyaluronique + fenouil marin + extrait v\u00e9g\u00e9tal + principe actif restructurant] pour d\u00e9tendre les rides d\u2019expression, repulper les rides profondes et lisser les rides de surface, de d\u00e9shydratation et du cou<br \/>\nId\u00e9ale pour les peaux mixtes \u00e0 grasses, sa texture cr\u00e8me-gel lissante est enrichie en zinc pour matifier instantan\u00e9ment et durablement la peau.<br \/>\nEfficacit\u00e9 cliniquement prouv\u00e9e<br \/>\nTest\u00e9 sous contr\u00f4le dermatologique<br \/>\nIndications :<br \/>\nTous types de rides, du visage et du cou<br \/>\nPour les peaux mixtes \u00e0 grasses<\/p>","protected":false},"excerpt":{"rendered":"<p>Cr\u00e8me-gel de correction \u2013 tous types de rides Rides du visage et du cou<\/p>","protected":false},"featured_media":3507,"comment_status":"open","ping_status":"closed","template":"","meta":[],"product_brand":[],"product_cat":[96,29],"product_tag":[],"class_list":{"0":"post-3429","1":"product","2":"type-product","3":"status-publish","4":"has-post-thumbnail","6":"product_cat-non-classe","7":"product_cat-creme","9":"first","10":"instock","11":"shipping-taxable","12":"purchasable","13":"product-type-simple"},"_links":{"self":[{"href":"https:\/\/parashopnarimel.com\/ar\/wp-json\/wp\/v2\/product\/3429","targetHints":{"allow":["GET"]}}],"collection":[{"href":"https:\/\/parashopnarimel.com\/ar\/wp-json\/wp\/v2\/product"}],"about":[{"href":"https:\/\/parashopnarimel.com\/ar\/wp-json\/wp\/v2\/types\/product"}],"replies":[{"embeddable":true,"href":"https:\/\/parashopnarimel.com\/ar\/wp-json\/wp\/v2\/comments?post=3429"}],"version-history":[{"count":1,"href":"https:\/\/parashopnarimel.com\/ar\/wp-json\/wp\/v2\/product\/3429\/revisions"}],"predecessor-version":[{"id":3508,"href":"https:\/\/parashopnarimel.com\/ar\/wp-json\/wp\/v2\/product\/3429\/revisions\/3508"}],"wp:featuredmedia":[{"embeddable":true,"href":"https:\/\/parashopnarimel.com\/ar\/wp-json\/wp\/v2\/media\/3507"}],"wp:attachment":[{"href":"https:\/\/parashopnarimel.com\/ar\/wp-json\/wp\/v2\/media?parent=3429"}],"wp:term":[{"taxonomy":"product_brand","embeddable":true,"href":"https:\/\/parashopnarimel.com\/ar\/wp-json\/wp\/v2\/product_brand?post=3429"},{"taxonomy":"product_cat","embeddable":true,"href":"https:\/\/parashopnarimel.com\/ar\/wp-json\/wp\/v2\/product_cat?post=3429"},{"taxonomy":"product_tag","embeddable":true,"href":"https:\/\/parashopnarimel.com\/ar\/wp-json\/wp\/v2\/product_tag?post=3429"}],"curies":[{"name":"wp","href":"https:\/\/api.w.org\/{rel}","templated":true}]}}