{"id":3590,"date":"2024-12-29T07:06:43","date_gmt":"2024-12-29T07:06:43","guid":{"rendered":"https:\/\/parashopnarimel.com\/?post_type=product&#038;p=3590"},"modified":"2025-07-17T13:11:23","modified_gmt":"2025-07-17T13:11:23","slug":"avene-gelee-gommante-douceur-75-ml","status":"publish","type":"product","link":"https:\/\/parashopnarimel.com\/ar\/product\/avene-gelee-gommante-douceur-75-ml\/","title":{"rendered":"Av\u00e8ne \u2013 Gel\u00e9e Gommante Douceur 75 ml"},"content":{"rendered":"<p>La gel\u00e9e gommante douceur est particuli\u00e8rement indiqu\u00e9e pour tous types de peaux et plus particuli\u00e8rement les peaux sensibles.<br \/>\nUne formule biod\u00e9gradable * respectueuse des peaux sensibles et de l\u2019environnement.<br \/>\n* selon la norme OECD301B<br \/>\nEFFET PEELING<br \/>\n\u2013 Ses microbilles de cellulose et de cire de jojoba \u00e9liminent en douceur les peaux mortes.<br \/>\n\u2013 Le niacinamide et le salicylate de sodium parfont l\u2019exfoliation m\u00e9canique r\u00e9alis\u00e9e par les microbilles ; le grain de peau est affin\u00e9, la peau plus \u00e9clatante<br \/>\nEFFET DOUCEUR<br \/>\nL\u2019Eau thermale d\u2019Av\u00e8ne, apaisante et anti-irritante, procure \u00e0 votre peau une sensation de confort imm\u00e9diat.<\/p>","protected":false},"excerpt":{"rendered":"<p>Exfolie et purifie votre peau.<\/p>","protected":false},"featured_media":3660,"comment_status":"open","ping_status":"closed","template":"","meta":[],"product_brand":[],"product_cat":[96,2908],"product_tag":[],"class_list":{"0":"post-3590","1":"product","2":"type-product","3":"status-publish","4":"has-post-thumbnail","6":"product_cat-non-classe","7":"product_cat-gommage-et-peeling","9":"first","10":"instock","11":"shipping-taxable","12":"purchasable","13":"product-type-simple"},"_links":{"self":[{"href":"https:\/\/parashopnarimel.com\/ar\/wp-json\/wp\/v2\/product\/3590","targetHints":{"allow":["GET"]}}],"collection":[{"href":"https:\/\/parashopnarimel.com\/ar\/wp-json\/wp\/v2\/product"}],"about":[{"href":"https:\/\/parashopnarimel.com\/ar\/wp-json\/wp\/v2\/types\/product"}],"replies":[{"embeddable":true,"href":"https:\/\/parashopnarimel.com\/ar\/wp-json\/wp\/v2\/comments?post=3590"}],"version-history":[{"count":3,"href":"https:\/\/parashopnarimel.com\/ar\/wp-json\/wp\/v2\/product\/3590\/revisions"}],"predecessor-version":[{"id":12026,"href":"https:\/\/parashopnarimel.com\/ar\/wp-json\/wp\/v2\/product\/3590\/revisions\/12026"}],"wp:featuredmedia":[{"embeddable":true,"href":"https:\/\/parashopnarimel.com\/ar\/wp-json\/wp\/v2\/media\/3660"}],"wp:attachment":[{"href":"https:\/\/parashopnarimel.com\/ar\/wp-json\/wp\/v2\/media?parent=3590"}],"wp:term":[{"taxonomy":"product_brand","embeddable":true,"href":"https:\/\/parashopnarimel.com\/ar\/wp-json\/wp\/v2\/product_brand?post=3590"},{"taxonomy":"product_cat","embeddable":true,"href":"https:\/\/parashopnarimel.com\/ar\/wp-json\/wp\/v2\/product_cat?post=3590"},{"taxonomy":"product_tag","embeddable":true,"href":"https:\/\/parashopnarimel.com\/ar\/wp-json\/wp\/v2\/product_tag?post=3590"}],"curies":[{"name":"wp","href":"https:\/\/api.w.org\/{rel}","templated":true}]}}