{"id":3924,"date":"2024-12-29T07:15:13","date_gmt":"2024-12-29T07:15:13","guid":{"rendered":"https:\/\/parashopnarimel.com\/?post_type=product&#038;p=3924"},"modified":"2025-01-06T05:56:32","modified_gmt":"2025-01-06T05:56:32","slug":"capital-soleil-bb-emulsion-toucher-sec-teintee-spf-50","status":"publish","type":"product","link":"https:\/\/parashopnarimel.com\/ar\/product\/capital-soleil-bb-emulsion-toucher-sec-teintee-spf-50\/","title":{"rendered":"Capital Soleil Bb Emulsion Toucher Sec Teint\u00e9e Spf 50"},"content":{"rendered":"","protected":false},"excerpt":{"rendered":"<p>La BB cr\u00e8me SPF50 de la gamme Vichy Id\u00e9al Soleil est con\u00e7ue pour offrir une protection solaire aux peaux mixtes \u00e0 grasses. Elle contribue \u00e0 matifier le teint et \u00e0 filtrer les UV responsables d\u2019\u00e9ryth\u00e8mes solaires ou du vieillissement cutan\u00e9. Elle aide \u00e0 hydrater la peau durant l\u2019exposition solaire.<\/p>","protected":false},"featured_media":3998,"comment_status":"open","ping_status":"closed","template":"","meta":[],"product_brand":[],"product_cat":[96],"product_tag":[],"class_list":{"0":"post-3924","1":"product","2":"type-product","3":"status-publish","4":"has-post-thumbnail","6":"product_cat-non-classe","8":"first","9":"instock","10":"shipping-taxable","11":"purchasable","12":"product-type-simple"},"_links":{"self":[{"href":"https:\/\/parashopnarimel.com\/ar\/wp-json\/wp\/v2\/product\/3924","targetHints":{"allow":["GET"]}}],"collection":[{"href":"https:\/\/parashopnarimel.com\/ar\/wp-json\/wp\/v2\/product"}],"about":[{"href":"https:\/\/parashopnarimel.com\/ar\/wp-json\/wp\/v2\/types\/product"}],"replies":[{"embeddable":true,"href":"https:\/\/parashopnarimel.com\/ar\/wp-json\/wp\/v2\/comments?post=3924"}],"version-history":[{"count":1,"href":"https:\/\/parashopnarimel.com\/ar\/wp-json\/wp\/v2\/product\/3924\/revisions"}],"predecessor-version":[{"id":3999,"href":"https:\/\/parashopnarimel.com\/ar\/wp-json\/wp\/v2\/product\/3924\/revisions\/3999"}],"wp:featuredmedia":[{"embeddable":true,"href":"https:\/\/parashopnarimel.com\/ar\/wp-json\/wp\/v2\/media\/3998"}],"wp:attachment":[{"href":"https:\/\/parashopnarimel.com\/ar\/wp-json\/wp\/v2\/media?parent=3924"}],"wp:term":[{"taxonomy":"product_brand","embeddable":true,"href":"https:\/\/parashopnarimel.com\/ar\/wp-json\/wp\/v2\/product_brand?post=3924"},{"taxonomy":"product_cat","embeddable":true,"href":"https:\/\/parashopnarimel.com\/ar\/wp-json\/wp\/v2\/product_cat?post=3924"},{"taxonomy":"product_tag","embeddable":true,"href":"https:\/\/parashopnarimel.com\/ar\/wp-json\/wp\/v2\/product_tag?post=3924"}],"curies":[{"name":"wp","href":"https:\/\/api.w.org\/{rel}","templated":true}]}}