{"id":3925,"date":"2024-12-29T07:15:13","date_gmt":"2024-12-29T07:15:13","guid":{"rendered":"https:\/\/parashopnarimel.com\/?post_type=product&#038;p=3925"},"modified":"2025-01-20T19:16:36","modified_gmt":"2025-01-20T19:16:36","slug":"capital-soleil-emulsion-toucher-sec-spf-50","status":"publish","type":"product","link":"https:\/\/parashopnarimel.com\/ar\/product\/capital-soleil-emulsion-toucher-sec-spf-50\/","title":{"rendered":"Capital Soleil Emulsion Toucher Sec Spf 50"},"content":{"rendered":"","protected":false},"excerpt":{"rendered":"<p>Prot\u00e9gez votre peau du soleil en toute l\u00e9g\u00e8ret\u00e9 avec l\u2019\u00e9mulsion anti-brillance Id\u00e9al Soleil des laboratoires Vichy ! Adapt\u00e9 aux peaux claires \u00e0 tendance mixte ou grasse, cet \u00e9cran solaire pour le visage offre \u00e0 l\u2019\u00e9piderme la s\u00e9curit\u00e9 d\u2019une tr\u00e8s haute protection et le plaisir d\u2019un fini mat.<\/p>","protected":false},"featured_media":4000,"comment_status":"open","ping_status":"closed","template":"","meta":[],"product_brand":[],"product_cat":[96,147],"product_tag":[],"class_list":{"0":"post-3925","1":"product","2":"type-product","3":"status-publish","4":"has-post-thumbnail","6":"product_cat-non-classe","7":"product_cat-protection-solaire-visage","9":"first","10":"instock","11":"shipping-taxable","12":"purchasable","13":"product-type-simple"},"_links":{"self":[{"href":"https:\/\/parashopnarimel.com\/ar\/wp-json\/wp\/v2\/product\/3925","targetHints":{"allow":["GET"]}}],"collection":[{"href":"https:\/\/parashopnarimel.com\/ar\/wp-json\/wp\/v2\/product"}],"about":[{"href":"https:\/\/parashopnarimel.com\/ar\/wp-json\/wp\/v2\/types\/product"}],"replies":[{"embeddable":true,"href":"https:\/\/parashopnarimel.com\/ar\/wp-json\/wp\/v2\/comments?post=3925"}],"version-history":[{"count":1,"href":"https:\/\/parashopnarimel.com\/ar\/wp-json\/wp\/v2\/product\/3925\/revisions"}],"predecessor-version":[{"id":4001,"href":"https:\/\/parashopnarimel.com\/ar\/wp-json\/wp\/v2\/product\/3925\/revisions\/4001"}],"wp:featuredmedia":[{"embeddable":true,"href":"https:\/\/parashopnarimel.com\/ar\/wp-json\/wp\/v2\/media\/4000"}],"wp:attachment":[{"href":"https:\/\/parashopnarimel.com\/ar\/wp-json\/wp\/v2\/media?parent=3925"}],"wp:term":[{"taxonomy":"product_brand","embeddable":true,"href":"https:\/\/parashopnarimel.com\/ar\/wp-json\/wp\/v2\/product_brand?post=3925"},{"taxonomy":"product_cat","embeddable":true,"href":"https:\/\/parashopnarimel.com\/ar\/wp-json\/wp\/v2\/product_cat?post=3925"},{"taxonomy":"product_tag","embeddable":true,"href":"https:\/\/parashopnarimel.com\/ar\/wp-json\/wp\/v2\/product_tag?post=3925"}],"curies":[{"name":"wp","href":"https:\/\/api.w.org\/{rel}","templated":true}]}}