{"id":4101,"date":"2024-12-29T07:18:17","date_gmt":"2024-12-29T07:18:17","guid":{"rendered":"https:\/\/parashopnarimel.com\/?post_type=product&#038;p=4101"},"modified":"2025-01-20T19:13:36","modified_gmt":"2025-01-20T19:13:36","slug":"huile-lavante-moussante-hydratante","status":"publish","type":"product","link":"https:\/\/parashopnarimel.com\/ar\/product\/huile-lavante-moussante-hydratante\/","title":{"rendered":"Huile Lavante Moussante Hydratante"},"content":{"rendered":"","protected":false},"excerpt":{"rendered":"<p>Nettoie en douceur, relipide et hydrate<br \/>\nD\u00e9velopp\u00e9e avec des dermatologues, l\u2019Huile Lavante Moussante Hydratante CeraVe nettoie en douceur, relipide et nourrit les peaux normales \u00e0 tr\u00e8s s\u00e8ches et les peaux \u00e0 tendance atopique.<\/p>","protected":false},"featured_media":4178,"comment_status":"open","ping_status":"closed","template":"","meta":[],"product_brand":[],"product_cat":[22,2912],"product_tag":[],"class_list":{"0":"post-4101","1":"product","2":"type-product","3":"status-publish","4":"has-post-thumbnail","6":"product_cat-nettoyant","7":"product_cat-nettoyant-corps","9":"first","10":"instock","11":"sale","12":"shipping-taxable","13":"purchasable","14":"product-type-simple"},"_links":{"self":[{"href":"https:\/\/parashopnarimel.com\/ar\/wp-json\/wp\/v2\/product\/4101","targetHints":{"allow":["GET"]}}],"collection":[{"href":"https:\/\/parashopnarimel.com\/ar\/wp-json\/wp\/v2\/product"}],"about":[{"href":"https:\/\/parashopnarimel.com\/ar\/wp-json\/wp\/v2\/types\/product"}],"replies":[{"embeddable":true,"href":"https:\/\/parashopnarimel.com\/ar\/wp-json\/wp\/v2\/comments?post=4101"}],"version-history":[{"count":2,"href":"https:\/\/parashopnarimel.com\/ar\/wp-json\/wp\/v2\/product\/4101\/revisions"}],"predecessor-version":[{"id":8220,"href":"https:\/\/parashopnarimel.com\/ar\/wp-json\/wp\/v2\/product\/4101\/revisions\/8220"}],"wp:featuredmedia":[{"embeddable":true,"href":"https:\/\/parashopnarimel.com\/ar\/wp-json\/wp\/v2\/media\/4178"}],"wp:attachment":[{"href":"https:\/\/parashopnarimel.com\/ar\/wp-json\/wp\/v2\/media?parent=4101"}],"wp:term":[{"taxonomy":"product_brand","embeddable":true,"href":"https:\/\/parashopnarimel.com\/ar\/wp-json\/wp\/v2\/product_brand?post=4101"},{"taxonomy":"product_cat","embeddable":true,"href":"https:\/\/parashopnarimel.com\/ar\/wp-json\/wp\/v2\/product_cat?post=4101"},{"taxonomy":"product_tag","embeddable":true,"href":"https:\/\/parashopnarimel.com\/ar\/wp-json\/wp\/v2\/product_tag?post=4101"}],"curies":[{"name":"wp","href":"https:\/\/api.w.org\/{rel}","templated":true}]}}