{"id":4103,"date":"2024-12-29T07:18:17","date_gmt":"2024-12-29T07:18:17","guid":{"rendered":"https:\/\/parashopnarimel.com\/?post_type=product&#038;p=4103"},"modified":"2025-01-20T19:12:39","modified_gmt":"2025-01-20T19:12:39","slug":"shampooing-traitant-sebo-correcteur-dercos","status":"publish","type":"product","link":"https:\/\/parashopnarimel.com\/ar\/product\/shampooing-traitant-sebo-correcteur-dercos\/","title":{"rendered":"Shampooing Traitant S\u00e9bo-Correcteur \u2013 Dercos \u2013"},"content":{"rendered":"","protected":false},"excerpt":{"rendered":"<p>R\u00e9duit l\u2019exc\u00e8s de s\u00e9bum sur le cuir chevelu. Les cheveux sont plus l\u00e9gers, moins gras et plus facile<\/p>","protected":false},"featured_media":4189,"comment_status":"open","ping_status":"closed","template":"","meta":[],"product_brand":[],"product_cat":[1361],"product_tag":[],"class_list":{"0":"post-4103","1":"product","2":"type-product","3":"status-publish","4":"has-post-thumbnail","6":"product_cat-shampoings-pellicules-anti-chute","8":"first","9":"instock","10":"shipping-taxable","11":"purchasable","12":"product-type-simple"},"_links":{"self":[{"href":"https:\/\/parashopnarimel.com\/ar\/wp-json\/wp\/v2\/product\/4103","targetHints":{"allow":["GET"]}}],"collection":[{"href":"https:\/\/parashopnarimel.com\/ar\/wp-json\/wp\/v2\/product"}],"about":[{"href":"https:\/\/parashopnarimel.com\/ar\/wp-json\/wp\/v2\/types\/product"}],"replies":[{"embeddable":true,"href":"https:\/\/parashopnarimel.com\/ar\/wp-json\/wp\/v2\/comments?post=4103"}],"version-history":[{"count":2,"href":"https:\/\/parashopnarimel.com\/ar\/wp-json\/wp\/v2\/product\/4103\/revisions"}],"predecessor-version":[{"id":11967,"href":"https:\/\/parashopnarimel.com\/ar\/wp-json\/wp\/v2\/product\/4103\/revisions\/11967"}],"wp:featuredmedia":[{"embeddable":true,"href":"https:\/\/parashopnarimel.com\/ar\/wp-json\/wp\/v2\/media\/4189"}],"wp:attachment":[{"href":"https:\/\/parashopnarimel.com\/ar\/wp-json\/wp\/v2\/media?parent=4103"}],"wp:term":[{"taxonomy":"product_brand","embeddable":true,"href":"https:\/\/parashopnarimel.com\/ar\/wp-json\/wp\/v2\/product_brand?post=4103"},{"taxonomy":"product_cat","embeddable":true,"href":"https:\/\/parashopnarimel.com\/ar\/wp-json\/wp\/v2\/product_cat?post=4103"},{"taxonomy":"product_tag","embeddable":true,"href":"https:\/\/parashopnarimel.com\/ar\/wp-json\/wp\/v2\/product_tag?post=4103"}],"curies":[{"name":"wp","href":"https:\/\/api.w.org\/{rel}","templated":true}]}}