{"id":4104,"date":"2024-12-29T07:18:17","date_gmt":"2024-12-29T07:18:17","guid":{"rendered":"https:\/\/parashopnarimel.com\/?post_type=product&#038;p=4104"},"modified":"2025-01-20T19:14:16","modified_gmt":"2025-01-20T19:14:16","slug":"masque-mineral-desalterant-vichy","status":"publish","type":"product","link":"https:\/\/parashopnarimel.com\/ar\/product\/masque-mineral-desalterant-vichy\/","title":{"rendered":"Masque Min\u00e9ral D\u00e9salt\u00e9rant \u2013  Vichy"},"content":{"rendered":"","protected":false},"excerpt":{"rendered":"<p>Premier masque hydratant min\u00e9ral de Vichy enrichi \u00e0 10% d\u2019eau volcanique de Vichy et de vitamine B3 .<\/p>","protected":false},"featured_media":4191,"comment_status":"open","ping_status":"closed","template":"","meta":[],"product_brand":[],"product_cat":[96,29,2910],"product_tag":[],"class_list":{"0":"post-4104","1":"product","2":"type-product","3":"status-publish","4":"has-post-thumbnail","6":"product_cat-non-classe","7":"product_cat-creme","8":"product_cat-masques","10":"first","11":"outofstock","12":"shipping-taxable","13":"purchasable","14":"product-type-simple"},"_links":{"self":[{"href":"https:\/\/parashopnarimel.com\/ar\/wp-json\/wp\/v2\/product\/4104","targetHints":{"allow":["GET"]}}],"collection":[{"href":"https:\/\/parashopnarimel.com\/ar\/wp-json\/wp\/v2\/product"}],"about":[{"href":"https:\/\/parashopnarimel.com\/ar\/wp-json\/wp\/v2\/types\/product"}],"replies":[{"embeddable":true,"href":"https:\/\/parashopnarimel.com\/ar\/wp-json\/wp\/v2\/comments?post=4104"}],"version-history":[{"count":2,"href":"https:\/\/parashopnarimel.com\/ar\/wp-json\/wp\/v2\/product\/4104\/revisions"}],"predecessor-version":[{"id":11961,"href":"https:\/\/parashopnarimel.com\/ar\/wp-json\/wp\/v2\/product\/4104\/revisions\/11961"}],"wp:featuredmedia":[{"embeddable":true,"href":"https:\/\/parashopnarimel.com\/ar\/wp-json\/wp\/v2\/media\/4191"}],"wp:attachment":[{"href":"https:\/\/parashopnarimel.com\/ar\/wp-json\/wp\/v2\/media?parent=4104"}],"wp:term":[{"taxonomy":"product_brand","embeddable":true,"href":"https:\/\/parashopnarimel.com\/ar\/wp-json\/wp\/v2\/product_brand?post=4104"},{"taxonomy":"product_cat","embeddable":true,"href":"https:\/\/parashopnarimel.com\/ar\/wp-json\/wp\/v2\/product_cat?post=4104"},{"taxonomy":"product_tag","embeddable":true,"href":"https:\/\/parashopnarimel.com\/ar\/wp-json\/wp\/v2\/product_tag?post=4104"}],"curies":[{"name":"wp","href":"https:\/\/api.w.org\/{rel}","templated":true}]}}