{"id":4141,"date":"2024-12-29T07:19:01","date_gmt":"2024-12-29T07:19:01","guid":{"rendered":"https:\/\/parashopnarimel.com\/?post_type=product&#038;p=4141"},"modified":"2025-05-26T12:38:31","modified_gmt":"2025-05-26T12:38:31","slug":"vichy-homme-deodorant-anti-transpirant-anti-irritations-peaux-sensibles-48h-bille","status":"publish","type":"product","link":"https:\/\/parashopnarimel.com\/ar\/product\/vichy-homme-deodorant-anti-transpirant-anti-irritations-peaux-sensibles-48h-bille\/","title":{"rendered":"Vichy Homme D\u00e9odorant Anti-Transpirant Anti-Irritations Peaux Sensibles 48H Bille"},"content":{"rendered":"","protected":false},"excerpt":{"rendered":"<p>La formule de ce deodorant anti transpirant bille pour homme :<br \/>\n\u2013 Offre une efficacit\u00e9 72h gr\u00e2ce \u00e0 la formule enrichie en actifs antitranspirants et min\u00e9raux ultra-absorbants. Cette association permet de r\u00e9guler la transpiration et l\u2019humidit\u00e9<br \/>\n\u2013 Offre une texture non collante, non irritante<br \/>\n\u2013 Est hypoallerg\u00e9nique, sans alcool pour une tol\u00e9rance optimale<\/p>","protected":false},"featured_media":4216,"comment_status":"open","ping_status":"closed","template":"","meta":[],"product_brand":[],"product_cat":[2917],"product_tag":[],"class_list":{"0":"post-4141","1":"product","2":"type-product","3":"status-publish","4":"has-post-thumbnail","6":"product_cat-deodorant-et-stick","8":"first","9":"instock","10":"shipping-taxable","11":"purchasable","12":"product-type-simple"},"_links":{"self":[{"href":"https:\/\/parashopnarimel.com\/ar\/wp-json\/wp\/v2\/product\/4141","targetHints":{"allow":["GET"]}}],"collection":[{"href":"https:\/\/parashopnarimel.com\/ar\/wp-json\/wp\/v2\/product"}],"about":[{"href":"https:\/\/parashopnarimel.com\/ar\/wp-json\/wp\/v2\/types\/product"}],"replies":[{"embeddable":true,"href":"https:\/\/parashopnarimel.com\/ar\/wp-json\/wp\/v2\/comments?post=4141"}],"version-history":[{"count":2,"href":"https:\/\/parashopnarimel.com\/ar\/wp-json\/wp\/v2\/product\/4141\/revisions"}],"predecessor-version":[{"id":11949,"href":"https:\/\/parashopnarimel.com\/ar\/wp-json\/wp\/v2\/product\/4141\/revisions\/11949"}],"wp:featuredmedia":[{"embeddable":true,"href":"https:\/\/parashopnarimel.com\/ar\/wp-json\/wp\/v2\/media\/4216"}],"wp:attachment":[{"href":"https:\/\/parashopnarimel.com\/ar\/wp-json\/wp\/v2\/media?parent=4141"}],"wp:term":[{"taxonomy":"product_brand","embeddable":true,"href":"https:\/\/parashopnarimel.com\/ar\/wp-json\/wp\/v2\/product_brand?post=4141"},{"taxonomy":"product_cat","embeddable":true,"href":"https:\/\/parashopnarimel.com\/ar\/wp-json\/wp\/v2\/product_cat?post=4141"},{"taxonomy":"product_tag","embeddable":true,"href":"https:\/\/parashopnarimel.com\/ar\/wp-json\/wp\/v2\/product_tag?post=4141"}],"curies":[{"name":"wp","href":"https:\/\/api.w.org\/{rel}","templated":true}]}}