{"id":4167,"date":"2024-12-29T07:19:24","date_gmt":"2024-12-29T07:19:24","guid":{"rendered":"https:\/\/parashopnarimel.com\/?post_type=product&#038;p=4167"},"modified":"2025-01-20T19:03:41","modified_gmt":"2025-01-20T19:03:41","slug":"luxeol-shampooing-doux-200ml","status":"publish","type":"product","link":"https:\/\/parashopnarimel.com\/ar\/product\/luxeol-shampooing-doux-200ml\/","title":{"rendered":"Luxeol  Shampooing  Doux 200Ml"},"content":{"rendered":"","protected":false},"excerpt":{"rendered":"<p>Lux\u00e9ol Shampooing Doux 200ml est un shampooing qui poss\u00e8de de nombreux actifs, ils agissent sur la douceur du cheveu. Sa formule est \u00e9labor\u00e9e \u00e0 base d\u2019huile d\u2019amande douce, pour un lavage en douceur, qui respecte le cheveu, et le nourri en profondeur, les cheveux sont doux, souples et facile \u00e0 coiffer.<\/p>","protected":false},"featured_media":4254,"comment_status":"open","ping_status":"closed","template":"","meta":[],"product_brand":[],"product_cat":[1361],"product_tag":[],"class_list":{"0":"post-4167","1":"product","2":"type-product","3":"status-publish","4":"has-post-thumbnail","6":"product_cat-shampoings-pellicules-anti-chute","8":"first","9":"instock","10":"shipping-taxable","11":"purchasable","12":"product-type-simple"},"_links":{"self":[{"href":"https:\/\/parashopnarimel.com\/ar\/wp-json\/wp\/v2\/product\/4167","targetHints":{"allow":["GET"]}}],"collection":[{"href":"https:\/\/parashopnarimel.com\/ar\/wp-json\/wp\/v2\/product"}],"about":[{"href":"https:\/\/parashopnarimel.com\/ar\/wp-json\/wp\/v2\/types\/product"}],"replies":[{"embeddable":true,"href":"https:\/\/parashopnarimel.com\/ar\/wp-json\/wp\/v2\/comments?post=4167"}],"version-history":[{"count":2,"href":"https:\/\/parashopnarimel.com\/ar\/wp-json\/wp\/v2\/product\/4167\/revisions"}],"predecessor-version":[{"id":8256,"href":"https:\/\/parashopnarimel.com\/ar\/wp-json\/wp\/v2\/product\/4167\/revisions\/8256"}],"wp:featuredmedia":[{"embeddable":true,"href":"https:\/\/parashopnarimel.com\/ar\/wp-json\/wp\/v2\/media\/4254"}],"wp:attachment":[{"href":"https:\/\/parashopnarimel.com\/ar\/wp-json\/wp\/v2\/media?parent=4167"}],"wp:term":[{"taxonomy":"product_brand","embeddable":true,"href":"https:\/\/parashopnarimel.com\/ar\/wp-json\/wp\/v2\/product_brand?post=4167"},{"taxonomy":"product_cat","embeddable":true,"href":"https:\/\/parashopnarimel.com\/ar\/wp-json\/wp\/v2\/product_cat?post=4167"},{"taxonomy":"product_tag","embeddable":true,"href":"https:\/\/parashopnarimel.com\/ar\/wp-json\/wp\/v2\/product_tag?post=4167"}],"curies":[{"name":"wp","href":"https:\/\/api.w.org\/{rel}","templated":true}]}}